{"id":18548,"date":"2025-08-04T14:36:53","date_gmt":"2025-08-04T14:36:53","guid":{"rendered":"https:\/\/hypothequerapide.com\/traitement-des-plaintes"},"modified":"2025-08-04T14:56:25","modified_gmt":"2025-08-04T14:56:25","slug":"traitement-des-plaintes","status":"publish","type":"page","link":"https:\/\/hypothequerapide.com\/en\/complaints-processing","title":{"rendered":"Complaints Processing"},"content":{"rendered":"\t\t<div data-elementor-type=\"wp-page\" data-elementor-id=\"18548\" class=\"elementor elementor-18548 elementor-18530\" data-elementor-post-type=\"page\">\n\t\t\t\t<div class=\"elementor-element elementor-element-a773101 e-flex e-con-boxed e-con e-parent\" data-id=\"a773101\" data-element_type=\"container\" data-settings=\"{&quot;background_background&quot;:&quot;classic&quot;}\">\n\t\t\t\t\t<div class=\"e-con-inner\">\n\t\t\t\t<div class=\"elementor-element elementor-element-4bb2baa elementor-widget elementor-widget-heading\" data-id=\"4bb2baa\" data-element_type=\"widget\" data-widget_type=\"heading.default\">\n\t\t\t\t<div class=\"elementor-widget-container\">\n\t\t\t\t\t<h2 class=\"elementor-heading-title elementor-size-default\">Complaints Processing<\/h2>\t\t\t\t<\/div>\n\t\t\t\t<\/div>\n\t\t\t\t\t<\/div>\n\t\t\t\t<\/div>\n\t\t<div class=\"elementor-element elementor-element-a4315a4 e-flex e-con-boxed e-con e-parent\" data-id=\"a4315a4\" data-element_type=\"container\" data-settings=\"{&quot;background_background&quot;:&quot;classic&quot;}\">\n\t\t\t\t\t<div class=\"e-con-inner\">\n\t\t<div class=\"elementor-element elementor-element-1bfb88c e-con-full e-flex e-con e-child\" data-id=\"1bfb88c\" data-element_type=\"container\">\n\t\t\t\t<div class=\"elementor-element elementor-element-8a8083a elementor-widget__width-initial elementor-widget elementor-widget-text-editor\" data-id=\"8a8083a\" data-element_type=\"widget\" data-widget_type=\"text-editor.default\">\n\t\t\t\t<div class=\"elementor-widget-container\">\n\t\t\t\t\t\t\t\t\t<p><strong>Complaint Handling<\/strong><\/p><p>This policy aims to frame the process for handling complaints from clients, brokers, or the public in general. Every complaint is promptly addressed by the designated person according to the modalities set out in article 103 and following of the LDPSF.<\/p><p><strong>Definition of a complaint<\/strong><\/p><ul class=\"wp-block-list\"><li>Any complaint directed to the firm can be submitted for various reasons:<br \/><ul class=\"wp-block-list\"><li>A grievance against the firm or one of its mortgages brokers;<\/li><li>The reporting of a potential or actual harm suffered or likely to be suffered by a consumer;<\/li><li>An attempt at fraud in any form.<\/li><\/ul><\/li><li>The complaint may be accompanied by a request for corrective action.<\/li><li>The complaint can be submitted by a client, a lender, or through the AMF whistleblower program, or by a broker.<\/li><\/ul><p><strong>Content of a complaint file<\/strong><\/p><p>A complaint file contains the following information:<\/p><ul class=\"wp-block-list\"><li>Complaint receipt number and date<\/li><li>Contact details of the complainant(s) and the broker(s) concerned<\/li><li>Means used to submit the complaint (email, letter, website, phone, etc.)<\/li><li>Documents from the complainant or a file completed by the responsible person in the case of a received phone call<\/li><li>A brief description of the actions taken to address the complaint, including the timeline for the first contact<\/li><li>Indication if the file had to be forwarded to the Authority<\/li><li>All documents received or sent to the client<\/li><li>Final written response to the complaint, including justification and the date of file closure<\/li><\/ul><p>The firm is required to maintain an up-to-date register of complaints.<\/p><p>The complainant(s) must submit their complaint according to the following procedure:<\/p><ul class=\"wp-block-list\"><li>Write a text explaining the subject of the complaint, the broker(s) and\/or lender involved, the reasons for the complaint with the consequences, and your contact details.<\/li><li>Send the complaint by email to\u00a0<a href=\"mailto:sac@multi-prets.ca?subject=Service%20%c3%a0%20la%20client%c3%a8le\">sac@multi-prets.ca<\/a>\u00a0or by mail to 525 Viger West, Suite 502, Montreal, Quebec, H2Z 0B2, to the attention of Lyne Deslippe.<\/li><li>The complainant will be contacted by the firm within a maximum of 10 days.<\/li><li>If the complainant is dissatisfied with the handling of their complaint or the outcome, they may request that the firm have their file reviewed by the Autorit\u00e9 des March\u00e9s Financiers in accordance with Article 103.3 of the LDPSF.<\/li><li>The Authority will review the file and may suggest conciliation or mediation as provided for in Article 103.4 of the LDPSF.<\/li><\/ul>\t\t\t\t\t\t\t\t<\/div>\n\t\t\t\t<\/div>\n\t\t\t\t<\/div>\n\t\t\t\t\t<\/div>\n\t\t\t\t<\/div>\n\t\t\t\t<\/div>\n\t\t","protected":false},"excerpt":{"rendered":"<p>Complaints Processing Complaint Handling This policy aims to frame the process for handling complaints from clients, brokers, or the public in general. Every complaint is promptly addressed by the designated person according to the modalities set out in article 103 and following of the LDPSF. Definition of a complaint Any complaint directed to the firm [&hellip;]<\/p>\n","protected":false},"author":1,"featured_media":0,"parent":0,"menu_order":0,"comment_status":"closed","ping_status":"closed","template":"elementor_header_footer","meta":{"_acf_changed":false,"inline_featured_image":false,"footnotes":""},"class_list":["post-18548","page","type-page","status-publish","hentry","no-post-thumbnail"],"acf":[],"yoast_head":"<!-- This site is optimized with the Yoast SEO plugin v26.6 - https:\/\/yoast.com\/wordpress\/plugins\/seo\/ -->\n<title>Multi-Pr\u00eats MR | \u00c9quipe Mathieu Lebrun | Complaints Processing<\/title>\n<meta name=\"description\" content=\"The mortgage brokerage firm Multi-Pr\u00eats Hypoth\u00e8ques and its mortgage brokers are committed to providing high-quality service to clients.\" \/>\n<meta name=\"robots\" content=\"index, follow, max-snippet:-1, max-image-preview:large, max-video-preview:-1\" \/>\n<link rel=\"canonical\" href=\"https:\/\/hypothequerapide.com\/en\/complaints-processing\" \/>\n<meta property=\"og:locale\" content=\"en_US\" \/>\n<meta property=\"og:type\" content=\"article\" \/>\n<meta property=\"og:title\" content=\"Multi-Pr\u00eats MR | \u00c9quipe Mathieu Lebrun | Complaints Processing\" \/>\n<meta property=\"og:description\" content=\"The mortgage brokerage firm Multi-Pr\u00eats Hypoth\u00e8ques and its mortgage brokers are committed to providing high-quality service to clients.\" \/>\n<meta property=\"og:url\" content=\"https:\/\/hypothequerapide.com\/en\/complaints-processing\" \/>\n<meta property=\"og:site_name\" content=\"Multi-Pr\u00eats MR Mathieu Lebrun&#039;s Team\" \/>\n<meta property=\"article:modified_time\" content=\"2025-08-04T14:56:25+00:00\" \/>\n<meta name=\"twitter:card\" content=\"summary_large_image\" \/>\n<meta name=\"twitter:label1\" content=\"Est. reading time\" \/>\n\t<meta name=\"twitter:data1\" content=\"2 minutes\" \/>\n<script type=\"application\/ld+json\" class=\"yoast-schema-graph\">{\"@context\":\"https:\/\/schema.org\",\"@graph\":[{\"@type\":\"WebPage\",\"@id\":\"https:\/\/hypothequerapide.com\/en\/complaints-processing\",\"url\":\"https:\/\/hypothequerapide.com\/en\/complaints-processing\",\"name\":\"Multi-Pr\u00eats MR | \u00c9quipe Mathieu Lebrun | Complaints Processing\",\"isPartOf\":{\"@id\":\"\/#website\"},\"datePublished\":\"2025-08-04T14:36:53+00:00\",\"dateModified\":\"2025-08-04T14:56:25+00:00\",\"description\":\"The mortgage brokerage firm Multi-Pr\u00eats Hypoth\u00e8ques and its mortgage brokers are committed to providing high-quality service to clients.\",\"breadcrumb\":{\"@id\":\"https:\/\/hypothequerapide.com\/en\/complaints-processing#breadcrumb\"},\"inLanguage\":\"en-US\",\"potentialAction\":[{\"@type\":\"ReadAction\",\"target\":[\"https:\/\/hypothequerapide.com\/en\/complaints-processing\"]}]},{\"@type\":\"BreadcrumbList\",\"@id\":\"https:\/\/hypothequerapide.com\/en\/complaints-processing#breadcrumb\",\"itemListElement\":[{\"@type\":\"ListItem\",\"position\":1,\"name\":\"Accueil\",\"item\":\"https:\/\/hypothequerapide.com\/en\"},{\"@type\":\"ListItem\",\"position\":2,\"name\":\"Complaints Processing\"}]},{\"@type\":\"WebSite\",\"@id\":\"\/#website\",\"url\":\"\/\",\"name\":\"Multi-Pr\u00eats MR Mathieu Lebrun's Team\",\"description\":\"\",\"publisher\":{\"@id\":\"\/#organization\"},\"potentialAction\":[{\"@type\":\"SearchAction\",\"target\":{\"@type\":\"EntryPoint\",\"urlTemplate\":\"\/?s={search_term_string}\"},\"query-input\":{\"@type\":\"PropertyValueSpecification\",\"valueRequired\":true,\"valueName\":\"search_term_string\"}}],\"inLanguage\":\"en-US\"},{\"@type\":\"Organization\",\"@id\":\"\/#organization\",\"name\":\"Multi-Pr\u00eats MR Mathieu Lebrun's Team\",\"url\":\"\/\",\"logo\":{\"@type\":\"ImageObject\",\"inLanguage\":\"en-US\",\"@id\":\"\/#\/schema\/logo\/image\/\",\"url\":\"https:\/\/hypothequerapide.com\/wp-content\/uploads\/2024\/04\/27765.png\",\"contentUrl\":\"https:\/\/hypothequerapide.com\/wp-content\/uploads\/2024\/04\/27765.png\",\"width\":160,\"height\":84,\"caption\":\"Multi-Pr\u00eats MR Mathieu Lebrun's Team\"},\"image\":{\"@id\":\"\/#\/schema\/logo\/image\/\"}}]}<\/script>\n<!-- \/ Yoast SEO plugin. -->","yoast_head_json":{"title":"Multi-Pr\u00eats MR | \u00c9quipe Mathieu Lebrun | Complaints Processing","description":"The mortgage brokerage firm Multi-Pr\u00eats Hypoth\u00e8ques and its mortgage brokers are committed to providing high-quality service to clients.","robots":{"index":"index","follow":"follow","max-snippet":"max-snippet:-1","max-image-preview":"max-image-preview:large","max-video-preview":"max-video-preview:-1"},"canonical":"https:\/\/hypothequerapide.com\/en\/complaints-processing","og_locale":"en_US","og_type":"article","og_title":"Multi-Pr\u00eats MR | \u00c9quipe Mathieu Lebrun | Complaints Processing","og_description":"The mortgage brokerage firm Multi-Pr\u00eats Hypoth\u00e8ques and its mortgage brokers are committed to providing high-quality service to clients.","og_url":"https:\/\/hypothequerapide.com\/en\/complaints-processing","og_site_name":"Multi-Pr\u00eats MR Mathieu Lebrun's Team","article_modified_time":"2025-08-04T14:56:25+00:00","twitter_card":"summary_large_image","twitter_misc":{"Est. reading time":"2 minutes"},"schema":{"@context":"https:\/\/schema.org","@graph":[{"@type":"WebPage","@id":"https:\/\/hypothequerapide.com\/en\/complaints-processing","url":"https:\/\/hypothequerapide.com\/en\/complaints-processing","name":"Multi-Pr\u00eats MR | \u00c9quipe Mathieu Lebrun | Complaints Processing","isPartOf":{"@id":"\/#website"},"datePublished":"2025-08-04T14:36:53+00:00","dateModified":"2025-08-04T14:56:25+00:00","description":"The mortgage brokerage firm Multi-Pr\u00eats Hypoth\u00e8ques and its mortgage brokers are committed to providing high-quality service to clients.","breadcrumb":{"@id":"https:\/\/hypothequerapide.com\/en\/complaints-processing#breadcrumb"},"inLanguage":"en-US","potentialAction":[{"@type":"ReadAction","target":["https:\/\/hypothequerapide.com\/en\/complaints-processing"]}]},{"@type":"BreadcrumbList","@id":"https:\/\/hypothequerapide.com\/en\/complaints-processing#breadcrumb","itemListElement":[{"@type":"ListItem","position":1,"name":"Accueil","item":"https:\/\/hypothequerapide.com\/en"},{"@type":"ListItem","position":2,"name":"Complaints Processing"}]},{"@type":"WebSite","@id":"\/#website","url":"\/","name":"Multi-Pr\u00eats MR Mathieu Lebrun's Team","description":"","publisher":{"@id":"\/#organization"},"potentialAction":[{"@type":"SearchAction","target":{"@type":"EntryPoint","urlTemplate":"\/?s={search_term_string}"},"query-input":{"@type":"PropertyValueSpecification","valueRequired":true,"valueName":"search_term_string"}}],"inLanguage":"en-US"},{"@type":"Organization","@id":"\/#organization","name":"Multi-Pr\u00eats MR Mathieu Lebrun's Team","url":"\/","logo":{"@type":"ImageObject","inLanguage":"en-US","@id":"\/#\/schema\/logo\/image\/","url":"https:\/\/hypothequerapide.com\/wp-content\/uploads\/2024\/04\/27765.png","contentUrl":"https:\/\/hypothequerapide.com\/wp-content\/uploads\/2024\/04\/27765.png","width":160,"height":84,"caption":"Multi-Pr\u00eats MR Mathieu Lebrun's Team"},"image":{"@id":"\/#\/schema\/logo\/image\/"}}]}},"_links":{"self":[{"href":"https:\/\/hypothequerapide.com\/en\/wp-json\/wp\/v2\/pages\/18548","targetHints":{"allow":["GET"]}}],"collection":[{"href":"https:\/\/hypothequerapide.com\/en\/wp-json\/wp\/v2\/pages"}],"about":[{"href":"https:\/\/hypothequerapide.com\/en\/wp-json\/wp\/v2\/types\/page"}],"author":[{"embeddable":true,"href":"https:\/\/hypothequerapide.com\/en\/wp-json\/wp\/v2\/users\/1"}],"replies":[{"embeddable":true,"href":"https:\/\/hypothequerapide.com\/en\/wp-json\/wp\/v2\/comments?post=18548"}],"version-history":[{"count":4,"href":"https:\/\/hypothequerapide.com\/en\/wp-json\/wp\/v2\/pages\/18548\/revisions"}],"predecessor-version":[{"id":18552,"href":"https:\/\/hypothequerapide.com\/en\/wp-json\/wp\/v2\/pages\/18548\/revisions\/18552"}],"wp:attachment":[{"href":"https:\/\/hypothequerapide.com\/en\/wp-json\/wp\/v2\/media?parent=18548"}],"curies":[{"name":"wp","href":"https:\/\/api.w.org\/{rel}","templated":true}]}}