{"id":11305,"date":"2024-05-07T17:03:23","date_gmt":"2024-05-07T17:03:23","guid":{"rendered":"https:\/\/hypothequerapide.com\/?page_id=11305"},"modified":"2025-08-04T18:16:20","modified_gmt":"2025-08-04T18:16:20","slug":"achat","status":"publish","type":"page","link":"https:\/\/hypothequerapide.com\/fr\/services\/achat","title":{"rendered":"Achat"},"content":{"rendered":"\t\t<div data-elementor-type=\"wp-page\" data-elementor-id=\"11305\" class=\"elementor elementor-11305\" data-elementor-post-type=\"page\">\n\t\t\t\t\t\t<section class=\"elementor-section elementor-top-section elementor-element elementor-element-2c2f7d6 elementor-section-boxed elementor-section-height-default elementor-section-height-default\" data-id=\"2c2f7d6\" data-element_type=\"section\" data-settings=\"{&quot;background_background&quot;:&quot;classic&quot;}\">\n\t\t\t\t\t\t<div class=\"elementor-container elementor-column-gap-no\">\n\t\t\t\t\t<div class=\"elementor-column elementor-col-50 elementor-top-column elementor-element elementor-element-af43617\" data-id=\"af43617\" data-element_type=\"column\" data-settings=\"{&quot;background_background&quot;:&quot;classic&quot;}\">\n\t\t\t<div class=\"elementor-widget-wrap elementor-element-populated\">\n\t\t\t\t\t\t<div class=\"elementor-element elementor-element-b783226 elementor-widget__width-initial elementor-widget elementor-widget-heading\" data-id=\"b783226\" data-element_type=\"widget\" data-widget_type=\"heading.default\">\n\t\t\t\t<div class=\"elementor-widget-container\">\n\t\t\t\t\t<h2 class=\"elementor-heading-title elementor-size-default\">Achat<\/h2>\t\t\t\t<\/div>\n\t\t\t\t<\/div>\n\t\t\t\t<div class=\"elementor-element elementor-element-7b1342c elementor-widget__width-initial elementor-widget elementor-widget-text-editor\" data-id=\"7b1342c\" data-element_type=\"widget\" data-widget_type=\"text-editor.default\">\n\t\t\t\t<div class=\"elementor-widget-container\">\n\t\t\t\t\t\t\t\t\t<p>Vous \u00eates au bon endroit! En une seule demande, l\u2019\u00e9quipe Mathieu Lebrun n\u00e9gocie pour vous le meilleur taux possible pour l&#8217;achat de votre maison, et ce, aupr\u00e8s de plus de 30 institutions financi\u00e8res.<\/p>\t\t\t\t\t\t\t\t<\/div>\n\t\t\t\t<\/div>\n\t\t<div class=\"elementor-element elementor-element-b46762f e-con-full e-flex e-con e-parent\" data-id=\"b46762f\" data-element_type=\"container\" data-settings=\"{&quot;background_background&quot;:&quot;classic&quot;}\">\n\t\t<div class=\"elementor-element elementor-element-e0fc2fd e-flex e-con-boxed e-con e-child\" data-id=\"e0fc2fd\" data-element_type=\"container\" data-settings=\"{&quot;background_background&quot;:&quot;classic&quot;}\">\n\t\t\t\t\t<div class=\"e-con-inner\">\n\t\t\t\t<div class=\"elementor-element elementor-element-aaaeac2 elementor-widget elementor-widget-text-editor\" data-id=\"aaaeac2\" data-element_type=\"widget\" data-widget_type=\"text-editor.default\">\n\t\t\t\t<div class=\"elementor-widget-container\">\n\t\t\t\t\t\t\t\t\t<p>Obtenez le meilleur taux pour l&#8217;achat de votre maison<\/p>\t\t\t\t\t\t\t\t<\/div>\n\t\t\t\t<\/div>\n\t\t\t\t\t<\/div>\n\t\t\t\t<\/div>\n\t\t<div class=\"elementor-element elementor-element-ed5c6f8 e-flex e-con-boxed e-con e-child\" data-id=\"ed5c6f8\" data-element_type=\"container\" data-settings=\"{&quot;background_background&quot;:&quot;classic&quot;}\">\n\t\t\t\t\t<div class=\"e-con-inner\">\n\t\t\t\t<div class=\"elementor-element elementor-element-d67d915 elementor-widget elementor-widget-html\" data-id=\"d67d915\" data-element_type=\"widget\" data-widget_type=\"html.default\">\n\t\t\t\t<div class=\"elementor-widget-container\">\n\t\t\t\t\t<input type=\"checkbox\" id=\"toggle\" class=\"toggleCheckbox\" \/>\n<label for=\"toggle\" class=\"toggleContainer\">\n <div>Taux fixe<\/div> \n <div>Taux variable<\/div>\n<\/label>\t\t\t\t<\/div>\n\t\t\t\t<\/div>\n\t\t\t\t\t<\/div>\n\t\t\t\t<\/div>\n\t\t<div class=\"elementor-element elementor-element-d0c4aa3 e-flex e-con-boxed e-con e-child\" data-id=\"d0c4aa3\" data-element_type=\"container\" data-settings=\"{&quot;background_background&quot;:&quot;classic&quot;}\">\n\t\t\t\t\t<div class=\"e-con-inner\">\n\t\t<div class=\"elementor-element elementor-element-31388ca e-con-full e-flex e-con e-child\" data-id=\"31388ca\" data-element_type=\"container\">\n\t\t\t\t<div class=\"elementor-element elementor-element-7fcb9a9 elementor-widget elementor-widget-text-editor\" data-id=\"7fcb9a9\" data-element_type=\"widget\" data-widget_type=\"text-editor.default\">\n\t\t\t\t<div class=\"elementor-widget-container\">\n\t\t\t\t\t\t\t\t\t<p>Appelez un de nos courtiers hypoth\u00e9caires d\u00e8s maintenant<\/p>\t\t\t\t\t\t\t\t<\/div>\n\t\t\t\t<\/div>\n\t\t\t\t<div class=\"elementor-element elementor-element-34c8d6f elementor-align-left bannerbutton elementor-widget elementor-widget-banca_btn\" data-id=\"34c8d6f\" data-element_type=\"widget\" data-widget_type=\"banca_btn.default\">\n\t\t\t\t<div class=\"elementor-widget-container\">\n\t\t\t\t\t            <a class=\"banca-ub-btn banca-ub-btn-normal banca-ub-btn-link elementor-button elementor-button-link elementor-size-lg ub-animation-left2right\" href=\"tel:514-907-4707\">\n                \n        <span class=\"elementor-button-content-wrapper\">\n            <span class=\"elementor-button-icon elementor-align-icon-left\">\n                            <\/span>\n            <span class=\"elementor-button-text\">\n                514-907-4707            <\/span>\n\t\t<\/span>\n                    <\/a>\n            \t\t\t\t<\/div>\n\t\t\t\t<\/div>\n\t\t\t\t<\/div>\n\t\t<div class=\"elementor-element elementor-element-4f52501 e-con-full e-flex e-con e-child\" data-id=\"4f52501\" data-element_type=\"container\">\n\t\t<div class=\"elementor-element elementor-element-f45ac9d e-flex e-con-boxed e-con e-child\" data-id=\"f45ac9d\" data-element_type=\"container\" data-settings=\"{&quot;background_background&quot;:&quot;classic&quot;}\">\n\t\t\t\t\t<div class=\"e-con-inner\">\n\t\t\t\t<div class=\"elementor-element elementor-element-15538e1 elementor-widget elementor-widget-heading\" data-id=\"15538e1\" data-element_type=\"widget\" id=\"tauxfixe\" data-widget_type=\"heading.default\">\n\t\t\t\t<div class=\"elementor-widget-container\">\n\t\t\t\t\t<h2 class=\"elementor-heading-title elementor-size-default\">5 ans fixe* <span class=\"underline\" id=\"taux3\"><\/span><\/h2>\t\t\t\t<\/div>\n\t\t\t\t<\/div>\n\t\t\t\t<div class=\"elementor-element elementor-element-0f107d7 elementor-widget elementor-widget-heading\" data-id=\"0f107d7\" data-element_type=\"widget\" id=\"tauxvariable\" data-widget_type=\"heading.default\">\n\t\t\t\t<div class=\"elementor-widget-container\">\n\t\t\t\t\t<h2 class=\"elementor-heading-title elementor-size-default\">5 ans variable* <span class=\"underline\" id=\"taux4\"><\/span> <\/h2>\t\t\t\t<\/div>\n\t\t\t\t<\/div>\n\t\t\t\t<div class=\"elementor-element elementor-element-eec9e2a elementor-align-left elementor-widget__width-inherit bannerbutton elementor-widget elementor-widget-banca_btn\" data-id=\"eec9e2a\" data-element_type=\"widget\" data-widget_type=\"banca_btn.default\">\n\t\t\t\t<div class=\"elementor-widget-container\">\n\t\t\t\t\t            <a class=\"banca-ub-btn banca-ub-btn-normal banca-ub-btn-link elementor-button elementor-button-link elementor-size-lg ub-animation-left2right\" href=\"#cta\">\n                \n        <span class=\"elementor-button-content-wrapper\">\n            <span class=\"elementor-button-icon elementor-align-icon-left\">\n                            <\/span>\n            <span class=\"elementor-button-text\">\n                Obtenir ce taux            <\/span>\n\t\t<\/span>\n                    <\/a>\n            \t\t\t\t<\/div>\n\t\t\t\t<\/div>\n\t\t\t\t\t<\/div>\n\t\t\t\t<\/div>\n\t\t\t\t<\/div>\n\t\t\t\t\t<\/div>\n\t\t\t\t<\/div>\n\t\t<div class=\"elementor-element elementor-element-444aff4 e-flex e-con-boxed e-con e-child\" data-id=\"444aff4\" data-element_type=\"container\" data-settings=\"{&quot;background_background&quot;:&quot;classic&quot;}\">\n\t\t\t\t\t<div class=\"e-con-inner\">\n\t\t\t\t<div class=\"elementor-element elementor-element-6f2f3e6 elementor-widget elementor-widget-text-editor\" data-id=\"6f2f3e6\" data-element_type=\"widget\" data-widget_type=\"text-editor.default\">\n\t\t\t\t<div class=\"elementor-widget-container\">\n\t\t\t\t\t\t\t\t\t<a href=\"https:\/\/hypothequerapide.com\/les-taux\"><span style=\"text-decoration: underline;\">Consulter tous les taux en date du 19\/04\/26<\/span><\/a>\t\t\t\t\t\t\t\t<\/div>\n\t\t\t\t<\/div>\n\t\t\t\t\t<\/div>\n\t\t\t\t<\/div>\n\t\t\t\t<\/div>\n\t\t\t\t<div class=\"elementor-element elementor-element-65d7fd7 elementor-widget__width-initial elementor-widget elementor-widget-text-editor\" data-id=\"65d7fd7\" data-element_type=\"widget\" data-widget_type=\"text-editor.default\">\n\t\t\t\t<div class=\"elementor-widget-container\">\n\t\t\t\t\t\t\t\t\t<span style=\"font-size: 10px;\">*Des conditions s\u2019appliquent. Taux en vigueur aujourd\u2019hui.<\/span>\t\t\t\t\t\t\t\t<\/div>\n\t\t\t\t<\/div>\n\t\t\t\t\t<\/div>\n\t\t<\/div>\n\t\t\t\t<div class=\"elementor-column elementor-col-50 elementor-top-column elementor-element elementor-element-045e115 elementor-hidden-tablet elementor-hidden-mobile\" data-id=\"045e115\" data-element_type=\"column\" data-settings=\"{&quot;background_background&quot;:&quot;classic&quot;}\">\n\t\t\t<div class=\"elementor-widget-wrap\">\n\t\t\t\t\t\t\t<\/div>\n\t\t<\/div>\n\t\t\t\t\t<\/div>\n\t\t<\/section>\n\t\t<div class=\"elementor-element elementor-element-651a1e2 e-flex e-con-boxed e-con e-parent\" data-id=\"651a1e2\" data-element_type=\"container\" data-settings=\"{&quot;background_background&quot;:&quot;classic&quot;}\">\n\t\t\t\t\t<div class=\"e-con-inner\">\n\t\t\t\t<div class=\"elementor-element elementor-element-f8975ed elementor-widget elementor-widget-heading\" data-id=\"f8975ed\" data-element_type=\"widget\" data-widget_type=\"heading.default\">\n\t\t\t\t<div class=\"elementor-widget-container\">\n\t\t\t\t\t<h1 class=\"elementor-heading-title elementor-size-default\">Le <span class=\"underline\">Processus de pr\u00eat<\/span> pour votre achat de maison<\/h1>\t\t\t\t<\/div>\n\t\t\t\t<\/div>\n\t\t\t\t<div class=\"elementor-element elementor-element-e5c339f elementor-widget elementor-widget-heading\" data-id=\"e5c339f\" data-element_type=\"widget\" data-widget_type=\"heading.default\">\n\t\t\t\t<div class=\"elementor-widget-container\">\n\t\t\t\t\t<h2 class=\"elementor-heading-title elementor-size-default\">D\u00e9couvrez les <span class=\"underline\">4 \u00e9tapes<\/span> simples et faciles :<\/h2>\t\t\t\t<\/div>\n\t\t\t\t<\/div>\n\t\t\t\t\t<\/div>\n\t\t\t\t<\/div>\n\t\t<div class=\"elementor-element elementor-element-667bdaf e-flex e-con-boxed e-con e-parent\" data-id=\"667bdaf\" data-element_type=\"container\" data-settings=\"{&quot;background_background&quot;:&quot;classic&quot;}\">\n\t\t\t\t\t<div class=\"e-con-inner\">\n\t\t<div class=\"elementor-element elementor-element-d7955c9 e-con-full e-flex e-con e-child\" data-id=\"d7955c9\" data-element_type=\"container\" data-settings=\"{&quot;background_background&quot;:&quot;classic&quot;}\">\n\t\t\t\t<div class=\"elementor-element elementor-element-0e24fad elementor-widget elementor-widget-heading\" data-id=\"0e24fad\" data-element_type=\"widget\" data-widget_type=\"heading.default\">\n\t\t\t\t<div class=\"elementor-widget-container\">\n\t\t\t\t\t<h2 class=\"elementor-heading-title elementor-size-default\">\u00c9tape 1<\/h2>\t\t\t\t<\/div>\n\t\t\t\t<\/div>\n\t\t\t\t<div class=\"elementor-element elementor-element-663d45f elementor-widget elementor-widget-heading\" data-id=\"663d45f\" data-element_type=\"widget\" data-widget_type=\"heading.default\">\n\t\t\t\t<div class=\"elementor-widget-container\">\n\t\t\t\t\t<h5 class=\"elementor-heading-title elementor-size-default\">Le processus de pr\u00eat<\/h5>\t\t\t\t<\/div>\n\t\t\t\t<\/div>\n\t\t\t\t<div class=\"elementor-element elementor-element-dbeeaaa elementor-widget elementor-widget-text-editor\" data-id=\"dbeeaaa\" data-element_type=\"widget\" data-widget_type=\"text-editor.default\">\n\t\t\t\t<div class=\"elementor-widget-container\">\n\t\t\t\t\t\t\t\t\t<p>Si vous achetez une maison, il faut s\u2019attendre \u00e0 passer par le processus d\u2019emprunt. Ce processus est un peu fastidieux mais vous devez y passer, afin d\u2019obtenir le pr\u00eat que vous voulez.<\/p><p>Documentation, demande de pr\u00eat, documents suppl\u00e9mentaires et la fermeture sont quelques-uns des sujets que nous aborderons ici.<\/p>\t\t\t\t\t\t\t\t<\/div>\n\t\t\t\t<\/div>\n\t\t\t\t<\/div>\n\t\t<div class=\"elementor-element elementor-element-e8ded85 e-con-full e-flex e-con e-child\" data-id=\"e8ded85\" data-element_type=\"container\" data-settings=\"{&quot;background_background&quot;:&quot;classic&quot;}\">\n\t\t\t\t<div class=\"elementor-element elementor-element-09e5e6c elementor-widget elementor-widget-heading\" data-id=\"09e5e6c\" data-element_type=\"widget\" data-widget_type=\"heading.default\">\n\t\t\t\t<div class=\"elementor-widget-container\">\n\t\t\t\t\t<h2 class=\"elementor-heading-title elementor-size-default\">\u00c9tape 2<\/h2>\t\t\t\t<\/div>\n\t\t\t\t<\/div>\n\t\t\t\t<div class=\"elementor-element elementor-element-29cda99 elementor-widget elementor-widget-heading\" data-id=\"29cda99\" data-element_type=\"widget\" data-widget_type=\"heading.default\">\n\t\t\t\t<div class=\"elementor-widget-container\">\n\t\t\t\t\t<h5 class=\"elementor-heading-title elementor-size-default\">La documentation du processus de pr\u00eat<\/h5>\t\t\t\t<\/div>\n\t\t\t\t<\/div>\n\t\t\t\t<div class=\"elementor-element elementor-element-b5ace72 elementor-widget elementor-widget-text-editor\" data-id=\"b5ace72\" data-element_type=\"widget\" data-widget_type=\"text-editor.default\">\n\t\t\t\t<div class=\"elementor-widget-container\">\n\t\t\t\t\t\t\t\t\t<p>Votre pr\u00eateur exige beaucoup de documentation afin de vous pr\u00eater de l\u2019argent. Ils vont v\u00e9rifier vos donn\u00e9es financi\u00e8res, votre pointage de cr\u00e9dit et vos informations d\u2019emploi, ils veulent \u00eatre s\u00fbrs que vous pouvez rembourser le pr\u00eat. La documentation comprend papiers de faillite, jugements de divorce, contrat d\u2019achat, l\u2019\u00e9valuation, le loyer, d\u00e9p\u00f4t, toute autre hypoth\u00e8que, talon de paie, les d\u00e9clarations fiscales, les relev\u00e9s bancaires et tous autres documents qu\u2019un pr\u00eateur pourrait juger n\u00e9cessaire.<\/p>\t\t\t\t\t\t\t\t<\/div>\n\t\t\t\t<\/div>\n\t\t\t\t<\/div>\n\t\t\t\t\t<\/div>\n\t\t\t\t<\/div>\n\t\t<div class=\"elementor-element elementor-element-409c571 e-flex e-con-boxed e-con e-parent\" data-id=\"409c571\" data-element_type=\"container\" data-settings=\"{&quot;background_background&quot;:&quot;classic&quot;}\">\n\t\t\t\t\t<div class=\"e-con-inner\">\n\t\t<div class=\"elementor-element elementor-element-e92833b e-con-full e-flex e-con e-child\" data-id=\"e92833b\" data-element_type=\"container\" data-settings=\"{&quot;background_background&quot;:&quot;classic&quot;}\">\n\t\t\t\t<div class=\"elementor-element elementor-element-250a731 elementor-widget elementor-widget-heading\" data-id=\"250a731\" data-element_type=\"widget\" data-widget_type=\"heading.default\">\n\t\t\t\t<div class=\"elementor-widget-container\">\n\t\t\t\t\t<h2 class=\"elementor-heading-title elementor-size-default\">\u00c9tape 3<\/h2>\t\t\t\t<\/div>\n\t\t\t\t<\/div>\n\t\t\t\t<div class=\"elementor-element elementor-element-b1992ef elementor-widget elementor-widget-heading\" data-id=\"b1992ef\" data-element_type=\"widget\" data-widget_type=\"heading.default\">\n\t\t\t\t<div class=\"elementor-widget-container\">\n\t\t\t\t\t<h5 class=\"elementor-heading-title elementor-size-default\">Demande de pr\u00eat<\/h5>\t\t\t\t<\/div>\n\t\t\t\t<\/div>\n\t\t\t\t<div class=\"elementor-element elementor-element-cc2ed8b elementor-widget elementor-widget-text-editor\" data-id=\"cc2ed8b\" data-element_type=\"widget\" data-widget_type=\"text-editor.default\">\n\t\t\t\t<div class=\"elementor-widget-container\">\n\t\t\t\t\t\t\t\t\t<p>Les pr\u00eateurs exigent que vous remplissiez une demande de pr\u00eat en plus de fournir d\u2019autres donn\u00e9es financi\u00e8res. Le souscripteur est l\u2019employ\u00e9 de la banque qui fera en sorte que tout fonctionne correctement. Le courtier hypoth\u00e9caire sera le lien entre l\u2019emprunteur et le souscripteur. Le souscripteur pourra soit approuver le pr\u00eat ou exiger des documents suppl\u00e9mentaires.<\/p>\t\t\t\t\t\t\t\t<\/div>\n\t\t\t\t<\/div>\n\t\t\t\t<\/div>\n\t\t<div class=\"elementor-element elementor-element-43e67c7 e-con-full e-flex e-con e-child\" data-id=\"43e67c7\" data-element_type=\"container\" data-settings=\"{&quot;background_background&quot;:&quot;classic&quot;}\">\n\t\t\t\t<div class=\"elementor-element elementor-element-0adad90 elementor-widget elementor-widget-heading\" data-id=\"0adad90\" data-element_type=\"widget\" data-widget_type=\"heading.default\">\n\t\t\t\t<div class=\"elementor-widget-container\">\n\t\t\t\t\t<h2 class=\"elementor-heading-title elementor-size-default\">\u00c9tape 4<\/h2>\t\t\t\t<\/div>\n\t\t\t\t<\/div>\n\t\t\t\t<div class=\"elementor-element elementor-element-14176eb elementor-widget elementor-widget-heading\" data-id=\"14176eb\" data-element_type=\"widget\" data-widget_type=\"heading.default\">\n\t\t\t\t<div class=\"elementor-widget-container\">\n\t\t\t\t\t<h5 class=\"elementor-heading-title elementor-size-default\">Documents suppl\u00e9mentaires et cl\u00f4ture<\/h5>\t\t\t\t<\/div>\n\t\t\t\t<\/div>\n\t\t\t\t<div class=\"elementor-element elementor-element-5857f48 elementor-widget elementor-widget-text-editor\" data-id=\"5857f48\" data-element_type=\"widget\" data-widget_type=\"text-editor.default\">\n\t\t\t\t<div class=\"elementor-widget-container\">\n\t\t\t\t\t\t\t\t\t<p>L\u2019assureur pourrait indiquer \u00e0 l\u2019agent que certaines conditions doivent \u00eatre remplies. Nous sommes au point o\u00f9 l\u2019approbation conditionnelle est atteinte, alors ne vous inqui\u00e9tez pas \u00e0 ce sujet. La suppression de ces conditions sera faite d\u00e8s que les documents requis seront remis. Une fois votre pr\u00eat approuv\u00e9, vous aurez \u00e0 signer l\u2019acceptation de l\u2019approbation.<\/p><p>Le processus d\u2019acheter une maison demande beaucoup de documentations, ne soyez pas surpris si l\u2019agent de cr\u00e9dit vous demande de lui fournir un grand nombre de documents. Assurez-vous que ces documents sont exacts et \u00e0\u00a0jour.<\/p>\t\t\t\t\t\t\t\t<\/div>\n\t\t\t\t<\/div>\n\t\t\t\t<\/div>\n\t\t\t\t\t<\/div>\n\t\t\t\t<\/div>\n\t\t\t\t<\/div>\n\t\t","protected":false},"excerpt":{"rendered":"<p>Services<\/p>\n","protected":false},"author":1,"featured_media":0,"parent":14073,"menu_order":0,"comment_status":"closed","ping_status":"closed","template":"elementor_header_footer","meta":{"_acf_changed":false,"inline_featured_image":false,"footnotes":""},"class_list":["post-11305","page","type-page","status-publish","hentry","no-post-thumbnail"],"acf":[],"yoast_head":"<!-- This site is optimized with the Yoast SEO plugin v26.6 - https:\/\/yoast.com\/wordpress\/plugins\/seo\/ -->\n<title>Multi-Pr\u00eats MR | \u00c9quipe Mathieu Lebrun | Achat<\/title>\n<meta name=\"description\" content=\"Bien comprendre le Processus de Pr\u00eat pour votre Achat de Maison: le processus, les documents et la cl\u00f4ture\" \/>\n<meta name=\"robots\" content=\"index, follow, max-snippet:-1, max-image-preview:large, max-video-preview:-1\" \/>\n<link rel=\"canonical\" href=\"https:\/\/hypothequerapide.com\/fr\/services\/achat\" \/>\n<meta property=\"og:locale\" content=\"fr_FR\" \/>\n<meta property=\"og:type\" content=\"article\" \/>\n<meta property=\"og:title\" content=\"Multi-Pr\u00eats MR | \u00c9quipe Mathieu Lebrun | Achat\" \/>\n<meta property=\"og:description\" content=\"Bien comprendre le Processus de Pr\u00eat pour votre Achat de Maison: le processus, les documents et la cl\u00f4ture\" \/>\n<meta property=\"og:url\" content=\"https:\/\/hypothequerapide.com\/fr\/services\/achat\" \/>\n<meta property=\"og:site_name\" content=\"Multi-Pr\u00eats MR \u00c9quipe Mathieu Lebrun\" \/>\n<meta property=\"article:modified_time\" content=\"2025-08-04T18:16:20+00:00\" \/>\n<meta name=\"twitter:card\" content=\"summary_large_image\" \/>\n<meta name=\"twitter:label1\" content=\"Dur\u00e9e de lecture estim\u00e9e\" \/>\n\t<meta name=\"twitter:data1\" content=\"2 minutes\" \/>\n<script type=\"application\/ld+json\" class=\"yoast-schema-graph\">{\"@context\":\"https:\/\/schema.org\",\"@graph\":[{\"@type\":\"WebPage\",\"@id\":\"https:\/\/hypothequerapide.com\/fr\/services\/achat\",\"url\":\"https:\/\/hypothequerapide.com\/fr\/services\/achat\",\"name\":\"Multi-Pr\u00eats MR | \u00c9quipe Mathieu Lebrun | Achat\",\"isPartOf\":{\"@id\":\"\/#website\"},\"datePublished\":\"2024-05-07T17:03:23+00:00\",\"dateModified\":\"2025-08-04T18:16:20+00:00\",\"description\":\"Bien comprendre le Processus de Pr\u00eat pour votre Achat de Maison: le processus, les documents et la cl\u00f4ture\",\"breadcrumb\":{\"@id\":\"https:\/\/hypothequerapide.com\/fr\/services\/achat#breadcrumb\"},\"inLanguage\":\"fr-FR\",\"potentialAction\":[{\"@type\":\"ReadAction\",\"target\":[\"https:\/\/hypothequerapide.com\/fr\/services\/achat\"]}]},{\"@type\":\"BreadcrumbList\",\"@id\":\"https:\/\/hypothequerapide.com\/fr\/services\/achat#breadcrumb\",\"itemListElement\":[{\"@type\":\"ListItem\",\"position\":1,\"name\":\"Accueil\",\"item\":\"https:\/\/hypothequerapide.com\/fr\"},{\"@type\":\"ListItem\",\"position\":2,\"name\":\"Services\",\"item\":\"https:\/\/hypothequerapide.com\/fr\/services\"},{\"@type\":\"ListItem\",\"position\":3,\"name\":\"Achat\"}]},{\"@type\":\"WebSite\",\"@id\":\"\/#website\",\"url\":\"\/\",\"name\":\"Multi-Pr\u00eats MR \u00c9quipe Mathieu Lebrun\",\"description\":\"\",\"publisher\":{\"@id\":\"\/#organization\"},\"potentialAction\":[{\"@type\":\"SearchAction\",\"target\":{\"@type\":\"EntryPoint\",\"urlTemplate\":\"\/?s={search_term_string}\"},\"query-input\":{\"@type\":\"PropertyValueSpecification\",\"valueRequired\":true,\"valueName\":\"search_term_string\"}}],\"inLanguage\":\"fr-FR\"},{\"@type\":\"Organization\",\"@id\":\"\/#organization\",\"name\":\"Multi-Pr\u00eats MR \u00c9quipe Mathieu Lebrun\",\"url\":\"\/\",\"logo\":{\"@type\":\"ImageObject\",\"inLanguage\":\"fr-FR\",\"@id\":\"\/#\/schema\/logo\/image\/\",\"url\":\"https:\/\/hypothequerapide.com\/wp-content\/uploads\/2024\/04\/27765.png\",\"contentUrl\":\"https:\/\/hypothequerapide.com\/wp-content\/uploads\/2024\/04\/27765.png\",\"width\":160,\"height\":84,\"caption\":\"Multi-Pr\u00eats MR \u00c9quipe Mathieu Lebrun\"},\"image\":{\"@id\":\"\/#\/schema\/logo\/image\/\"}}]}<\/script>\n<!-- \/ Yoast SEO plugin. -->","yoast_head_json":{"title":"Multi-Pr\u00eats MR | \u00c9quipe Mathieu Lebrun | Achat","description":"Bien comprendre le Processus de Pr\u00eat pour votre Achat de Maison: le processus, les documents et la cl\u00f4ture","robots":{"index":"index","follow":"follow","max-snippet":"max-snippet:-1","max-image-preview":"max-image-preview:large","max-video-preview":"max-video-preview:-1"},"canonical":"https:\/\/hypothequerapide.com\/fr\/services\/achat","og_locale":"fr_FR","og_type":"article","og_title":"Multi-Pr\u00eats MR | \u00c9quipe Mathieu Lebrun | Achat","og_description":"Bien comprendre le Processus de Pr\u00eat pour votre Achat de Maison: le processus, les documents et la cl\u00f4ture","og_url":"https:\/\/hypothequerapide.com\/fr\/services\/achat","og_site_name":"Multi-Pr\u00eats MR \u00c9quipe Mathieu Lebrun","article_modified_time":"2025-08-04T18:16:20+00:00","twitter_card":"summary_large_image","twitter_misc":{"Dur\u00e9e de lecture estim\u00e9e":"2 minutes"},"schema":{"@context":"https:\/\/schema.org","@graph":[{"@type":"WebPage","@id":"https:\/\/hypothequerapide.com\/fr\/services\/achat","url":"https:\/\/hypothequerapide.com\/fr\/services\/achat","name":"Multi-Pr\u00eats MR | \u00c9quipe Mathieu Lebrun | Achat","isPartOf":{"@id":"\/#website"},"datePublished":"2024-05-07T17:03:23+00:00","dateModified":"2025-08-04T18:16:20+00:00","description":"Bien comprendre le Processus de Pr\u00eat pour votre Achat de Maison: le processus, les documents et la cl\u00f4ture","breadcrumb":{"@id":"https:\/\/hypothequerapide.com\/fr\/services\/achat#breadcrumb"},"inLanguage":"fr-FR","potentialAction":[{"@type":"ReadAction","target":["https:\/\/hypothequerapide.com\/fr\/services\/achat"]}]},{"@type":"BreadcrumbList","@id":"https:\/\/hypothequerapide.com\/fr\/services\/achat#breadcrumb","itemListElement":[{"@type":"ListItem","position":1,"name":"Accueil","item":"https:\/\/hypothequerapide.com\/fr"},{"@type":"ListItem","position":2,"name":"Services","item":"https:\/\/hypothequerapide.com\/fr\/services"},{"@type":"ListItem","position":3,"name":"Achat"}]},{"@type":"WebSite","@id":"\/#website","url":"\/","name":"Multi-Pr\u00eats MR \u00c9quipe Mathieu Lebrun","description":"","publisher":{"@id":"\/#organization"},"potentialAction":[{"@type":"SearchAction","target":{"@type":"EntryPoint","urlTemplate":"\/?s={search_term_string}"},"query-input":{"@type":"PropertyValueSpecification","valueRequired":true,"valueName":"search_term_string"}}],"inLanguage":"fr-FR"},{"@type":"Organization","@id":"\/#organization","name":"Multi-Pr\u00eats MR \u00c9quipe Mathieu Lebrun","url":"\/","logo":{"@type":"ImageObject","inLanguage":"fr-FR","@id":"\/#\/schema\/logo\/image\/","url":"https:\/\/hypothequerapide.com\/wp-content\/uploads\/2024\/04\/27765.png","contentUrl":"https:\/\/hypothequerapide.com\/wp-content\/uploads\/2024\/04\/27765.png","width":160,"height":84,"caption":"Multi-Pr\u00eats MR \u00c9quipe Mathieu Lebrun"},"image":{"@id":"\/#\/schema\/logo\/image\/"}}]}},"_links":{"self":[{"href":"https:\/\/hypothequerapide.com\/fr\/wp-json\/wp\/v2\/pages\/11305","targetHints":{"allow":["GET"]}}],"collection":[{"href":"https:\/\/hypothequerapide.com\/fr\/wp-json\/wp\/v2\/pages"}],"about":[{"href":"https:\/\/hypothequerapide.com\/fr\/wp-json\/wp\/v2\/types\/page"}],"author":[{"embeddable":true,"href":"https:\/\/hypothequerapide.com\/fr\/wp-json\/wp\/v2\/users\/1"}],"replies":[{"embeddable":true,"href":"https:\/\/hypothequerapide.com\/fr\/wp-json\/wp\/v2\/comments?post=11305"}],"version-history":[{"count":223,"href":"https:\/\/hypothequerapide.com\/fr\/wp-json\/wp\/v2\/pages\/11305\/revisions"}],"predecessor-version":[{"id":18585,"href":"https:\/\/hypothequerapide.com\/fr\/wp-json\/wp\/v2\/pages\/11305\/revisions\/18585"}],"up":[{"embeddable":true,"href":"https:\/\/hypothequerapide.com\/fr\/wp-json\/wp\/v2\/pages\/14073"}],"wp:attachment":[{"href":"https:\/\/hypothequerapide.com\/fr\/wp-json\/wp\/v2\/media?parent=11305"}],"curies":[{"name":"wp","href":"https:\/\/api.w.org\/{rel}","templated":true}]}}