{"id":14151,"date":"2024-06-02T00:11:56","date_gmt":"2024-06-02T00:11:56","guid":{"rendered":"https:\/\/hypothequerapide.com\/?page_id=14151"},"modified":"2025-03-11T17:08:21","modified_gmt":"2025-03-11T17:08:21","slug":"a-propos","status":"publish","type":"page","link":"https:\/\/hypothequerapide.com\/fr\/a-propos","title":{"rendered":"\u00c0 propos"},"content":{"rendered":"\t\t<div data-elementor-type=\"wp-page\" data-elementor-id=\"14151\" class=\"elementor elementor-14151\" data-elementor-post-type=\"page\">\n\t\t\t\t<div class=\"elementor-element elementor-element-a773101 e-flex e-con-boxed e-con e-parent\" data-id=\"a773101\" data-element_type=\"container\" data-settings=\"{&quot;background_background&quot;:&quot;classic&quot;}\">\n\t\t\t\t\t<div class=\"e-con-inner\">\n\t\t\t\t<div class=\"elementor-element elementor-element-4bb2baa elementor-widget elementor-widget-heading\" data-id=\"4bb2baa\" data-element_type=\"widget\" data-widget_type=\"heading.default\">\n\t\t\t\t<div class=\"elementor-widget-container\">\n\t\t\t\t\t<h2 class=\"elementor-heading-title elementor-size-default\">\u00c0 propos<\/h2>\t\t\t\t<\/div>\n\t\t\t\t<\/div>\n\t\t\t\t\t<\/div>\n\t\t\t\t<\/div>\n\t\t<div class=\"elementor-element elementor-element-651a1e2 e-flex e-con-boxed e-con e-parent\" data-id=\"651a1e2\" data-element_type=\"container\" data-settings=\"{&quot;background_background&quot;:&quot;classic&quot;}\">\n\t\t\t\t\t<div class=\"e-con-inner\">\n\t\t\t\t<div class=\"elementor-element elementor-element-f8975ed elementor-widget elementor-widget-heading\" data-id=\"f8975ed\" data-element_type=\"widget\" data-widget_type=\"heading.default\">\n\t\t\t\t<div class=\"elementor-widget-container\">\n\t\t\t\t\t<h2 class=\"elementor-heading-title elementor-size-default\"><span class=\"underline\">L\u2019\u00e9quipe de Mathieu Lebrun<\/span> - courtiers hypoth\u00e9caires Multi-Pr\u00eats de l\u2019Ouest de l\u2019\u00cele <\/h2>\t\t\t\t<\/div>\n\t\t\t\t<\/div>\n\t\t\t\t\t<\/div>\n\t\t\t\t<\/div>\n\t\t<div class=\"elementor-element elementor-element-4bdc5a11 e-flex e-con-boxed e-con e-parent\" data-id=\"4bdc5a11\" data-element_type=\"container\" data-settings=\"{&quot;background_background&quot;:&quot;classic&quot;}\">\n\t\t\t\t\t<div class=\"e-con-inner\">\n\t\t<div class=\"elementor-element elementor-element-62becec0 e-con-full e-flex e-con e-child\" data-id=\"62becec0\" data-element_type=\"container\">\n\t\t\t\t<div class=\"elementor-element elementor-element-6efaab01 elementor-widget elementor-widget-image\" data-id=\"6efaab01\" data-element_type=\"widget\" data-widget_type=\"image.default\">\n\t\t\t\t<div class=\"elementor-widget-container\">\n\t\t\t\t\t\t\t\t\t\t\t\t\t\t\t<img fetchpriority=\"high\" decoding=\"async\" width=\"250\" height=\"295\" src=\"https:\/\/hypothequerapide.com\/wp-content\/uploads\/2024\/06\/Mathieu_Lebrun.jpg\" class=\"attachment-large size-large wp-image-14153\" alt=\"\" \/>\t\t\t\t\t\t\t\t\t\t\t\t\t\t\t<\/div>\n\t\t\t\t<\/div>\n\t\t\t\t<div class=\"elementor-element elementor-element-b5578e8 elementor-widget__width-initial elementor-widget elementor-widget-text-editor\" data-id=\"b5578e8\" data-element_type=\"widget\" data-widget_type=\"text-editor.default\">\n\t\t\t\t<div class=\"elementor-widget-container\">\n\t\t\t\t\t\t\t\t\t<p style=\"text-align: center;\"><strong>Mathieu Lebrun<\/strong><\/p>\t\t\t\t\t\t\t\t<\/div>\n\t\t\t\t<\/div>\n\t\t\t\t<\/div>\n\t\t<div class=\"elementor-element elementor-element-132e47b7 e-con-full e-flex e-con e-child\" data-id=\"132e47b7\" data-element_type=\"container\">\n\t\t\t\t<div class=\"elementor-element elementor-element-af15fdf elementor-widget__width-initial elementor-widget elementor-widget-text-editor\" data-id=\"af15fdf\" data-element_type=\"widget\" data-widget_type=\"text-editor.default\">\n\t\t\t\t<div class=\"elementor-widget-container\">\n\t\t\t\t\t\t\t\t\t<p>L\u2019<a href=\"https:\/\/hypothequerapide.com\/notre-blogue\/2022\/08\/08\/meilleur-courtier-hypoth%C3%A9caire\"><strong>\u00e9quipe des courtiers hypoth\u00e9caires<\/strong><\/a>\u00a0 est une des \u00e9quipes originales de Multi-Pr\u00eats Hypoth\u00e8ques d\u00e8s sa cr\u00e9ation en 1982. Une \u00e9quipe de tr\u00e8s grande exp\u00e9rience.<\/p><p>Aujourd\u2019hui l\u2019\u00e9quipe est dirig\u00e9e entre autres par Mathieu Lebrun qui compte plus de 25 ans d\u2019exp\u00e9riences dans le domaine du courtage hypoth\u00e9caire. Son mandat en tant que dirigeant est de soutenir et former les\u00a0<a href=\"https:\/\/hypothequerapide.com\/notre-blogue\/2022\/08\/08\/meilleur-courtier-hypoth%C3%A9caire\"><strong>professionnels du courtage hypoth\u00e9caire<\/strong><\/a>\u00a0pour qu\u2019ils excellent dans leur domaine. Il est fier de compter une quarantaine de courtiers hypoth\u00e9caires d\u2019exp\u00e9riences qui sauront r\u00e9pondre \u00e0 vos besoins tout en n\u00e9gociant les meilleurs taux et conditions pour votre hypoth\u00e8que.<\/p><p>Notre mission vise \u00e0 nous distinguer en vous offrant un service unique, une exp\u00e9rience client sans \u00e9gale. Nous voulons faire une diff\u00e9rence significative et remarqu\u00e9e dans votre transaction hypoth\u00e9caire\u2026 et devenir votre courtier hypoth\u00e9caire pour la vie.<\/p><p>Contactez-nous sans tarder au 438-799-5575 ou par courriel \u00e0\u00a0<a href=\"mailto:info@hypothequerapide.com\"><strong>info@hypothequerapide.com<\/strong><\/a>\u00a0afin de b\u00e9n\u00e9ficier de notre expertise\u2026 le tout gratuitement.<\/p>\t\t\t\t\t\t\t\t<\/div>\n\t\t\t\t<\/div>\n\t\t\t\t<\/div>\n\t\t\t\t\t<\/div>\n\t\t\t\t<\/div>\n\t\t\t\t<\/div>\n\t\t","protected":false},"excerpt":{"rendered":"<p>\u00c0 propos L\u2019\u00e9quipe de Mathieu Lebrun &#8211; courtiers hypoth\u00e9caires Multi-Pr\u00eats de l\u2019Ouest de l\u2019\u00cele Mathieu Lebrun L\u2019\u00e9quipe des courtiers hypoth\u00e9caires\u00a0 est une des \u00e9quipes originales de Multi-Pr\u00eats Hypoth\u00e8ques d\u00e8s sa cr\u00e9ation en 1982. Une \u00e9quipe de tr\u00e8s grande exp\u00e9rience. Aujourd\u2019hui l\u2019\u00e9quipe est dirig\u00e9e entre autres par Mathieu Lebrun qui compte plus de 25 ans d\u2019exp\u00e9riences [&hellip;]<\/p>\n","protected":false},"author":1,"featured_media":0,"parent":0,"menu_order":0,"comment_status":"closed","ping_status":"closed","template":"elementor_header_footer","meta":{"_acf_changed":false,"inline_featured_image":false,"footnotes":""},"class_list":["post-14151","page","type-page","status-publish","hentry","no-post-thumbnail"],"acf":[],"yoast_head":"<!-- This site is optimized with the Yoast SEO plugin v26.6 - https:\/\/yoast.com\/wordpress\/plugins\/seo\/ -->\n<title>Multi-Pr\u00eats MR | \u00c9quipe Mathieu Lebrun | \u00c0 propos<\/title>\n<meta name=\"description\" content=\"\u00c0 propos de l\u2019\u00e9quipe des courtiers hypoth\u00e9caires Multi-Pr\u00eats de Mathieu Lebrun: plus de 15 dexp\u00e9rience et 5 bureaux pour vous servir\" \/>\n<meta name=\"robots\" content=\"index, follow, max-snippet:-1, max-image-preview:large, max-video-preview:-1\" \/>\n<link rel=\"canonical\" href=\"https:\/\/hypothequerapide.com\/fr\/a-propos\" \/>\n<meta property=\"og:locale\" content=\"fr_FR\" \/>\n<meta property=\"og:type\" content=\"article\" \/>\n<meta property=\"og:title\" content=\"Multi-Pr\u00eats MR | \u00c9quipe Mathieu Lebrun | \u00c0 propos\" \/>\n<meta property=\"og:description\" content=\"\u00c0 propos de l\u2019\u00e9quipe des courtiers hypoth\u00e9caires Multi-Pr\u00eats de Mathieu Lebrun: plus de 15 dexp\u00e9rience et 5 bureaux pour vous servir\" \/>\n<meta property=\"og:url\" content=\"https:\/\/hypothequerapide.com\/fr\/a-propos\" \/>\n<meta property=\"og:site_name\" content=\"Multi-Pr\u00eats MR \u00c9quipe Mathieu Lebrun\" \/>\n<meta property=\"article:modified_time\" content=\"2025-03-11T17:08:21+00:00\" \/>\n<meta property=\"og:image\" content=\"https:\/\/hypothequerapide.com\/wp-content\/uploads\/2024\/06\/Mathieu_Lebrun.jpg\" \/>\n\t<meta property=\"og:image:width\" content=\"250\" \/>\n\t<meta property=\"og:image:height\" content=\"295\" \/>\n\t<meta property=\"og:image:type\" content=\"image\/jpeg\" \/>\n<meta name=\"twitter:card\" content=\"summary_large_image\" \/>\n<meta name=\"twitter:label1\" content=\"Dur\u00e9e de lecture estim\u00e9e\" \/>\n\t<meta name=\"twitter:data1\" content=\"2 minutes\" \/>\n<script type=\"application\/ld+json\" class=\"yoast-schema-graph\">{\"@context\":\"https:\/\/schema.org\",\"@graph\":[{\"@type\":\"WebPage\",\"@id\":\"https:\/\/hypothequerapide.com\/fr\/a-propos\",\"url\":\"https:\/\/hypothequerapide.com\/fr\/a-propos\",\"name\":\"Multi-Pr\u00eats MR | \u00c9quipe Mathieu Lebrun | \u00c0 propos\",\"isPartOf\":{\"@id\":\"\/#website\"},\"primaryImageOfPage\":{\"@id\":\"https:\/\/hypothequerapide.com\/fr\/a-propos#primaryimage\"},\"image\":{\"@id\":\"https:\/\/hypothequerapide.com\/fr\/a-propos#primaryimage\"},\"thumbnailUrl\":\"https:\/\/hypothequerapide.com\/wp-content\/uploads\/2024\/06\/Mathieu_Lebrun.jpg\",\"datePublished\":\"2024-06-02T00:11:56+00:00\",\"dateModified\":\"2025-03-11T17:08:21+00:00\",\"description\":\"\u00c0 propos de l\u2019\u00e9quipe des courtiers hypoth\u00e9caires Multi-Pr\u00eats de Mathieu Lebrun: plus de 15 dexp\u00e9rience et 5 bureaux pour vous servir\",\"breadcrumb\":{\"@id\":\"https:\/\/hypothequerapide.com\/fr\/a-propos#breadcrumb\"},\"inLanguage\":\"fr-FR\",\"potentialAction\":[{\"@type\":\"ReadAction\",\"target\":[\"https:\/\/hypothequerapide.com\/fr\/a-propos\"]}]},{\"@type\":\"ImageObject\",\"inLanguage\":\"fr-FR\",\"@id\":\"https:\/\/hypothequerapide.com\/fr\/a-propos#primaryimage\",\"url\":\"https:\/\/hypothequerapide.com\/wp-content\/uploads\/2024\/06\/Mathieu_Lebrun.jpg\",\"contentUrl\":\"https:\/\/hypothequerapide.com\/wp-content\/uploads\/2024\/06\/Mathieu_Lebrun.jpg\"},{\"@type\":\"BreadcrumbList\",\"@id\":\"https:\/\/hypothequerapide.com\/fr\/a-propos#breadcrumb\",\"itemListElement\":[{\"@type\":\"ListItem\",\"position\":1,\"name\":\"Accueil\",\"item\":\"https:\/\/hypothequerapide.com\/fr\"},{\"@type\":\"ListItem\",\"position\":2,\"name\":\"\u00c0 propos\"}]},{\"@type\":\"WebSite\",\"@id\":\"\/#website\",\"url\":\"\/\",\"name\":\"Multi-Pr\u00eats MR \u00c9quipe Mathieu Lebrun\",\"description\":\"\",\"publisher\":{\"@id\":\"\/#organization\"},\"potentialAction\":[{\"@type\":\"SearchAction\",\"target\":{\"@type\":\"EntryPoint\",\"urlTemplate\":\"\/?s={search_term_string}\"},\"query-input\":{\"@type\":\"PropertyValueSpecification\",\"valueRequired\":true,\"valueName\":\"search_term_string\"}}],\"inLanguage\":\"fr-FR\"},{\"@type\":\"Organization\",\"@id\":\"\/#organization\",\"name\":\"Multi-Pr\u00eats MR \u00c9quipe Mathieu Lebrun\",\"url\":\"\/\",\"logo\":{\"@type\":\"ImageObject\",\"inLanguage\":\"fr-FR\",\"@id\":\"\/#\/schema\/logo\/image\/\",\"url\":\"https:\/\/hypothequerapide.com\/wp-content\/uploads\/2024\/04\/27765.png\",\"contentUrl\":\"https:\/\/hypothequerapide.com\/wp-content\/uploads\/2024\/04\/27765.png\",\"width\":160,\"height\":84,\"caption\":\"Multi-Pr\u00eats MR \u00c9quipe Mathieu Lebrun\"},\"image\":{\"@id\":\"\/#\/schema\/logo\/image\/\"}}]}<\/script>\n<!-- \/ Yoast SEO plugin. -->","yoast_head_json":{"title":"Multi-Pr\u00eats MR | \u00c9quipe Mathieu Lebrun | \u00c0 propos","description":"\u00c0 propos de l\u2019\u00e9quipe des courtiers hypoth\u00e9caires Multi-Pr\u00eats de Mathieu Lebrun: plus de 15 dexp\u00e9rience et 5 bureaux pour vous servir","robots":{"index":"index","follow":"follow","max-snippet":"max-snippet:-1","max-image-preview":"max-image-preview:large","max-video-preview":"max-video-preview:-1"},"canonical":"https:\/\/hypothequerapide.com\/fr\/a-propos","og_locale":"fr_FR","og_type":"article","og_title":"Multi-Pr\u00eats MR | \u00c9quipe Mathieu Lebrun | \u00c0 propos","og_description":"\u00c0 propos de l\u2019\u00e9quipe des courtiers hypoth\u00e9caires Multi-Pr\u00eats de Mathieu Lebrun: plus de 15 dexp\u00e9rience et 5 bureaux pour vous servir","og_url":"https:\/\/hypothequerapide.com\/fr\/a-propos","og_site_name":"Multi-Pr\u00eats MR \u00c9quipe Mathieu Lebrun","article_modified_time":"2025-03-11T17:08:21+00:00","og_image":[{"width":250,"height":295,"url":"https:\/\/hypothequerapide.com\/wp-content\/uploads\/2024\/06\/Mathieu_Lebrun.jpg","type":"image\/jpeg"}],"twitter_card":"summary_large_image","twitter_misc":{"Dur\u00e9e de lecture estim\u00e9e":"2 minutes"},"schema":{"@context":"https:\/\/schema.org","@graph":[{"@type":"WebPage","@id":"https:\/\/hypothequerapide.com\/fr\/a-propos","url":"https:\/\/hypothequerapide.com\/fr\/a-propos","name":"Multi-Pr\u00eats MR | \u00c9quipe Mathieu Lebrun | \u00c0 propos","isPartOf":{"@id":"\/#website"},"primaryImageOfPage":{"@id":"https:\/\/hypothequerapide.com\/fr\/a-propos#primaryimage"},"image":{"@id":"https:\/\/hypothequerapide.com\/fr\/a-propos#primaryimage"},"thumbnailUrl":"https:\/\/hypothequerapide.com\/wp-content\/uploads\/2024\/06\/Mathieu_Lebrun.jpg","datePublished":"2024-06-02T00:11:56+00:00","dateModified":"2025-03-11T17:08:21+00:00","description":"\u00c0 propos de l\u2019\u00e9quipe des courtiers hypoth\u00e9caires Multi-Pr\u00eats de Mathieu Lebrun: plus de 15 dexp\u00e9rience et 5 bureaux pour vous servir","breadcrumb":{"@id":"https:\/\/hypothequerapide.com\/fr\/a-propos#breadcrumb"},"inLanguage":"fr-FR","potentialAction":[{"@type":"ReadAction","target":["https:\/\/hypothequerapide.com\/fr\/a-propos"]}]},{"@type":"ImageObject","inLanguage":"fr-FR","@id":"https:\/\/hypothequerapide.com\/fr\/a-propos#primaryimage","url":"https:\/\/hypothequerapide.com\/wp-content\/uploads\/2024\/06\/Mathieu_Lebrun.jpg","contentUrl":"https:\/\/hypothequerapide.com\/wp-content\/uploads\/2024\/06\/Mathieu_Lebrun.jpg"},{"@type":"BreadcrumbList","@id":"https:\/\/hypothequerapide.com\/fr\/a-propos#breadcrumb","itemListElement":[{"@type":"ListItem","position":1,"name":"Accueil","item":"https:\/\/hypothequerapide.com\/fr"},{"@type":"ListItem","position":2,"name":"\u00c0 propos"}]},{"@type":"WebSite","@id":"\/#website","url":"\/","name":"Multi-Pr\u00eats MR \u00c9quipe Mathieu Lebrun","description":"","publisher":{"@id":"\/#organization"},"potentialAction":[{"@type":"SearchAction","target":{"@type":"EntryPoint","urlTemplate":"\/?s={search_term_string}"},"query-input":{"@type":"PropertyValueSpecification","valueRequired":true,"valueName":"search_term_string"}}],"inLanguage":"fr-FR"},{"@type":"Organization","@id":"\/#organization","name":"Multi-Pr\u00eats MR \u00c9quipe Mathieu Lebrun","url":"\/","logo":{"@type":"ImageObject","inLanguage":"fr-FR","@id":"\/#\/schema\/logo\/image\/","url":"https:\/\/hypothequerapide.com\/wp-content\/uploads\/2024\/04\/27765.png","contentUrl":"https:\/\/hypothequerapide.com\/wp-content\/uploads\/2024\/04\/27765.png","width":160,"height":84,"caption":"Multi-Pr\u00eats MR \u00c9quipe Mathieu Lebrun"},"image":{"@id":"\/#\/schema\/logo\/image\/"}}]}},"_links":{"self":[{"href":"https:\/\/hypothequerapide.com\/fr\/wp-json\/wp\/v2\/pages\/14151","targetHints":{"allow":["GET"]}}],"collection":[{"href":"https:\/\/hypothequerapide.com\/fr\/wp-json\/wp\/v2\/pages"}],"about":[{"href":"https:\/\/hypothequerapide.com\/fr\/wp-json\/wp\/v2\/types\/page"}],"author":[{"embeddable":true,"href":"https:\/\/hypothequerapide.com\/fr\/wp-json\/wp\/v2\/users\/1"}],"replies":[{"embeddable":true,"href":"https:\/\/hypothequerapide.com\/fr\/wp-json\/wp\/v2\/comments?post=14151"}],"version-history":[{"count":50,"href":"https:\/\/hypothequerapide.com\/fr\/wp-json\/wp\/v2\/pages\/14151\/revisions"}],"predecessor-version":[{"id":18237,"href":"https:\/\/hypothequerapide.com\/fr\/wp-json\/wp\/v2\/pages\/14151\/revisions\/18237"}],"wp:attachment":[{"href":"https:\/\/hypothequerapide.com\/fr\/wp-json\/wp\/v2\/media?parent=14151"}],"curies":[{"name":"wp","href":"https:\/\/api.w.org\/{rel}","templated":true}]}}