{"id":14177,"date":"2024-06-02T01:47:48","date_gmt":"2024-06-02T01:47:48","guid":{"rendered":"https:\/\/hypothequerapide.com\/?page_id=14177"},"modified":"2025-08-04T18:17:50","modified_gmt":"2025-08-04T18:17:50","slug":"renovations","status":"publish","type":"page","link":"https:\/\/hypothequerapide.com\/fr\/services\/renovations","title":{"rendered":"R\u00e9novations"},"content":{"rendered":"\t\t<div data-elementor-type=\"wp-page\" data-elementor-id=\"14177\" class=\"elementor elementor-14177\" data-elementor-post-type=\"page\">\n\t\t\t\t\t\t<section class=\"elementor-section elementor-top-section elementor-element elementor-element-5e69103c elementor-section-boxed elementor-section-height-default elementor-section-height-default\" data-id=\"5e69103c\" data-element_type=\"section\" data-settings=\"{&quot;background_background&quot;:&quot;classic&quot;}\">\n\t\t\t\t\t\t<div class=\"elementor-container elementor-column-gap-no\">\n\t\t\t\t\t<div class=\"elementor-column elementor-col-50 elementor-top-column elementor-element elementor-element-34749560\" data-id=\"34749560\" data-element_type=\"column\" data-settings=\"{&quot;background_background&quot;:&quot;classic&quot;}\">\n\t\t\t<div class=\"elementor-widget-wrap elementor-element-populated\">\n\t\t\t\t\t\t<div class=\"elementor-element elementor-element-5405f21a elementor-widget__width-initial elementor-widget elementor-widget-heading\" data-id=\"5405f21a\" data-element_type=\"widget\" data-widget_type=\"heading.default\">\n\t\t\t\t<div class=\"elementor-widget-container\">\n\t\t\t\t\t<h2 class=\"elementor-heading-title elementor-size-default\">R\u00e9novations<\/h2>\t\t\t\t<\/div>\n\t\t\t\t<\/div>\n\t\t\t\t<div class=\"elementor-element elementor-element-43dd9f71 elementor-widget__width-initial elementor-widget elementor-widget-text-editor\" data-id=\"43dd9f71\" data-element_type=\"widget\" data-widget_type=\"text-editor.default\">\n\t\t\t\t<div class=\"elementor-widget-container\">\n\t\t\t\t\t\t\t\t\t<p>Vous \u00eates au bon endroit! En une seule demande, l\u2019\u00e9quipe Mathieu Lebrun n\u00e9gocie pour vous le meilleur taux possible pour le financement de vos r\u00e9novations, et ce, aupr\u00e8s de plus de 30 institutions financi\u00e8res.<\/p>\t\t\t\t\t\t\t\t<\/div>\n\t\t\t\t<\/div>\n\t\t<div class=\"elementor-element elementor-element-2cfb25d e-con-full e-flex e-con e-parent\" data-id=\"2cfb25d\" data-element_type=\"container\" data-settings=\"{&quot;background_background&quot;:&quot;classic&quot;}\">\n\t\t<div class=\"elementor-element elementor-element-549bda11 e-flex e-con-boxed e-con e-child\" data-id=\"549bda11\" data-element_type=\"container\" data-settings=\"{&quot;background_background&quot;:&quot;classic&quot;}\">\n\t\t\t\t\t<div class=\"e-con-inner\">\n\t\t\t\t<div class=\"elementor-element elementor-element-6a13c0b9 elementor-widget elementor-widget-text-editor\" data-id=\"6a13c0b9\" data-element_type=\"widget\" data-widget_type=\"text-editor.default\">\n\t\t\t\t<div class=\"elementor-widget-container\">\n\t\t\t\t\t\t\t\t\t<p>Obtenez le meilleur taux pour le financement de vos r\u00e9novations.<\/p>\t\t\t\t\t\t\t\t<\/div>\n\t\t\t\t<\/div>\n\t\t\t\t\t<\/div>\n\t\t\t\t<\/div>\n\t\t<div class=\"elementor-element elementor-element-36114749 e-flex e-con-boxed e-con e-child\" data-id=\"36114749\" data-element_type=\"container\" data-settings=\"{&quot;background_background&quot;:&quot;classic&quot;}\">\n\t\t\t\t\t<div class=\"e-con-inner\">\n\t\t\t\t<div class=\"elementor-element elementor-element-6ed5100e elementor-widget elementor-widget-html\" data-id=\"6ed5100e\" data-element_type=\"widget\" data-widget_type=\"html.default\">\n\t\t\t\t<div class=\"elementor-widget-container\">\n\t\t\t\t\t<input type=\"checkbox\" id=\"toggle\" class=\"toggleCheckbox\" \/>\n<label for=\"toggle\" class=\"toggleContainer\">\n <div>Taux fixe<\/div> \n <div>Taux variable<\/div>\n<\/label>\t\t\t\t<\/div>\n\t\t\t\t<\/div>\n\t\t\t\t\t<\/div>\n\t\t\t\t<\/div>\n\t\t<div class=\"elementor-element elementor-element-3df908cd e-flex e-con-boxed e-con e-child\" data-id=\"3df908cd\" data-element_type=\"container\" data-settings=\"{&quot;background_background&quot;:&quot;classic&quot;}\">\n\t\t\t\t\t<div class=\"e-con-inner\">\n\t\t<div class=\"elementor-element elementor-element-27d4fe9e e-con-full e-flex e-con e-child\" data-id=\"27d4fe9e\" data-element_type=\"container\">\n\t\t\t\t<div class=\"elementor-element elementor-element-6b4d8d86 elementor-widget elementor-widget-text-editor\" data-id=\"6b4d8d86\" data-element_type=\"widget\" data-widget_type=\"text-editor.default\">\n\t\t\t\t<div class=\"elementor-widget-container\">\n\t\t\t\t\t\t\t\t\t<p>Appelez un de nos courtiers hypoth\u00e9caires d\u00e8s maintenant<\/p>\t\t\t\t\t\t\t\t<\/div>\n\t\t\t\t<\/div>\n\t\t\t\t<div class=\"elementor-element elementor-element-308c49dd elementor-align-left bannerbutton elementor-widget elementor-widget-banca_btn\" data-id=\"308c49dd\" data-element_type=\"widget\" data-widget_type=\"banca_btn.default\">\n\t\t\t\t<div class=\"elementor-widget-container\">\n\t\t\t\t\t            <a class=\"banca-ub-btn banca-ub-btn-normal banca-ub-btn-link elementor-button elementor-button-link elementor-size-lg ub-animation-left2right\" href=\"tel:514-907-4707\">\n                \n        <span class=\"elementor-button-content-wrapper\">\n            <span class=\"elementor-button-icon elementor-align-icon-left\">\n                            <\/span>\n            <span class=\"elementor-button-text\">\n                514-907-4707            <\/span>\n\t\t<\/span>\n                    <\/a>\n            \t\t\t\t<\/div>\n\t\t\t\t<\/div>\n\t\t\t\t<\/div>\n\t\t<div class=\"elementor-element elementor-element-7de913f8 e-con-full e-flex e-con e-child\" data-id=\"7de913f8\" data-element_type=\"container\">\n\t\t<div class=\"elementor-element elementor-element-3da70663 e-flex e-con-boxed e-con e-child\" data-id=\"3da70663\" data-element_type=\"container\" data-settings=\"{&quot;background_background&quot;:&quot;classic&quot;}\">\n\t\t\t\t\t<div class=\"e-con-inner\">\n\t\t\t\t<div class=\"elementor-element elementor-element-4ffac697 elementor-widget elementor-widget-heading\" data-id=\"4ffac697\" data-element_type=\"widget\" id=\"tauxfixe\" data-widget_type=\"heading.default\">\n\t\t\t\t<div class=\"elementor-widget-container\">\n\t\t\t\t\t<h2 class=\"elementor-heading-title elementor-size-default\">5 ans fixe* <span class=\"underline\" id=\"taux3\"><\/span><\/h2>\t\t\t\t<\/div>\n\t\t\t\t<\/div>\n\t\t\t\t<div class=\"elementor-element elementor-element-42b3d71c elementor-widget elementor-widget-heading\" data-id=\"42b3d71c\" data-element_type=\"widget\" id=\"tauxvariable\" data-widget_type=\"heading.default\">\n\t\t\t\t<div class=\"elementor-widget-container\">\n\t\t\t\t\t<h2 class=\"elementor-heading-title elementor-size-default\">5 ans variable* <span class=\"underline\" id=\"taux4\"><\/span> <\/h2>\t\t\t\t<\/div>\n\t\t\t\t<\/div>\n\t\t\t\t<div class=\"elementor-element elementor-element-1d07dcad elementor-align-left elementor-widget__width-inherit bannerbutton elementor-widget elementor-widget-banca_btn\" data-id=\"1d07dcad\" data-element_type=\"widget\" data-widget_type=\"banca_btn.default\">\n\t\t\t\t<div class=\"elementor-widget-container\">\n\t\t\t\t\t            <a class=\"banca-ub-btn banca-ub-btn-normal banca-ub-btn-link elementor-button elementor-button-link elementor-size-lg ub-animation-left2right\" href=\"#cta\">\n                \n        <span class=\"elementor-button-content-wrapper\">\n            <span class=\"elementor-button-icon elementor-align-icon-left\">\n                            <\/span>\n            <span class=\"elementor-button-text\">\n                Obtenir ce taux            <\/span>\n\t\t<\/span>\n                    <\/a>\n            \t\t\t\t<\/div>\n\t\t\t\t<\/div>\n\t\t\t\t\t<\/div>\n\t\t\t\t<\/div>\n\t\t\t\t<\/div>\n\t\t\t\t\t<\/div>\n\t\t\t\t<\/div>\n\t\t<div class=\"elementor-element elementor-element-27d0d18a e-flex e-con-boxed e-con e-child\" data-id=\"27d0d18a\" data-element_type=\"container\" data-settings=\"{&quot;background_background&quot;:&quot;classic&quot;}\">\n\t\t\t\t\t<div class=\"e-con-inner\">\n\t\t\t\t<div class=\"elementor-element elementor-element-221bf917 elementor-widget elementor-widget-text-editor\" data-id=\"221bf917\" data-element_type=\"widget\" data-widget_type=\"text-editor.default\">\n\t\t\t\t<div class=\"elementor-widget-container\">\n\t\t\t\t\t\t\t\t\t<a href=\"https:\/\/hypothequerapide.com\/les-taux\"><span style=\"text-decoration: underline;\">Consulter tous les taux en date du 11\/04\/26<\/span><\/a>\t\t\t\t\t\t\t\t<\/div>\n\t\t\t\t<\/div>\n\t\t\t\t\t<\/div>\n\t\t\t\t<\/div>\n\t\t\t\t<\/div>\n\t\t\t\t<div class=\"elementor-element elementor-element-33b2968b elementor-widget__width-initial elementor-widget elementor-widget-text-editor\" data-id=\"33b2968b\" data-element_type=\"widget\" data-widget_type=\"text-editor.default\">\n\t\t\t\t<div class=\"elementor-widget-container\">\n\t\t\t\t\t\t\t\t\t<span style=\"font-size: 10px;\">*Des conditions s\u2019appliquent. Taux en vigueur aujourd\u2019hui.<\/span>\t\t\t\t\t\t\t\t<\/div>\n\t\t\t\t<\/div>\n\t\t\t\t\t<\/div>\n\t\t<\/div>\n\t\t\t\t<div class=\"elementor-column elementor-col-50 elementor-top-column elementor-element elementor-element-74e423ce elementor-hidden-tablet elementor-hidden-mobile\" data-id=\"74e423ce\" data-element_type=\"column\" data-settings=\"{&quot;background_background&quot;:&quot;classic&quot;}\">\n\t\t\t<div class=\"elementor-widget-wrap\">\n\t\t\t\t\t\t\t<\/div>\n\t\t<\/div>\n\t\t\t\t\t<\/div>\n\t\t<\/section>\n\t\t<div class=\"elementor-element elementor-element-651a1e2 e-flex e-con-boxed e-con e-parent\" data-id=\"651a1e2\" data-element_type=\"container\" data-settings=\"{&quot;background_background&quot;:&quot;classic&quot;}\">\n\t\t\t\t\t<div class=\"e-con-inner\">\n\t\t\t\t<div class=\"elementor-element elementor-element-f8975ed elementor-widget elementor-widget-heading\" data-id=\"f8975ed\" data-element_type=\"widget\" data-widget_type=\"heading.default\">\n\t\t\t\t<div class=\"elementor-widget-container\">\n\t\t\t\t\t<h2 class=\"elementor-heading-title elementor-size-default\"><span class=\"underline\">Financer vos r\u00e9novations<\/span><\/h2>\t\t\t\t<\/div>\n\t\t\t\t<\/div>\n\t\t<div class=\"elementor-element elementor-element-b911671 e-con-full e-flex e-con e-child\" data-id=\"b911671\" data-element_type=\"container\">\n\t\t\t\t<div class=\"elementor-element elementor-element-c197ee1 elementor-widget__width-initial elementor-widget elementor-widget-text-editor\" data-id=\"c197ee1\" data-element_type=\"widget\" data-widget_type=\"text-editor.default\">\n\t\t\t\t<div class=\"elementor-widget-container\">\n\t\t\t\t\t\t\t\t\t<p><strong>Pourquoi r\u00e9nover?<\/strong><\/p><p>Chacun a ses raisons de vouloir r\u00e9nover. Il s\u2019agit parfois d\u2019un simple besoin de changement. Autres fois, les raisons sont d\u2019ordre pratique. Si vous vous r\u00e9veillez un jour et trouvez votre sous-sol inond\u00e9 ou votre plafond endommag\u00e9 par l\u2019eau, vous savez qu\u2019il faut agir rapidement.<\/p><p>En g\u00e9n\u00e9ral, il existe trois types de r\u00e9novation: mode de vie, am\u00e9lioration de l\u2019efficacit\u00e9 thermique et entretien ou r\u00e9paration. Les r\u00e9novations de mode de vie am\u00e9liorent votre maison et votre mode de vie. Ces projets peuvent comprendre la construction, pour votre plaisir, d\u2019un solarium ou la conversion d\u2019espace inutilis\u00e9 au grenier en espace habitable et r\u00e9pondre ainsi \u00e0 vos nouveaux besoins. Une r\u00e9novation r\u00e9ussie est peut-\u00eatre la r\u00e9alisation d\u2019un r\u00eave mais sans une planification et une gestion serr\u00e9e, ce r\u00eave peut se transformer en cauchemar.<\/p><p>Essayez de minimiser vos co\u00fbts lorsque vous effectuez des r\u00e9novations. Au lieu de poser un nouveau parquet, vous pouvez emprunter une ponceuse et sabler votre plancher; \u00e7a va r\u00e9duire vos d\u00e9penses. Souvent, vous pouvez remettre les choses en bonne \u00e9tat, plut\u00f4t que d\u2019investir dans du neuf. Comme la plupart des gens ont dit, l\u2019image compte. Cela signifie que vos r\u00e9novations devraient viser \u00e0 accro\u00eetre la valeur esth\u00e9tique de votre maison. L\u2019apparence est quelque chose que vous ne pouvez pas n\u00e9gocier avec l\u2019acheteur En m\u00eame temps, elle peut encore affecter consid\u00e9rablement leur d\u00e9cision d\u2019achat, alors vous devriez porter une attention particuli\u00e8re au moment de faire les r\u00e9novations.<\/p><p>Dans l\u2019ensemble, les r\u00e9novations de la maison avant la vente peuvent augmenter consid\u00e9rablement la valeur de la maison. Assurez-vous de remodeler la salle de bain et la cuisine ainsi que l\u2019augmentation de l\u2019attrait global de la maison gr\u00e2ce \u00e0 des travaux de r\u00e9novation intelligents et un nouveau travail de peinture. De cette fa\u00e7on, vous serez en mesure de vendre votre maison plus rapidement et \u00e0 un bon prix.<\/p><p>Renseignez-vous. V\u00e9rifiez soigneusement avant de prendre en main un marteau, prenez plut\u00f4t un livre ou une vid\u00e9o sur la r\u00e9novation r\u00e9sidentielle. Parlez-en \u00e0 des amis ou voisins qui ont d\u00e9j\u00e0 fait des r\u00e9novations. Explorez toutes les avenues et n\u2019oubliez pas le credo du menuisier: mesurez deux fois, ne coupez qu\u2019une seule fois. Les erreurs sur papier ne sont ni difficiles \u00e0 corriger ni ch\u00e8res, tandis que celles sur le chantier le sont.<\/p>\t\t\t\t\t\t\t\t<\/div>\n\t\t\t\t<\/div>\n\t\t\t\t<div class=\"elementor-element elementor-element-03f7425 elementor-widget elementor-widget-heading\" data-id=\"03f7425\" data-element_type=\"widget\" data-widget_type=\"heading.default\">\n\t\t\t\t<div class=\"elementor-widget-container\">\n\t\t\t\t\t<h2 class=\"elementor-heading-title elementor-size-default\"><span class=\"underline\">Les questions suivantes vous aideront<\/span> \u00e0 vous assurer que vous \u00eates sur la bonne voie\u00a0:<\/h2>\t\t\t\t<\/div>\n\t\t\t\t<\/div>\n\t\t\t\t<\/div>\n\t\t<div class=\"elementor-element elementor-element-ad2f28e e-flex e-con-boxed e-con e-child\" data-id=\"ad2f28e\" data-element_type=\"container\" data-settings=\"{&quot;background_background&quot;:&quot;classic&quot;}\">\n\t\t\t\t\t<div class=\"e-con-inner\">\n\t\t<div class=\"elementor-element elementor-element-16c052c e-con-full e-flex e-con e-child\" data-id=\"16c052c\" data-element_type=\"container\" data-settings=\"{&quot;background_background&quot;:&quot;classic&quot;}\">\n\t\t\t\t<div class=\"elementor-element elementor-element-68f13fa elementor-widget elementor-widget-heading\" data-id=\"68f13fa\" data-element_type=\"widget\" data-widget_type=\"heading.default\">\n\t\t\t\t<div class=\"elementor-widget-container\">\n\t\t\t\t\t<h5 class=\"elementor-heading-title elementor-size-default\">Avez-vous d\u2019autres choix que de faire les r\u00e9novations d\u2019entretien?<\/h5>\t\t\t\t<\/div>\n\t\t\t\t<\/div>\n\t\t\t\t<div class=\"elementor-element elementor-element-76e9141 elementor-widget elementor-widget-text-editor\" data-id=\"76e9141\" data-element_type=\"widget\" data-widget_type=\"text-editor.default\">\n\t\t\t\t<div class=\"elementor-widget-container\">\n\t\t\t\t\t\t\t\t\t<p>Bien s\u00fbr vous devez entretenir votre maison pour prot\u00e9ger votre investissement: mais des r\u00e9novations de mode de vie et m\u00eame certains projets de r\u00e9novation d\u2019am\u00e9lioration de l\u2019efficacit\u00e9 thermique peuvent ne pas \u00eatre pratiques, voire faisables.<\/p>\t\t\t\t\t\t\t\t<\/div>\n\t\t\t\t<\/div>\n\t\t\t\t<\/div>\n\t\t<div class=\"elementor-element elementor-element-ccb6f1a e-con-full e-flex e-con e-child\" data-id=\"ccb6f1a\" data-element_type=\"container\" data-settings=\"{&quot;background_background&quot;:&quot;classic&quot;}\">\n\t\t\t\t<div class=\"elementor-element elementor-element-4da15fe elementor-widget elementor-widget-heading\" data-id=\"4da15fe\" data-element_type=\"widget\" data-widget_type=\"heading.default\">\n\t\t\t\t<div class=\"elementor-widget-container\">\n\t\t\t\t\t<h5 class=\"elementor-heading-title elementor-size-default\">Avez-vous des attentes claires?<br><br><\/h5>\t\t\t\t<\/div>\n\t\t\t\t<\/div>\n\t\t\t\t<div class=\"elementor-element elementor-element-7350c3e elementor-widget elementor-widget-text-editor\" data-id=\"7350c3e\" data-element_type=\"widget\" data-widget_type=\"text-editor.default\">\n\t\t\t\t<div class=\"elementor-widget-container\">\n\t\t\t\t\t\t\t\t\t<p>Apprenez \u00e0 distinguer ce qui est souhaitable de ce qui est essentiel. Presque toutes les r\u00e9novations que vous entreprendrez augmenteront, ou du moins prot\u00e9geront, la valeur de votre maison.<\/p>\t\t\t\t\t\t\t\t<\/div>\n\t\t\t\t<\/div>\n\t\t\t\t<\/div>\n\t\t\t\t\t<\/div>\n\t\t\t\t<\/div>\n\t\t\t\t<div class=\"elementor-element elementor-element-c637a03 elementor-widget__width-initial elementor-widget elementor-widget-text-editor\" data-id=\"c637a03\" data-element_type=\"widget\" data-widget_type=\"text-editor.default\">\n\t\t\t\t<div class=\"elementor-widget-container\">\n\t\t\t\t\t\t\t\t\t<p>Toutefois, les r\u00e9novations de la cuisine et de la salle de bains ainsi que la peinture seront les plus rentables lorsque viendra le temps de vendre. Si vos taxes fonci\u00e8res et vos primes d\u2019assurance augmentent, cette majoration est g\u00e9n\u00e9ralement faible.<\/p>\t\t\t\t\t\t\t\t<\/div>\n\t\t\t\t<\/div>\n\t\t\t\t\t<\/div>\n\t\t\t\t<\/div>\n\t\t\t\t<\/div>\n\t\t","protected":false},"excerpt":{"rendered":"<p>R\u00e9novations Vous \u00eates au bon endroit! En une seule demande, l\u2019\u00e9quipe Mathieu Lebrun n\u00e9gocie pour vous le meilleur taux possible pour le financement de vos r\u00e9novations, et ce, aupr\u00e8s de plus de 30 institutions financi\u00e8res. Obtenez le meilleur taux pour le financement de vos r\u00e9novations. Taux fixe Taux variable Appelez un de nos courtiers hypoth\u00e9caires [&hellip;]<\/p>\n","protected":false},"author":1,"featured_media":0,"parent":14073,"menu_order":0,"comment_status":"closed","ping_status":"closed","template":"elementor_header_footer","meta":{"_acf_changed":false,"inline_featured_image":false,"footnotes":""},"class_list":["post-14177","page","type-page","status-publish","hentry","no-post-thumbnail"],"acf":[],"yoast_head":"<!-- This site is optimized with the Yoast SEO plugin v26.6 - https:\/\/yoast.com\/wordpress\/plugins\/seo\/ -->\n<title>Multi-Pr\u00eats MR | \u00c9quipe Mathieu Lebrun | R\u00e9novations<\/title>\n<meta name=\"description\" content=\"Financer vos r\u00e9novations: qu&#039;es-ce que vous devez consid\u00e9rer\" \/>\n<meta name=\"robots\" content=\"index, follow, max-snippet:-1, max-image-preview:large, max-video-preview:-1\" \/>\n<link rel=\"canonical\" href=\"https:\/\/hypothequerapide.com\/fr\/services\/renovations\" \/>\n<meta property=\"og:locale\" content=\"fr_FR\" \/>\n<meta property=\"og:type\" content=\"article\" \/>\n<meta property=\"og:title\" content=\"Multi-Pr\u00eats MR | \u00c9quipe Mathieu Lebrun | R\u00e9novations\" \/>\n<meta property=\"og:description\" content=\"Financer vos r\u00e9novations: qu&#039;es-ce que vous devez consid\u00e9rer\" \/>\n<meta property=\"og:url\" content=\"https:\/\/hypothequerapide.com\/fr\/services\/renovations\" \/>\n<meta property=\"og:site_name\" content=\"Multi-Pr\u00eats MR \u00c9quipe Mathieu Lebrun\" \/>\n<meta property=\"article:modified_time\" content=\"2025-08-04T18:17:50+00:00\" \/>\n<meta name=\"twitter:card\" content=\"summary_large_image\" \/>\n<meta name=\"twitter:label1\" content=\"Dur\u00e9e de lecture estim\u00e9e\" \/>\n\t<meta name=\"twitter:data1\" content=\"4 minutes\" \/>\n<script type=\"application\/ld+json\" class=\"yoast-schema-graph\">{\"@context\":\"https:\/\/schema.org\",\"@graph\":[{\"@type\":\"WebPage\",\"@id\":\"https:\/\/hypothequerapide.com\/fr\/services\/renovations\",\"url\":\"https:\/\/hypothequerapide.com\/fr\/services\/renovations\",\"name\":\"Multi-Pr\u00eats MR | \u00c9quipe Mathieu Lebrun | R\u00e9novations\",\"isPartOf\":{\"@id\":\"\/#website\"},\"datePublished\":\"2024-06-02T01:47:48+00:00\",\"dateModified\":\"2025-08-04T18:17:50+00:00\",\"description\":\"Financer vos r\u00e9novations: qu'es-ce que vous devez consid\u00e9rer\",\"breadcrumb\":{\"@id\":\"https:\/\/hypothequerapide.com\/fr\/services\/renovations#breadcrumb\"},\"inLanguage\":\"fr-FR\",\"potentialAction\":[{\"@type\":\"ReadAction\",\"target\":[\"https:\/\/hypothequerapide.com\/fr\/services\/renovations\"]}]},{\"@type\":\"BreadcrumbList\",\"@id\":\"https:\/\/hypothequerapide.com\/fr\/services\/renovations#breadcrumb\",\"itemListElement\":[{\"@type\":\"ListItem\",\"position\":1,\"name\":\"Accueil\",\"item\":\"https:\/\/hypothequerapide.com\/fr\"},{\"@type\":\"ListItem\",\"position\":2,\"name\":\"Services\",\"item\":\"https:\/\/hypothequerapide.com\/fr\/services\"},{\"@type\":\"ListItem\",\"position\":3,\"name\":\"R\u00e9novations\"}]},{\"@type\":\"WebSite\",\"@id\":\"\/#website\",\"url\":\"\/\",\"name\":\"Multi-Pr\u00eats MR \u00c9quipe Mathieu Lebrun\",\"description\":\"\",\"publisher\":{\"@id\":\"\/#organization\"},\"potentialAction\":[{\"@type\":\"SearchAction\",\"target\":{\"@type\":\"EntryPoint\",\"urlTemplate\":\"\/?s={search_term_string}\"},\"query-input\":{\"@type\":\"PropertyValueSpecification\",\"valueRequired\":true,\"valueName\":\"search_term_string\"}}],\"inLanguage\":\"fr-FR\"},{\"@type\":\"Organization\",\"@id\":\"\/#organization\",\"name\":\"Multi-Pr\u00eats MR \u00c9quipe Mathieu Lebrun\",\"url\":\"\/\",\"logo\":{\"@type\":\"ImageObject\",\"inLanguage\":\"fr-FR\",\"@id\":\"\/#\/schema\/logo\/image\/\",\"url\":\"https:\/\/hypothequerapide.com\/wp-content\/uploads\/2024\/04\/27765.png\",\"contentUrl\":\"https:\/\/hypothequerapide.com\/wp-content\/uploads\/2024\/04\/27765.png\",\"width\":160,\"height\":84,\"caption\":\"Multi-Pr\u00eats MR \u00c9quipe Mathieu Lebrun\"},\"image\":{\"@id\":\"\/#\/schema\/logo\/image\/\"}}]}<\/script>\n<!-- \/ Yoast SEO plugin. -->","yoast_head_json":{"title":"Multi-Pr\u00eats MR | \u00c9quipe Mathieu Lebrun | R\u00e9novations","description":"Financer vos r\u00e9novations: qu'es-ce que vous devez consid\u00e9rer","robots":{"index":"index","follow":"follow","max-snippet":"max-snippet:-1","max-image-preview":"max-image-preview:large","max-video-preview":"max-video-preview:-1"},"canonical":"https:\/\/hypothequerapide.com\/fr\/services\/renovations","og_locale":"fr_FR","og_type":"article","og_title":"Multi-Pr\u00eats MR | \u00c9quipe Mathieu Lebrun | R\u00e9novations","og_description":"Financer vos r\u00e9novations: qu'es-ce que vous devez consid\u00e9rer","og_url":"https:\/\/hypothequerapide.com\/fr\/services\/renovations","og_site_name":"Multi-Pr\u00eats MR \u00c9quipe Mathieu Lebrun","article_modified_time":"2025-08-04T18:17:50+00:00","twitter_card":"summary_large_image","twitter_misc":{"Dur\u00e9e de lecture estim\u00e9e":"4 minutes"},"schema":{"@context":"https:\/\/schema.org","@graph":[{"@type":"WebPage","@id":"https:\/\/hypothequerapide.com\/fr\/services\/renovations","url":"https:\/\/hypothequerapide.com\/fr\/services\/renovations","name":"Multi-Pr\u00eats MR | \u00c9quipe Mathieu Lebrun | R\u00e9novations","isPartOf":{"@id":"\/#website"},"datePublished":"2024-06-02T01:47:48+00:00","dateModified":"2025-08-04T18:17:50+00:00","description":"Financer vos r\u00e9novations: qu'es-ce que vous devez consid\u00e9rer","breadcrumb":{"@id":"https:\/\/hypothequerapide.com\/fr\/services\/renovations#breadcrumb"},"inLanguage":"fr-FR","potentialAction":[{"@type":"ReadAction","target":["https:\/\/hypothequerapide.com\/fr\/services\/renovations"]}]},{"@type":"BreadcrumbList","@id":"https:\/\/hypothequerapide.com\/fr\/services\/renovations#breadcrumb","itemListElement":[{"@type":"ListItem","position":1,"name":"Accueil","item":"https:\/\/hypothequerapide.com\/fr"},{"@type":"ListItem","position":2,"name":"Services","item":"https:\/\/hypothequerapide.com\/fr\/services"},{"@type":"ListItem","position":3,"name":"R\u00e9novations"}]},{"@type":"WebSite","@id":"\/#website","url":"\/","name":"Multi-Pr\u00eats MR \u00c9quipe Mathieu Lebrun","description":"","publisher":{"@id":"\/#organization"},"potentialAction":[{"@type":"SearchAction","target":{"@type":"EntryPoint","urlTemplate":"\/?s={search_term_string}"},"query-input":{"@type":"PropertyValueSpecification","valueRequired":true,"valueName":"search_term_string"}}],"inLanguage":"fr-FR"},{"@type":"Organization","@id":"\/#organization","name":"Multi-Pr\u00eats MR \u00c9quipe Mathieu Lebrun","url":"\/","logo":{"@type":"ImageObject","inLanguage":"fr-FR","@id":"\/#\/schema\/logo\/image\/","url":"https:\/\/hypothequerapide.com\/wp-content\/uploads\/2024\/04\/27765.png","contentUrl":"https:\/\/hypothequerapide.com\/wp-content\/uploads\/2024\/04\/27765.png","width":160,"height":84,"caption":"Multi-Pr\u00eats MR \u00c9quipe Mathieu Lebrun"},"image":{"@id":"\/#\/schema\/logo\/image\/"}}]}},"_links":{"self":[{"href":"https:\/\/hypothequerapide.com\/fr\/wp-json\/wp\/v2\/pages\/14177","targetHints":{"allow":["GET"]}}],"collection":[{"href":"https:\/\/hypothequerapide.com\/fr\/wp-json\/wp\/v2\/pages"}],"about":[{"href":"https:\/\/hypothequerapide.com\/fr\/wp-json\/wp\/v2\/types\/page"}],"author":[{"embeddable":true,"href":"https:\/\/hypothequerapide.com\/fr\/wp-json\/wp\/v2\/users\/1"}],"replies":[{"embeddable":true,"href":"https:\/\/hypothequerapide.com\/fr\/wp-json\/wp\/v2\/comments?post=14177"}],"version-history":[{"count":48,"href":"https:\/\/hypothequerapide.com\/fr\/wp-json\/wp\/v2\/pages\/14177\/revisions"}],"predecessor-version":[{"id":18594,"href":"https:\/\/hypothequerapide.com\/fr\/wp-json\/wp\/v2\/pages\/14177\/revisions\/18594"}],"up":[{"embeddable":true,"href":"https:\/\/hypothequerapide.com\/fr\/wp-json\/wp\/v2\/pages\/14073"}],"wp:attachment":[{"href":"https:\/\/hypothequerapide.com\/fr\/wp-json\/wp\/v2\/media?parent=14177"}],"curies":[{"name":"wp","href":"https:\/\/api.w.org\/{rel}","templated":true}]}}