{"id":14223,"date":"2024-06-02T02:32:43","date_gmt":"2024-06-02T02:32:43","guid":{"rendered":"https:\/\/hypothequerapide.com\/?page_id=14223"},"modified":"2025-08-04T18:19:10","modified_gmt":"2025-08-04T18:19:10","slug":"pre-approbation","status":"publish","type":"page","link":"https:\/\/hypothequerapide.com\/fr\/services\/pre-approbation","title":{"rendered":"Pr\u00e9-approbation"},"content":{"rendered":"\t\t<div data-elementor-type=\"wp-page\" data-elementor-id=\"14223\" class=\"elementor elementor-14223\" data-elementor-post-type=\"page\">\n\t\t\t\t\t\t<section class=\"elementor-section elementor-top-section elementor-element elementor-element-8d5f7c2 elementor-section-boxed elementor-section-height-default elementor-section-height-default\" data-id=\"8d5f7c2\" data-element_type=\"section\" data-settings=\"{&quot;background_background&quot;:&quot;classic&quot;}\">\n\t\t\t\t\t\t<div class=\"elementor-container elementor-column-gap-no\">\n\t\t\t\t\t<div class=\"elementor-column elementor-col-50 elementor-top-column elementor-element elementor-element-6913a3e3\" data-id=\"6913a3e3\" data-element_type=\"column\" data-settings=\"{&quot;background_background&quot;:&quot;classic&quot;}\">\n\t\t\t<div class=\"elementor-widget-wrap elementor-element-populated\">\n\t\t\t\t\t\t<div class=\"elementor-element elementor-element-3922e687 elementor-widget__width-initial elementor-widget elementor-widget-heading\" data-id=\"3922e687\" data-element_type=\"widget\" data-widget_type=\"heading.default\">\n\t\t\t\t<div class=\"elementor-widget-container\">\n\t\t\t\t\t<h2 class=\"elementor-heading-title elementor-size-default\">Pr\u00e9-approbation<\/h2>\t\t\t\t<\/div>\n\t\t\t\t<\/div>\n\t\t\t\t<div class=\"elementor-element elementor-element-3ac2be29 elementor-widget__width-initial elementor-widget elementor-widget-text-editor\" data-id=\"3ac2be29\" data-element_type=\"widget\" data-widget_type=\"text-editor.default\">\n\t\t\t\t<div class=\"elementor-widget-container\">\n\t\t\t\t\t\t\t\t\t<p>Vous \u00eates au bon endroit! En une seule demande, l\u2019\u00e9quipe Mathieu Lebrun n\u00e9gocie pour vous le meilleur taux possible, et ce, aupr\u00e8s de plus de 30 institutions financi\u00e8res.<\/p>\t\t\t\t\t\t\t\t<\/div>\n\t\t\t\t<\/div>\n\t\t<div class=\"elementor-element elementor-element-573f54d4 e-con-full e-flex e-con e-parent\" data-id=\"573f54d4\" data-element_type=\"container\" data-settings=\"{&quot;background_background&quot;:&quot;classic&quot;}\">\n\t\t<div class=\"elementor-element elementor-element-5eed970f e-flex e-con-boxed e-con e-child\" data-id=\"5eed970f\" data-element_type=\"container\" data-settings=\"{&quot;background_background&quot;:&quot;classic&quot;}\">\n\t\t\t\t\t<div class=\"e-con-inner\">\n\t\t\t\t<div class=\"elementor-element elementor-element-3f2b54e0 elementor-widget elementor-widget-text-editor\" data-id=\"3f2b54e0\" data-element_type=\"widget\" data-widget_type=\"text-editor.default\">\n\t\t\t\t<div class=\"elementor-widget-container\">\n\t\t\t\t\t\t\t\t\t<p>Obtenez une pr\u00e9-qualification hypoth\u00e9caire.<\/p>\t\t\t\t\t\t\t\t<\/div>\n\t\t\t\t<\/div>\n\t\t\t\t\t<\/div>\n\t\t\t\t<\/div>\n\t\t<div class=\"elementor-element elementor-element-5bcade41 e-flex e-con-boxed e-con e-child\" data-id=\"5bcade41\" data-element_type=\"container\" data-settings=\"{&quot;background_background&quot;:&quot;classic&quot;}\">\n\t\t\t\t\t<div class=\"e-con-inner\">\n\t\t\t\t<div class=\"elementor-element elementor-element-4d510e83 elementor-widget elementor-widget-html\" data-id=\"4d510e83\" data-element_type=\"widget\" data-widget_type=\"html.default\">\n\t\t\t\t<div class=\"elementor-widget-container\">\n\t\t\t\t\t<input type=\"checkbox\" id=\"toggle\" class=\"toggleCheckbox\" \/>\n<label for=\"toggle\" class=\"toggleContainer\">\n <div>Taux fixe<\/div> \n <div>Taux variable<\/div>\n<\/label>\t\t\t\t<\/div>\n\t\t\t\t<\/div>\n\t\t\t\t\t<\/div>\n\t\t\t\t<\/div>\n\t\t<div class=\"elementor-element elementor-element-375819fe e-flex e-con-boxed e-con e-child\" data-id=\"375819fe\" data-element_type=\"container\" data-settings=\"{&quot;background_background&quot;:&quot;classic&quot;}\">\n\t\t\t\t\t<div class=\"e-con-inner\">\n\t\t<div class=\"elementor-element elementor-element-41cadc29 e-con-full e-flex e-con e-child\" data-id=\"41cadc29\" data-element_type=\"container\">\n\t\t\t\t<div class=\"elementor-element elementor-element-8421039 elementor-widget elementor-widget-text-editor\" data-id=\"8421039\" data-element_type=\"widget\" data-widget_type=\"text-editor.default\">\n\t\t\t\t<div class=\"elementor-widget-container\">\n\t\t\t\t\t\t\t\t\t<p>Appelez un de nos courtiers hypoth\u00e9caires d\u00e8s maintenant<\/p>\t\t\t\t\t\t\t\t<\/div>\n\t\t\t\t<\/div>\n\t\t\t\t<div class=\"elementor-element elementor-element-68b50a34 elementor-align-left bannerbutton elementor-widget elementor-widget-banca_btn\" data-id=\"68b50a34\" data-element_type=\"widget\" data-widget_type=\"banca_btn.default\">\n\t\t\t\t<div class=\"elementor-widget-container\">\n\t\t\t\t\t            <a class=\"banca-ub-btn banca-ub-btn-normal banca-ub-btn-link elementor-button elementor-button-link elementor-size-lg ub-animation-left2right\" href=\"tel:514-907-4707\">\n                \n        <span class=\"elementor-button-content-wrapper\">\n            <span class=\"elementor-button-icon elementor-align-icon-left\">\n                            <\/span>\n            <span class=\"elementor-button-text\">\n                514-907-4707            <\/span>\n\t\t<\/span>\n                    <\/a>\n            \t\t\t\t<\/div>\n\t\t\t\t<\/div>\n\t\t\t\t<\/div>\n\t\t<div class=\"elementor-element elementor-element-5d351045 e-con-full e-flex e-con e-child\" data-id=\"5d351045\" data-element_type=\"container\">\n\t\t<div class=\"elementor-element elementor-element-4a297d49 e-flex e-con-boxed e-con e-child\" data-id=\"4a297d49\" data-element_type=\"container\" data-settings=\"{&quot;background_background&quot;:&quot;classic&quot;}\">\n\t\t\t\t\t<div class=\"e-con-inner\">\n\t\t\t\t<div class=\"elementor-element elementor-element-71902a5c elementor-widget elementor-widget-heading\" data-id=\"71902a5c\" data-element_type=\"widget\" id=\"tauxfixe\" data-widget_type=\"heading.default\">\n\t\t\t\t<div class=\"elementor-widget-container\">\n\t\t\t\t\t<h2 class=\"elementor-heading-title elementor-size-default\">5 ans fixe* <span class=\"underline\" id=\"taux3\"><\/span><\/h2>\t\t\t\t<\/div>\n\t\t\t\t<\/div>\n\t\t\t\t<div class=\"elementor-element elementor-element-7626d0e7 elementor-widget elementor-widget-heading\" data-id=\"7626d0e7\" data-element_type=\"widget\" id=\"tauxvariable\" data-widget_type=\"heading.default\">\n\t\t\t\t<div class=\"elementor-widget-container\">\n\t\t\t\t\t<h2 class=\"elementor-heading-title elementor-size-default\">5 ans variable* <span class=\"underline\" id=\"taux4\"><\/span> <\/h2>\t\t\t\t<\/div>\n\t\t\t\t<\/div>\n\t\t\t\t<div class=\"elementor-element elementor-element-3366e4fd elementor-align-left elementor-widget__width-inherit bannerbutton elementor-widget elementor-widget-banca_btn\" data-id=\"3366e4fd\" data-element_type=\"widget\" data-widget_type=\"banca_btn.default\">\n\t\t\t\t<div class=\"elementor-widget-container\">\n\t\t\t\t\t            <a class=\"banca-ub-btn banca-ub-btn-normal banca-ub-btn-link elementor-button elementor-button-link elementor-size-lg ub-animation-left2right\" href=\"#cta\">\n                \n        <span class=\"elementor-button-content-wrapper\">\n            <span class=\"elementor-button-icon elementor-align-icon-left\">\n                            <\/span>\n            <span class=\"elementor-button-text\">\n                Obtenir ce taux            <\/span>\n\t\t<\/span>\n                    <\/a>\n            \t\t\t\t<\/div>\n\t\t\t\t<\/div>\n\t\t\t\t\t<\/div>\n\t\t\t\t<\/div>\n\t\t\t\t<\/div>\n\t\t\t\t\t<\/div>\n\t\t\t\t<\/div>\n\t\t<div class=\"elementor-element elementor-element-5387b83 e-flex e-con-boxed e-con e-child\" data-id=\"5387b83\" data-element_type=\"container\" data-settings=\"{&quot;background_background&quot;:&quot;classic&quot;}\">\n\t\t\t\t\t<div class=\"e-con-inner\">\n\t\t\t\t<div class=\"elementor-element elementor-element-1b686317 elementor-widget elementor-widget-text-editor\" data-id=\"1b686317\" data-element_type=\"widget\" data-widget_type=\"text-editor.default\">\n\t\t\t\t<div class=\"elementor-widget-container\">\n\t\t\t\t\t\t\t\t\t<a href=\"https:\/\/hypothequerapide.com\/les-taux\"><span style=\"text-decoration: underline;\">Consulter tous les taux en date du 27\/04\/26<\/span><\/a>\t\t\t\t\t\t\t\t<\/div>\n\t\t\t\t<\/div>\n\t\t\t\t\t<\/div>\n\t\t\t\t<\/div>\n\t\t\t\t<\/div>\n\t\t\t\t<div class=\"elementor-element elementor-element-16fc726f elementor-widget__width-initial elementor-widget elementor-widget-text-editor\" data-id=\"16fc726f\" data-element_type=\"widget\" data-widget_type=\"text-editor.default\">\n\t\t\t\t<div class=\"elementor-widget-container\">\n\t\t\t\t\t\t\t\t\t<span style=\"font-size: 10px;\">*Des conditions s\u2019appliquent. Taux en vigueur aujourd\u2019hui.<\/span>\t\t\t\t\t\t\t\t<\/div>\n\t\t\t\t<\/div>\n\t\t\t\t\t<\/div>\n\t\t<\/div>\n\t\t\t\t<div class=\"elementor-column elementor-col-50 elementor-top-column elementor-element elementor-element-2bedc78c elementor-hidden-tablet elementor-hidden-mobile\" data-id=\"2bedc78c\" data-element_type=\"column\" data-settings=\"{&quot;background_background&quot;:&quot;classic&quot;}\">\n\t\t\t<div class=\"elementor-widget-wrap\">\n\t\t\t\t\t\t\t<\/div>\n\t\t<\/div>\n\t\t\t\t\t<\/div>\n\t\t<\/section>\n\t\t<div class=\"elementor-element elementor-element-651a1e2 e-flex e-con-boxed e-con e-parent\" data-id=\"651a1e2\" data-element_type=\"container\" data-settings=\"{&quot;background_background&quot;:&quot;classic&quot;}\">\n\t\t\t\t\t<div class=\"e-con-inner\">\n\t\t\t\t<div class=\"elementor-element elementor-element-f8975ed elementor-widget elementor-widget-heading\" data-id=\"f8975ed\" data-element_type=\"widget\" data-widget_type=\"heading.default\">\n\t\t\t\t<div class=\"elementor-widget-container\">\n\t\t\t\t\t<h2 class=\"elementor-heading-title elementor-size-default\"><span class=\"underline\">Pr\u00e9-Approbation<\/span> de votre Pr\u00eat Hypoth\u00e9caire<\/h2>\t\t\t\t<\/div>\n\t\t\t\t<\/div>\n\t\t\t\t<div class=\"elementor-element elementor-element-ea0bfeb elementor-widget__width-initial elementor-widget elementor-widget-text-editor\" data-id=\"ea0bfeb\" data-element_type=\"widget\" data-widget_type=\"text-editor.default\">\n\t\t\t\t<div class=\"elementor-widget-container\">\n\t\t\t\t\t\t\t\t\t<p><strong>Obtenez une pr\u00e9-qualification hypoth\u00e9caire<\/strong><\/p><p>Avant de partir magasiner, connaissez votre limite d&#8217;achat ! Avant de vous mettre \u00e0 la recherche d&#8217;une maison, vous avez besoin d&#8217;\u00e9tablir le prix que vous pouvez payer. Cela pourrait \u00eatre plus ou moins que vous le croyez. Tout d\u00e9pendra de ce que le pr\u00eateur voudra vous pr\u00eater, en fonction de votre revenu et le montant de votre mise de fonds actuelle ou que vous pourriez trouver. Obtenir votre pr\u00e9-qualification avant de chercher une maison, c&#8217;est \u00e9pargner temps, \u00e9nergie et frustration. De plus, c&#8217;est gratuit.<\/p>\t\t\t\t\t\t\t\t<\/div>\n\t\t\t\t<\/div>\n\t\t\t\t<div class=\"elementor-element elementor-element-31ca290 elementor-widget elementor-widget-heading\" data-id=\"31ca290\" data-element_type=\"widget\" data-widget_type=\"heading.default\">\n\t\t\t\t<div class=\"elementor-widget-container\">\n\t\t\t\t\t<h2 class=\"elementor-heading-title elementor-size-default\">La <span class=\"underline\">pr\u00e9-qualification<\/span><\/h2>\t\t\t\t<\/div>\n\t\t\t\t<\/div>\n\t\t<div class=\"elementor-element elementor-element-e3f97c1 e-flex e-con-boxed e-con e-child\" data-id=\"e3f97c1\" data-element_type=\"container\" data-settings=\"{&quot;background_background&quot;:&quot;classic&quot;}\">\n\t\t\t\t\t<div class=\"e-con-inner\">\n\t\t<div class=\"elementor-element elementor-element-871b33c e-con-full e-flex e-con e-child\" data-id=\"871b33c\" data-element_type=\"container\" data-settings=\"{&quot;background_background&quot;:&quot;classic&quot;}\">\n\t\t\t\t<div class=\"elementor-element elementor-element-3642b0a elementor-widget elementor-widget-heading\" data-id=\"3642b0a\" data-element_type=\"widget\" data-widget_type=\"heading.default\">\n\t\t\t\t<div class=\"elementor-widget-container\">\n\t\t\t\t\t<h5 class=\"elementor-heading-title elementor-size-default\">D\u00e9terminera le montant que vous pouvez payer votre maison.<\/h5>\t\t\t\t<\/div>\n\t\t\t\t<\/div>\n\t\t\t\t<div class=\"elementor-element elementor-element-92ee464 elementor-widget elementor-widget-text-editor\" data-id=\"92ee464\" data-element_type=\"widget\" data-widget_type=\"text-editor.default\">\n\t\t\t\t<div class=\"elementor-widget-container\">\n\t\t\t\t\t\t\t\t\t<p>La pr\u00e9-qualification vous permettra d\u2019acheter une plus grosse maison que vous pensiez vous permettre ou vous \u00e9vitera d\u2019\u00eatre d\u00e9\u00e7u de ne pouvoir l\u2019acheter aussi grosse que vous l\u2019auriez d\u00e9sir\u00e9.<\/p>\t\t\t\t\t\t\t\t<\/div>\n\t\t\t\t<\/div>\n\t\t\t\t<\/div>\n\t\t<div class=\"elementor-element elementor-element-c65658c e-con-full e-flex e-con e-child\" data-id=\"c65658c\" data-element_type=\"container\" data-settings=\"{&quot;background_background&quot;:&quot;classic&quot;}\">\n\t\t\t\t<div class=\"elementor-element elementor-element-a10025e elementor-widget elementor-widget-heading\" data-id=\"a10025e\" data-element_type=\"widget\" data-widget_type=\"heading.default\">\n\t\t\t\t<div class=\"elementor-widget-container\">\n\t\t\t\t\t<h5 class=\"elementor-heading-title elementor-size-default\">D\u00e9terminera le montant de capital requis pour acheter votre maison.<\/h5>\t\t\t\t<\/div>\n\t\t\t\t<\/div>\n\t\t\t\t<div class=\"elementor-element elementor-element-7beb4c3 elementor-widget elementor-widget-text-editor\" data-id=\"7beb4c3\" data-element_type=\"widget\" data-widget_type=\"text-editor.default\">\n\t\t\t\t<div class=\"elementor-widget-container\">\n\t\t\t\t\t\t\t\t\t<p>Vous saurez approximativement la somme d\u2019argent qu\u2019il vous faudra pour la mise de fonds et les frais de cl\u00f4ture du contrat.<\/p>\t\t\t\t\t\t\t\t<\/div>\n\t\t\t\t<\/div>\n\t\t\t\t<\/div>\n\t\t\t\t\t<\/div>\n\t\t\t\t<\/div>\n\t\t<div class=\"elementor-element elementor-element-78f9e0f e-flex e-con-boxed e-con e-child\" data-id=\"78f9e0f\" data-element_type=\"container\" data-settings=\"{&quot;background_background&quot;:&quot;classic&quot;}\">\n\t\t\t\t\t<div class=\"e-con-inner\">\n\t\t<div class=\"elementor-element elementor-element-28757c7 e-con-full e-flex e-con e-child\" data-id=\"28757c7\" data-element_type=\"container\" data-settings=\"{&quot;background_background&quot;:&quot;classic&quot;}\">\n\t\t\t\t<div class=\"elementor-element elementor-element-a572c1e elementor-widget elementor-widget-heading\" data-id=\"a572c1e\" data-element_type=\"widget\" data-widget_type=\"heading.default\">\n\t\t\t\t<div class=\"elementor-widget-container\">\n\t\t\t\t\t<h5 class=\"elementor-heading-title elementor-size-default\">Vous fera conna\u00eetre le montant de vos versements mensuels.<\/h5>\t\t\t\t<\/div>\n\t\t\t\t<\/div>\n\t\t\t\t<div class=\"elementor-element elementor-element-2a80034 elementor-widget elementor-widget-text-editor\" data-id=\"2a80034\" data-element_type=\"widget\" data-widget_type=\"text-editor.default\">\n\t\t\t\t<div class=\"elementor-widget-container\">\n\t\t\t\t\t\t\t\t\t<p>Vous aurez une bonne id\u00e9e des d\u00e9bours\u00e9s mensuels pour le capital, les int\u00e9r\u00eats, les taxes et les assurances.<\/p>\t\t\t\t\t\t\t\t<\/div>\n\t\t\t\t<\/div>\n\t\t\t\t<\/div>\n\t\t<div class=\"elementor-element elementor-element-5915dda e-con-full e-flex e-con e-child\" data-id=\"5915dda\" data-element_type=\"container\" data-settings=\"{&quot;background_background&quot;:&quot;classic&quot;}\">\n\t\t\t\t<div class=\"elementor-element elementor-element-bbf0f39 elementor-widget elementor-widget-heading\" data-id=\"bbf0f39\" data-element_type=\"widget\" data-widget_type=\"heading.default\">\n\t\t\t\t<div class=\"elementor-widget-container\">\n\t\t\t\t\t<h5 class=\"elementor-heading-title elementor-size-default\">Vous fera conna\u00eetre les programmes de financement qui peuvent r\u00e9pondre \u00e0 vos besoins.<\/h5>\t\t\t\t<\/div>\n\t\t\t\t<\/div>\n\t\t\t\t<div class=\"elementor-element elementor-element-6b91951 elementor-widget elementor-widget-text-editor\" data-id=\"6b91951\" data-element_type=\"widget\" data-widget_type=\"text-editor.default\">\n\t\t\t\t<div class=\"elementor-widget-container\">\n\t\t\t\t\t\t\t\t\t<p>Avec la gamme de programmes de pr\u00eats disponibles actuellement, il est important que vous sachiez lesquels sont faits pour vous et vos besoins.<\/p>\t\t\t\t\t\t\t\t<\/div>\n\t\t\t\t<\/div>\n\t\t\t\t<\/div>\n\t\t\t\t\t<\/div>\n\t\t\t\t<\/div>\n\t\t\t\t<div class=\"elementor-element elementor-element-ae16470 elementor-widget__width-initial elementor-widget elementor-widget-text-editor\" data-id=\"ae16470\" data-element_type=\"widget\" data-widget_type=\"text-editor.default\">\n\t\t\t\t<div class=\"elementor-widget-container\">\n\t\t\t\t\t\t\t\t\t<p>\u00c0 cette \u00e9tape-ci, le\u00a0<a href=\"https:\/\/hypothequerapide.com\/notre-blogue\/2022\/08\/08\/meilleur-courtier-hypoth%C3%A9caire\"><strong>courtier<\/strong><strong> hypoth\u00e9caire<\/strong><\/a>\u00a0peut aussi vous aider \u00e0 trouver des options et strat\u00e9gies pour vous permettre d&#8217;acheter la maison de vos r\u00eaves. Cela pourrait \u00eatre\u00a0:<\/p><ul><li>programme sp\u00e9cial pour l&#8217;acheteur<\/li><li>programmes de mises de fonds minimales<\/li><li>financement d&#8217;un cod\u00e9biteur hypoth\u00e9caire<\/li><li>aide pour la consolidation de dettes<\/li><\/ul><p>Pour votre pr\u00e9-qualification, le conseiller hypoth\u00e9caire aura besoin de conna\u00eetre\u00a0:<\/p><ul><li>votre historique d&#8217;emploi et vos revenus<\/li><li>les versements mensuels pour vos obligations et dettes<\/li><li>le montant et les sources d&#8217;argent disponibles pour mise de fonds et cl\u00f4ture du contrat<\/li><\/ul>\t\t\t\t\t\t\t\t<\/div>\n\t\t\t\t<\/div>\n\t\t\t\t\t<\/div>\n\t\t\t\t<\/div>\n\t\t\t\t<\/div>\n\t\t","protected":false},"excerpt":{"rendered":"<p>Consolidation de dettes<\/p>\n","protected":false},"author":1,"featured_media":0,"parent":14073,"menu_order":0,"comment_status":"closed","ping_status":"closed","template":"elementor_header_footer","meta":{"_acf_changed":false,"inline_featured_image":false,"footnotes":""},"class_list":["post-14223","page","type-page","status-publish","hentry","no-post-thumbnail"],"acf":[],"yoast_head":"<!-- This site is optimized with the Yoast SEO plugin v26.6 - https:\/\/yoast.com\/wordpress\/plugins\/seo\/ -->\n<title>Multi-Pr\u00eats MR | \u00c9quipe Mathieu Lebrun | Pr\u00e9-approbation<\/title>\n<meta name=\"description\" content=\"Pr\u00e9-approbation de votre pr\u00eat hypoth\u00e9caire: Nous vous aidons \u00e0 connaitre votre limite d&#039;emprunt et la meilleure strat\u00e9gie pour votre achat en fonction de votre mise de fond et votre situation\" \/>\n<meta name=\"robots\" content=\"index, follow, max-snippet:-1, max-image-preview:large, max-video-preview:-1\" \/>\n<link rel=\"canonical\" href=\"https:\/\/hypothequerapide.com\/fr\/services\/pre-approbation\" \/>\n<meta property=\"og:locale\" content=\"fr_FR\" \/>\n<meta property=\"og:type\" content=\"article\" \/>\n<meta property=\"og:title\" content=\"Multi-Pr\u00eats MR | \u00c9quipe Mathieu Lebrun | Pr\u00e9-approbation\" \/>\n<meta property=\"og:description\" content=\"Pr\u00e9-approbation de votre pr\u00eat hypoth\u00e9caire: Nous vous aidons \u00e0 connaitre votre limite d&#039;emprunt et la meilleure strat\u00e9gie pour votre achat en fonction de votre mise de fond et votre situation\" \/>\n<meta property=\"og:url\" content=\"https:\/\/hypothequerapide.com\/fr\/services\/pre-approbation\" \/>\n<meta property=\"og:site_name\" content=\"Multi-Pr\u00eats MR \u00c9quipe Mathieu Lebrun\" \/>\n<meta property=\"article:modified_time\" content=\"2025-08-04T18:19:10+00:00\" \/>\n<meta name=\"twitter:card\" content=\"summary_large_image\" \/>\n<meta name=\"twitter:label1\" content=\"Dur\u00e9e de lecture estim\u00e9e\" \/>\n\t<meta name=\"twitter:data1\" content=\"2 minutes\" \/>\n<script type=\"application\/ld+json\" class=\"yoast-schema-graph\">{\"@context\":\"https:\/\/schema.org\",\"@graph\":[{\"@type\":\"WebPage\",\"@id\":\"https:\/\/hypothequerapide.com\/fr\/services\/pre-approbation\",\"url\":\"https:\/\/hypothequerapide.com\/fr\/services\/pre-approbation\",\"name\":\"Multi-Pr\u00eats MR | \u00c9quipe Mathieu Lebrun | Pr\u00e9-approbation\",\"isPartOf\":{\"@id\":\"\/#website\"},\"datePublished\":\"2024-06-02T02:32:43+00:00\",\"dateModified\":\"2025-08-04T18:19:10+00:00\",\"description\":\"Pr\u00e9-approbation de votre pr\u00eat hypoth\u00e9caire: Nous vous aidons \u00e0 connaitre votre limite d'emprunt et la meilleure strat\u00e9gie pour votre achat en fonction de votre mise de fond et votre situation\",\"breadcrumb\":{\"@id\":\"https:\/\/hypothequerapide.com\/fr\/services\/pre-approbation#breadcrumb\"},\"inLanguage\":\"fr-FR\",\"potentialAction\":[{\"@type\":\"ReadAction\",\"target\":[\"https:\/\/hypothequerapide.com\/fr\/services\/pre-approbation\"]}]},{\"@type\":\"BreadcrumbList\",\"@id\":\"https:\/\/hypothequerapide.com\/fr\/services\/pre-approbation#breadcrumb\",\"itemListElement\":[{\"@type\":\"ListItem\",\"position\":1,\"name\":\"Accueil\",\"item\":\"https:\/\/hypothequerapide.com\/fr\"},{\"@type\":\"ListItem\",\"position\":2,\"name\":\"Services\",\"item\":\"https:\/\/hypothequerapide.com\/fr\/services\"},{\"@type\":\"ListItem\",\"position\":3,\"name\":\"Pr\u00e9-approbation\"}]},{\"@type\":\"WebSite\",\"@id\":\"\/#website\",\"url\":\"\/\",\"name\":\"Multi-Pr\u00eats MR \u00c9quipe Mathieu Lebrun\",\"description\":\"\",\"publisher\":{\"@id\":\"\/#organization\"},\"potentialAction\":[{\"@type\":\"SearchAction\",\"target\":{\"@type\":\"EntryPoint\",\"urlTemplate\":\"\/?s={search_term_string}\"},\"query-input\":{\"@type\":\"PropertyValueSpecification\",\"valueRequired\":true,\"valueName\":\"search_term_string\"}}],\"inLanguage\":\"fr-FR\"},{\"@type\":\"Organization\",\"@id\":\"\/#organization\",\"name\":\"Multi-Pr\u00eats MR \u00c9quipe Mathieu Lebrun\",\"url\":\"\/\",\"logo\":{\"@type\":\"ImageObject\",\"inLanguage\":\"fr-FR\",\"@id\":\"\/#\/schema\/logo\/image\/\",\"url\":\"https:\/\/hypothequerapide.com\/wp-content\/uploads\/2024\/04\/27765.png\",\"contentUrl\":\"https:\/\/hypothequerapide.com\/wp-content\/uploads\/2024\/04\/27765.png\",\"width\":160,\"height\":84,\"caption\":\"Multi-Pr\u00eats MR \u00c9quipe Mathieu Lebrun\"},\"image\":{\"@id\":\"\/#\/schema\/logo\/image\/\"}}]}<\/script>\n<!-- \/ Yoast SEO plugin. -->","yoast_head_json":{"title":"Multi-Pr\u00eats MR | \u00c9quipe Mathieu Lebrun | Pr\u00e9-approbation","description":"Pr\u00e9-approbation de votre pr\u00eat hypoth\u00e9caire: Nous vous aidons \u00e0 connaitre votre limite d'emprunt et la meilleure strat\u00e9gie pour votre achat en fonction de votre mise de fond et votre situation","robots":{"index":"index","follow":"follow","max-snippet":"max-snippet:-1","max-image-preview":"max-image-preview:large","max-video-preview":"max-video-preview:-1"},"canonical":"https:\/\/hypothequerapide.com\/fr\/services\/pre-approbation","og_locale":"fr_FR","og_type":"article","og_title":"Multi-Pr\u00eats MR | \u00c9quipe Mathieu Lebrun | Pr\u00e9-approbation","og_description":"Pr\u00e9-approbation de votre pr\u00eat hypoth\u00e9caire: Nous vous aidons \u00e0 connaitre votre limite d'emprunt et la meilleure strat\u00e9gie pour votre achat en fonction de votre mise de fond et votre situation","og_url":"https:\/\/hypothequerapide.com\/fr\/services\/pre-approbation","og_site_name":"Multi-Pr\u00eats MR \u00c9quipe Mathieu Lebrun","article_modified_time":"2025-08-04T18:19:10+00:00","twitter_card":"summary_large_image","twitter_misc":{"Dur\u00e9e de lecture estim\u00e9e":"2 minutes"},"schema":{"@context":"https:\/\/schema.org","@graph":[{"@type":"WebPage","@id":"https:\/\/hypothequerapide.com\/fr\/services\/pre-approbation","url":"https:\/\/hypothequerapide.com\/fr\/services\/pre-approbation","name":"Multi-Pr\u00eats MR | \u00c9quipe Mathieu Lebrun | Pr\u00e9-approbation","isPartOf":{"@id":"\/#website"},"datePublished":"2024-06-02T02:32:43+00:00","dateModified":"2025-08-04T18:19:10+00:00","description":"Pr\u00e9-approbation de votre pr\u00eat hypoth\u00e9caire: Nous vous aidons \u00e0 connaitre votre limite d'emprunt et la meilleure strat\u00e9gie pour votre achat en fonction de votre mise de fond et votre situation","breadcrumb":{"@id":"https:\/\/hypothequerapide.com\/fr\/services\/pre-approbation#breadcrumb"},"inLanguage":"fr-FR","potentialAction":[{"@type":"ReadAction","target":["https:\/\/hypothequerapide.com\/fr\/services\/pre-approbation"]}]},{"@type":"BreadcrumbList","@id":"https:\/\/hypothequerapide.com\/fr\/services\/pre-approbation#breadcrumb","itemListElement":[{"@type":"ListItem","position":1,"name":"Accueil","item":"https:\/\/hypothequerapide.com\/fr"},{"@type":"ListItem","position":2,"name":"Services","item":"https:\/\/hypothequerapide.com\/fr\/services"},{"@type":"ListItem","position":3,"name":"Pr\u00e9-approbation"}]},{"@type":"WebSite","@id":"\/#website","url":"\/","name":"Multi-Pr\u00eats MR \u00c9quipe Mathieu Lebrun","description":"","publisher":{"@id":"\/#organization"},"potentialAction":[{"@type":"SearchAction","target":{"@type":"EntryPoint","urlTemplate":"\/?s={search_term_string}"},"query-input":{"@type":"PropertyValueSpecification","valueRequired":true,"valueName":"search_term_string"}}],"inLanguage":"fr-FR"},{"@type":"Organization","@id":"\/#organization","name":"Multi-Pr\u00eats MR \u00c9quipe Mathieu Lebrun","url":"\/","logo":{"@type":"ImageObject","inLanguage":"fr-FR","@id":"\/#\/schema\/logo\/image\/","url":"https:\/\/hypothequerapide.com\/wp-content\/uploads\/2024\/04\/27765.png","contentUrl":"https:\/\/hypothequerapide.com\/wp-content\/uploads\/2024\/04\/27765.png","width":160,"height":84,"caption":"Multi-Pr\u00eats MR \u00c9quipe Mathieu Lebrun"},"image":{"@id":"\/#\/schema\/logo\/image\/"}}]}},"_links":{"self":[{"href":"https:\/\/hypothequerapide.com\/fr\/wp-json\/wp\/v2\/pages\/14223","targetHints":{"allow":["GET"]}}],"collection":[{"href":"https:\/\/hypothequerapide.com\/fr\/wp-json\/wp\/v2\/pages"}],"about":[{"href":"https:\/\/hypothequerapide.com\/fr\/wp-json\/wp\/v2\/types\/page"}],"author":[{"embeddable":true,"href":"https:\/\/hypothequerapide.com\/fr\/wp-json\/wp\/v2\/users\/1"}],"replies":[{"embeddable":true,"href":"https:\/\/hypothequerapide.com\/fr\/wp-json\/wp\/v2\/comments?post=14223"}],"version-history":[{"count":34,"href":"https:\/\/hypothequerapide.com\/fr\/wp-json\/wp\/v2\/pages\/14223\/revisions"}],"predecessor-version":[{"id":18603,"href":"https:\/\/hypothequerapide.com\/fr\/wp-json\/wp\/v2\/pages\/14223\/revisions\/18603"}],"up":[{"embeddable":true,"href":"https:\/\/hypothequerapide.com\/fr\/wp-json\/wp\/v2\/pages\/14073"}],"wp:attachment":[{"href":"https:\/\/hypothequerapide.com\/fr\/wp-json\/wp\/v2\/media?parent=14223"}],"curies":[{"name":"wp","href":"https:\/\/api.w.org\/{rel}","templated":true}]}}