{"id":14231,"date":"2024-06-02T02:37:42","date_gmt":"2024-06-02T02:37:42","guid":{"rendered":"https:\/\/hypothequerapide.com\/?page_id=14231"},"modified":"2025-08-04T18:20:16","modified_gmt":"2025-08-04T18:20:16","slug":"premier-acheteur","status":"publish","type":"page","link":"https:\/\/hypothequerapide.com\/fr\/services\/premier-acheteur","title":{"rendered":"Premier acheteur"},"content":{"rendered":"\t\t<div data-elementor-type=\"wp-page\" data-elementor-id=\"14231\" class=\"elementor elementor-14231\" data-elementor-post-type=\"page\">\n\t\t\t\t\t\t<section class=\"elementor-section elementor-top-section elementor-element elementor-element-6dd1c914 elementor-section-boxed elementor-section-height-default elementor-section-height-default\" data-id=\"6dd1c914\" data-element_type=\"section\" data-settings=\"{&quot;background_background&quot;:&quot;classic&quot;}\">\n\t\t\t\t\t\t<div class=\"elementor-container elementor-column-gap-no\">\n\t\t\t\t\t<div class=\"elementor-column elementor-col-50 elementor-top-column elementor-element elementor-element-7049a4e7\" data-id=\"7049a4e7\" data-element_type=\"column\" data-settings=\"{&quot;background_background&quot;:&quot;classic&quot;}\">\n\t\t\t<div class=\"elementor-widget-wrap elementor-element-populated\">\n\t\t\t\t\t\t<div class=\"elementor-element elementor-element-5c1720a4 elementor-widget__width-initial elementor-widget elementor-widget-heading\" data-id=\"5c1720a4\" data-element_type=\"widget\" data-widget_type=\"heading.default\">\n\t\t\t\t<div class=\"elementor-widget-container\">\n\t\t\t\t\t<h2 class=\"elementor-heading-title elementor-size-default\">Premier acheteur<\/h2>\t\t\t\t<\/div>\n\t\t\t\t<\/div>\n\t\t\t\t<div class=\"elementor-element elementor-element-6e861756 elementor-widget__width-initial elementor-widget elementor-widget-text-editor\" data-id=\"6e861756\" data-element_type=\"widget\" data-widget_type=\"text-editor.default\">\n\t\t\t\t<div class=\"elementor-widget-container\">\n\t\t\t\t\t\t\t\t\t<p>Vous \u00eates au bon endroit! En une seule demande, l\u2019\u00e9quipe Mathieu Lebrun n\u00e9gocie pour vous le meilleur taux possible, et ce, aupr\u00e8s de plus de 30 institutions financi\u00e8res.<\/p>\t\t\t\t\t\t\t\t<\/div>\n\t\t\t\t<\/div>\n\t\t<div class=\"elementor-element elementor-element-41e85cde e-con-full e-flex e-con e-parent\" data-id=\"41e85cde\" data-element_type=\"container\" data-settings=\"{&quot;background_background&quot;:&quot;classic&quot;}\">\n\t\t<div class=\"elementor-element elementor-element-37865498 e-flex e-con-boxed e-con e-child\" data-id=\"37865498\" data-element_type=\"container\" data-settings=\"{&quot;background_background&quot;:&quot;classic&quot;}\">\n\t\t\t\t\t<div class=\"e-con-inner\">\n\t\t\t\t<div class=\"elementor-element elementor-element-763a7a8e elementor-widget elementor-widget-text-editor\" data-id=\"763a7a8e\" data-element_type=\"widget\" data-widget_type=\"text-editor.default\">\n\t\t\t\t<div class=\"elementor-widget-container\">\n\t\t\t\t\t\t\t\t\t<p>Premier acheteur? Obtenez le meilleur taux.<\/p>\t\t\t\t\t\t\t\t<\/div>\n\t\t\t\t<\/div>\n\t\t\t\t\t<\/div>\n\t\t\t\t<\/div>\n\t\t<div class=\"elementor-element elementor-element-6dc0aada e-flex e-con-boxed e-con e-child\" data-id=\"6dc0aada\" data-element_type=\"container\" data-settings=\"{&quot;background_background&quot;:&quot;classic&quot;}\">\n\t\t\t\t\t<div class=\"e-con-inner\">\n\t\t\t\t<div class=\"elementor-element elementor-element-427f674d elementor-widget elementor-widget-html\" data-id=\"427f674d\" data-element_type=\"widget\" data-widget_type=\"html.default\">\n\t\t\t\t<div class=\"elementor-widget-container\">\n\t\t\t\t\t<input type=\"checkbox\" id=\"toggle\" class=\"toggleCheckbox\" \/>\n<label for=\"toggle\" class=\"toggleContainer\">\n <div>Taux fixe<\/div> \n <div>Taux variable<\/div>\n<\/label>\t\t\t\t<\/div>\n\t\t\t\t<\/div>\n\t\t\t\t\t<\/div>\n\t\t\t\t<\/div>\n\t\t<div class=\"elementor-element elementor-element-735d10e5 e-flex e-con-boxed e-con e-child\" data-id=\"735d10e5\" data-element_type=\"container\" data-settings=\"{&quot;background_background&quot;:&quot;classic&quot;}\">\n\t\t\t\t\t<div class=\"e-con-inner\">\n\t\t<div class=\"elementor-element elementor-element-4c4f0465 e-con-full e-flex e-con e-child\" data-id=\"4c4f0465\" data-element_type=\"container\">\n\t\t\t\t<div class=\"elementor-element elementor-element-4ec819a5 elementor-widget elementor-widget-text-editor\" data-id=\"4ec819a5\" data-element_type=\"widget\" data-widget_type=\"text-editor.default\">\n\t\t\t\t<div class=\"elementor-widget-container\">\n\t\t\t\t\t\t\t\t\t<p>Appelez un de nos courtiers hypoth\u00e9caires d\u00e8s maintenant<\/p>\t\t\t\t\t\t\t\t<\/div>\n\t\t\t\t<\/div>\n\t\t\t\t<div class=\"elementor-element elementor-element-6fa15ffe elementor-align-left bannerbutton elementor-widget elementor-widget-banca_btn\" data-id=\"6fa15ffe\" data-element_type=\"widget\" data-widget_type=\"banca_btn.default\">\n\t\t\t\t<div class=\"elementor-widget-container\">\n\t\t\t\t\t            <a class=\"banca-ub-btn banca-ub-btn-normal banca-ub-btn-link elementor-button elementor-button-link elementor-size-lg ub-animation-left2right\" href=\"tel:514-907-4707\">\n                \n        <span class=\"elementor-button-content-wrapper\">\n            <span class=\"elementor-button-icon elementor-align-icon-left\">\n                            <\/span>\n            <span class=\"elementor-button-text\">\n                514-907-4707            <\/span>\n\t\t<\/span>\n                    <\/a>\n            \t\t\t\t<\/div>\n\t\t\t\t<\/div>\n\t\t\t\t<\/div>\n\t\t<div class=\"elementor-element elementor-element-7dba987d e-con-full e-flex e-con e-child\" data-id=\"7dba987d\" data-element_type=\"container\">\n\t\t<div class=\"elementor-element elementor-element-6c86805f e-flex e-con-boxed e-con e-child\" data-id=\"6c86805f\" data-element_type=\"container\" data-settings=\"{&quot;background_background&quot;:&quot;classic&quot;}\">\n\t\t\t\t\t<div class=\"e-con-inner\">\n\t\t\t\t<div class=\"elementor-element elementor-element-251b6668 elementor-widget elementor-widget-heading\" data-id=\"251b6668\" data-element_type=\"widget\" id=\"tauxfixe\" data-widget_type=\"heading.default\">\n\t\t\t\t<div class=\"elementor-widget-container\">\n\t\t\t\t\t<h2 class=\"elementor-heading-title elementor-size-default\">5 ans fixe* <span class=\"underline\" id=\"taux3\"><\/span><\/h2>\t\t\t\t<\/div>\n\t\t\t\t<\/div>\n\t\t\t\t<div class=\"elementor-element elementor-element-21e25199 elementor-widget elementor-widget-heading\" data-id=\"21e25199\" data-element_type=\"widget\" id=\"tauxvariable\" data-widget_type=\"heading.default\">\n\t\t\t\t<div class=\"elementor-widget-container\">\n\t\t\t\t\t<h2 class=\"elementor-heading-title elementor-size-default\">5 ans variable* <span class=\"underline\" id=\"taux4\"><\/span> <\/h2>\t\t\t\t<\/div>\n\t\t\t\t<\/div>\n\t\t\t\t<div class=\"elementor-element elementor-element-7bd35e89 elementor-align-left elementor-widget__width-inherit bannerbutton elementor-widget elementor-widget-banca_btn\" data-id=\"7bd35e89\" data-element_type=\"widget\" data-widget_type=\"banca_btn.default\">\n\t\t\t\t<div class=\"elementor-widget-container\">\n\t\t\t\t\t            <a class=\"banca-ub-btn banca-ub-btn-normal banca-ub-btn-link elementor-button elementor-button-link elementor-size-lg ub-animation-left2right\" href=\"#cta\">\n                \n        <span class=\"elementor-button-content-wrapper\">\n            <span class=\"elementor-button-icon elementor-align-icon-left\">\n                            <\/span>\n            <span class=\"elementor-button-text\">\n                Obtenir ce taux            <\/span>\n\t\t<\/span>\n                    <\/a>\n            \t\t\t\t<\/div>\n\t\t\t\t<\/div>\n\t\t\t\t\t<\/div>\n\t\t\t\t<\/div>\n\t\t\t\t<\/div>\n\t\t\t\t\t<\/div>\n\t\t\t\t<\/div>\n\t\t<div class=\"elementor-element elementor-element-40701a67 e-flex e-con-boxed e-con e-child\" data-id=\"40701a67\" data-element_type=\"container\" data-settings=\"{&quot;background_background&quot;:&quot;classic&quot;}\">\n\t\t\t\t\t<div class=\"e-con-inner\">\n\t\t\t\t<div class=\"elementor-element elementor-element-6ac09907 elementor-widget elementor-widget-text-editor\" data-id=\"6ac09907\" data-element_type=\"widget\" data-widget_type=\"text-editor.default\">\n\t\t\t\t<div class=\"elementor-widget-container\">\n\t\t\t\t\t\t\t\t\t<a href=\"https:\/\/hypothequerapide.com\/les-taux\"><span style=\"text-decoration: underline;\">Consulter tous les taux en date du 19\/04\/26<\/span><\/a>\t\t\t\t\t\t\t\t<\/div>\n\t\t\t\t<\/div>\n\t\t\t\t\t<\/div>\n\t\t\t\t<\/div>\n\t\t\t\t<\/div>\n\t\t\t\t<div class=\"elementor-element elementor-element-17a1bc21 elementor-widget__width-initial elementor-widget elementor-widget-text-editor\" data-id=\"17a1bc21\" data-element_type=\"widget\" data-widget_type=\"text-editor.default\">\n\t\t\t\t<div class=\"elementor-widget-container\">\n\t\t\t\t\t\t\t\t\t<span style=\"font-size: 10px;\">*Des conditions s\u2019appliquent. Taux en vigueur aujourd\u2019hui.<\/span>\t\t\t\t\t\t\t\t<\/div>\n\t\t\t\t<\/div>\n\t\t\t\t\t<\/div>\n\t\t<\/div>\n\t\t\t\t<div class=\"elementor-column elementor-col-50 elementor-top-column elementor-element elementor-element-662d3e15 elementor-hidden-tablet elementor-hidden-mobile\" data-id=\"662d3e15\" data-element_type=\"column\" data-settings=\"{&quot;background_background&quot;:&quot;classic&quot;}\">\n\t\t\t<div class=\"elementor-widget-wrap\">\n\t\t\t\t\t\t\t<\/div>\n\t\t<\/div>\n\t\t\t\t\t<\/div>\n\t\t<\/section>\n\t\t<div class=\"elementor-element elementor-element-651a1e2 e-flex e-con-boxed e-con e-parent\" data-id=\"651a1e2\" data-element_type=\"container\" data-settings=\"{&quot;background_background&quot;:&quot;classic&quot;}\">\n\t\t\t\t\t<div class=\"e-con-inner\">\n\t\t\t\t<div class=\"elementor-element elementor-element-f8975ed elementor-widget elementor-widget-heading\" data-id=\"f8975ed\" data-element_type=\"widget\" data-widget_type=\"heading.default\">\n\t\t\t\t<div class=\"elementor-widget-container\">\n\t\t\t\t\t<h2 class=\"elementor-heading-title elementor-size-default\"><span class=\"underline\">Comment acheter une maison<\/span><\/h2>\t\t\t\t<\/div>\n\t\t\t\t<\/div>\n\t\t\t\t<div class=\"elementor-element elementor-element-ea0bfeb elementor-widget__width-initial elementor-widget elementor-widget-text-editor\" data-id=\"ea0bfeb\" data-element_type=\"widget\" data-widget_type=\"text-editor.default\">\n\t\t\t\t<div class=\"elementor-widget-container\">\n\t\t\t\t\t\t\t\t\t<p>Beaucoup de gens sont des acheteurs de maisons pour la premi\u00e8re fois dans leur vie, et ils ont besoin d\u2019un &#8220;guide du premier acheteur&#8221; comme celui-ci. Nous allons parler un peu de budget, le processus, et les erreurs courantes.<\/p>\t\t\t\t\t\t\t\t<\/div>\n\t\t\t\t<\/div>\n\t\t\t\t<div class=\"elementor-element elementor-element-bb59390 elementor-widget elementor-widget-heading\" data-id=\"bb59390\" data-element_type=\"widget\" data-widget_type=\"heading.default\">\n\t\t\t\t<div class=\"elementor-widget-container\">\n\t\t\t\t\t<h2 class=\"elementor-heading-title elementor-size-default\"><span class=\"underline\">Guide de l'acheteur<\/span><\/h2>\t\t\t\t<\/div>\n\t\t\t\t<\/div>\n\t\t\t\t<div class=\"elementor-element elementor-element-bfcf174 elementor-widget__width-initial elementor-widget elementor-widget-text-editor\" data-id=\"bfcf174\" data-element_type=\"widget\" data-widget_type=\"text-editor.default\">\n\t\t\t\t<div class=\"elementor-widget-container\">\n\t\t\t\t\t\t\t\t\t<p><strong>Les joueurs et le budget<\/strong><br \/>Le notaire, le pr\u00eateur, le\u00a0<a href=\"https:\/\/hypothequerapide.com\/notre-blogue\/2022\/08\/08\/meilleur-courtier-hypoth%C3%A9caire\"><strong>courtier en hypoth\u00e8ques<\/strong><\/a>, l\u2019inspecteur en b\u00e2timent et le courtier immobilier font partie des personnes impliqu\u00e9es dans le processus de l\u2019achat d\u2019une maison. Avant de commencer votre magasinage, vous devez savoir combien d\u2019argent vous pouvez vous permettre d\u2019emprunter de sorte que vos objectifs peuvent \u00eatre atteints. Savoir \u00e0 l\u2019avance combien vous allez d\u00e9penser pour les frais de cl\u00f4tures, les taux d\u2019int\u00e9r\u00eat, le paiement mensuel de votre hypoth\u00e8que et les autres d\u00e9penses. V\u00e9rifiez avec votre courtier hypoth\u00e9caire pour savoir combien vous pouvez vous permettre. Apr\u00e8s avoir compar\u00e9 les diff\u00e9rents taux et produits des pr\u00eateurs votre courtier vous obtiendra une pr\u00e9-approbation hypoth\u00e9caire.<\/p><p><strong>Le pr\u00eat hypoth\u00e9caire<\/strong><br \/>Un pr\u00eat hypoth\u00e9caire est un \u00e9l\u00e9ment essentiel pour l\u2019achat d\u2019une maison et c\u2019est particuli\u00e8rement vrai si vous n\u2019avez pas tout l\u2019argent n\u00e9cessaire. V\u00e9rifiez pour le meilleur pr\u00eat hypoth\u00e9caire en comparant les taux et les conditions de diff\u00e9rents pr\u00eateurs et l\u2019aide d\u2019un courtier hypoth\u00e9caire est tr\u00e8s utile dans ce processus.<\/p><p><strong>\u00c9viter les erreurs courantes<\/strong><\/p><ul><li>Les nouveaux acheteurs ne connaissent pas toutes les questions importantes a pos\u00e9 lors de l\u2019achat d\u2019une premi\u00e8re maison.<\/li><li>L\u2019acheteur d\u2019une premi\u00e8re maison doit d\u00e9cider le comptant qu\u2019il a de disponible et quel est le prix maximum qu\u2019il veut payer pour une premi\u00e8re propri\u00e9t\u00e9.<\/li><li>Ils ne pensent pas beaucoup au sujet de la revente. Il peut tomber en amour avec une maison pour des raisons personnelles mais il doit toujours consid\u00e9rer que s&#8217;il doit revendre la propri\u00e9t\u00e9 est-ce qu\u2019il y aura un bon bassin potentiel d\u2019acheteur pour la maison.<\/li><\/ul><p>Nous vous proposons de d\u00e9buter vos d\u00e9marches avec la rencontre d\u2019un courtier hypoth\u00e9caire car nous sommes en\u00a0mesure\u00a0:<\/p><ul><li>D\u2019\u00e9tablir avec vous le prix maximum que vous pouvez vous permettre.<\/li><li>D\u2019\u00e9tablir avec vous quels seront les montants mensuels li\u00e9s \u00e0 votre propri\u00e9t\u00e9 (hypoth\u00e8que, taxes, chauffage,\u00a0etc).<\/li><li>De vous dresser la liste des frais reli\u00e9s \u00e0 l\u2019achat d\u2019une propri\u00e9t\u00e9.<\/li><li>De vous parler des Programme RAP et CELIAPP et autres programmes disponibles (cr\u00e9dit imp\u00f4t).<\/li><li>De vous expliquer o\u00f9 vous pouvez trouver votre mise de fonds.<\/li><li>De vous montrer et vous expliquer votre bureau de cr\u00e9dit.<\/li><li>De vous aider \u00e0 bien choisir votre notaire, votre agent immobilier et votre inspecteur.<\/li><li>Et bien s\u00fbr qu\u2019en tant que sp\u00e9cialiste, nous saurons vous guider dans le choix de votre pr\u00eateur et votre produit\u00a0hypoth\u00e9caire.<\/li><\/ul><p>N\u2019attendez plus et\u00a0<a href=\"\/fr\/nous-joindre\"><strong>contactez-nous<\/strong><\/a>, nous sommes pr\u00e9sents pour vous aider dans votre d\u00e9marche!<\/p>\t\t\t\t\t\t\t\t<\/div>\n\t\t\t\t<\/div>\n\t\t\t\t\t<\/div>\n\t\t\t\t<\/div>\n\t\t\t\t<\/div>\n\t\t","protected":false},"excerpt":{"rendered":"<p>Consolidation de dettes<\/p>\n","protected":false},"author":1,"featured_media":0,"parent":14073,"menu_order":0,"comment_status":"closed","ping_status":"closed","template":"elementor_header_footer","meta":{"_acf_changed":false,"inline_featured_image":false,"footnotes":""},"class_list":["post-14231","page","type-page","status-publish","hentry","no-post-thumbnail"],"acf":[],"yoast_head":"<!-- This site is optimized with the Yoast SEO plugin v26.6 - https:\/\/yoast.com\/wordpress\/plugins\/seo\/ -->\n<title>Multi-Pr\u00eats MR | \u00c9quipe Mathieu Lebrun | Premier acheteur<\/title>\n<meta name=\"description\" content=\"Premier acheteur, les choses importantes \u00e0 a savoir pour votre pr\u00eat lors de votre achat de maison: les joueurs, les erreurs \u00e0 \u00e9viter, le budget pour votre pr\u00eat hypoth\u00e9caire\" \/>\n<meta name=\"robots\" content=\"index, follow, max-snippet:-1, max-image-preview:large, max-video-preview:-1\" \/>\n<link rel=\"canonical\" href=\"https:\/\/hypothequerapide.com\/fr\/services\/premier-acheteur\" \/>\n<meta property=\"og:locale\" content=\"fr_FR\" \/>\n<meta property=\"og:type\" content=\"article\" \/>\n<meta property=\"og:title\" content=\"Multi-Pr\u00eats MR | \u00c9quipe Mathieu Lebrun | Premier acheteur\" \/>\n<meta property=\"og:description\" content=\"Premier acheteur, les choses importantes \u00e0 a savoir pour votre pr\u00eat lors de votre achat de maison: les joueurs, les erreurs \u00e0 \u00e9viter, le budget pour votre pr\u00eat hypoth\u00e9caire\" \/>\n<meta property=\"og:url\" content=\"https:\/\/hypothequerapide.com\/fr\/services\/premier-acheteur\" \/>\n<meta property=\"og:site_name\" content=\"Multi-Pr\u00eats MR \u00c9quipe Mathieu Lebrun\" \/>\n<meta property=\"article:modified_time\" content=\"2025-08-04T18:20:16+00:00\" \/>\n<meta name=\"twitter:card\" content=\"summary_large_image\" \/>\n<meta name=\"twitter:label1\" content=\"Dur\u00e9e de lecture estim\u00e9e\" \/>\n\t<meta name=\"twitter:data1\" content=\"3 minutes\" \/>\n<script type=\"application\/ld+json\" class=\"yoast-schema-graph\">{\"@context\":\"https:\/\/schema.org\",\"@graph\":[{\"@type\":\"WebPage\",\"@id\":\"https:\/\/hypothequerapide.com\/fr\/services\/premier-acheteur\",\"url\":\"https:\/\/hypothequerapide.com\/fr\/services\/premier-acheteur\",\"name\":\"Multi-Pr\u00eats MR | \u00c9quipe Mathieu Lebrun | Premier acheteur\",\"isPartOf\":{\"@id\":\"\/#website\"},\"datePublished\":\"2024-06-02T02:37:42+00:00\",\"dateModified\":\"2025-08-04T18:20:16+00:00\",\"description\":\"Premier acheteur, les choses importantes \u00e0 a savoir pour votre pr\u00eat lors de votre achat de maison: les joueurs, les erreurs \u00e0 \u00e9viter, le budget pour votre pr\u00eat hypoth\u00e9caire\",\"breadcrumb\":{\"@id\":\"https:\/\/hypothequerapide.com\/fr\/services\/premier-acheteur#breadcrumb\"},\"inLanguage\":\"fr-FR\",\"potentialAction\":[{\"@type\":\"ReadAction\",\"target\":[\"https:\/\/hypothequerapide.com\/fr\/services\/premier-acheteur\"]}]},{\"@type\":\"BreadcrumbList\",\"@id\":\"https:\/\/hypothequerapide.com\/fr\/services\/premier-acheteur#breadcrumb\",\"itemListElement\":[{\"@type\":\"ListItem\",\"position\":1,\"name\":\"Accueil\",\"item\":\"https:\/\/hypothequerapide.com\/fr\"},{\"@type\":\"ListItem\",\"position\":2,\"name\":\"Services\",\"item\":\"https:\/\/hypothequerapide.com\/fr\/services\"},{\"@type\":\"ListItem\",\"position\":3,\"name\":\"Premier acheteur\"}]},{\"@type\":\"WebSite\",\"@id\":\"\/#website\",\"url\":\"\/\",\"name\":\"Multi-Pr\u00eats MR \u00c9quipe Mathieu Lebrun\",\"description\":\"\",\"publisher\":{\"@id\":\"\/#organization\"},\"potentialAction\":[{\"@type\":\"SearchAction\",\"target\":{\"@type\":\"EntryPoint\",\"urlTemplate\":\"\/?s={search_term_string}\"},\"query-input\":{\"@type\":\"PropertyValueSpecification\",\"valueRequired\":true,\"valueName\":\"search_term_string\"}}],\"inLanguage\":\"fr-FR\"},{\"@type\":\"Organization\",\"@id\":\"\/#organization\",\"name\":\"Multi-Pr\u00eats MR \u00c9quipe Mathieu Lebrun\",\"url\":\"\/\",\"logo\":{\"@type\":\"ImageObject\",\"inLanguage\":\"fr-FR\",\"@id\":\"\/#\/schema\/logo\/image\/\",\"url\":\"https:\/\/hypothequerapide.com\/wp-content\/uploads\/2024\/04\/27765.png\",\"contentUrl\":\"https:\/\/hypothequerapide.com\/wp-content\/uploads\/2024\/04\/27765.png\",\"width\":160,\"height\":84,\"caption\":\"Multi-Pr\u00eats MR \u00c9quipe Mathieu Lebrun\"},\"image\":{\"@id\":\"\/#\/schema\/logo\/image\/\"}}]}<\/script>\n<!-- \/ Yoast SEO plugin. -->","yoast_head_json":{"title":"Multi-Pr\u00eats MR | \u00c9quipe Mathieu Lebrun | Premier acheteur","description":"Premier acheteur, les choses importantes \u00e0 a savoir pour votre pr\u00eat lors de votre achat de maison: les joueurs, les erreurs \u00e0 \u00e9viter, le budget pour votre pr\u00eat hypoth\u00e9caire","robots":{"index":"index","follow":"follow","max-snippet":"max-snippet:-1","max-image-preview":"max-image-preview:large","max-video-preview":"max-video-preview:-1"},"canonical":"https:\/\/hypothequerapide.com\/fr\/services\/premier-acheteur","og_locale":"fr_FR","og_type":"article","og_title":"Multi-Pr\u00eats MR | \u00c9quipe Mathieu Lebrun | Premier acheteur","og_description":"Premier acheteur, les choses importantes \u00e0 a savoir pour votre pr\u00eat lors de votre achat de maison: les joueurs, les erreurs \u00e0 \u00e9viter, le budget pour votre pr\u00eat hypoth\u00e9caire","og_url":"https:\/\/hypothequerapide.com\/fr\/services\/premier-acheteur","og_site_name":"Multi-Pr\u00eats MR \u00c9quipe Mathieu Lebrun","article_modified_time":"2025-08-04T18:20:16+00:00","twitter_card":"summary_large_image","twitter_misc":{"Dur\u00e9e de lecture estim\u00e9e":"3 minutes"},"schema":{"@context":"https:\/\/schema.org","@graph":[{"@type":"WebPage","@id":"https:\/\/hypothequerapide.com\/fr\/services\/premier-acheteur","url":"https:\/\/hypothequerapide.com\/fr\/services\/premier-acheteur","name":"Multi-Pr\u00eats MR | \u00c9quipe Mathieu Lebrun | Premier acheteur","isPartOf":{"@id":"\/#website"},"datePublished":"2024-06-02T02:37:42+00:00","dateModified":"2025-08-04T18:20:16+00:00","description":"Premier acheteur, les choses importantes \u00e0 a savoir pour votre pr\u00eat lors de votre achat de maison: les joueurs, les erreurs \u00e0 \u00e9viter, le budget pour votre pr\u00eat hypoth\u00e9caire","breadcrumb":{"@id":"https:\/\/hypothequerapide.com\/fr\/services\/premier-acheteur#breadcrumb"},"inLanguage":"fr-FR","potentialAction":[{"@type":"ReadAction","target":["https:\/\/hypothequerapide.com\/fr\/services\/premier-acheteur"]}]},{"@type":"BreadcrumbList","@id":"https:\/\/hypothequerapide.com\/fr\/services\/premier-acheteur#breadcrumb","itemListElement":[{"@type":"ListItem","position":1,"name":"Accueil","item":"https:\/\/hypothequerapide.com\/fr"},{"@type":"ListItem","position":2,"name":"Services","item":"https:\/\/hypothequerapide.com\/fr\/services"},{"@type":"ListItem","position":3,"name":"Premier acheteur"}]},{"@type":"WebSite","@id":"\/#website","url":"\/","name":"Multi-Pr\u00eats MR \u00c9quipe Mathieu Lebrun","description":"","publisher":{"@id":"\/#organization"},"potentialAction":[{"@type":"SearchAction","target":{"@type":"EntryPoint","urlTemplate":"\/?s={search_term_string}"},"query-input":{"@type":"PropertyValueSpecification","valueRequired":true,"valueName":"search_term_string"}}],"inLanguage":"fr-FR"},{"@type":"Organization","@id":"\/#organization","name":"Multi-Pr\u00eats MR \u00c9quipe Mathieu Lebrun","url":"\/","logo":{"@type":"ImageObject","inLanguage":"fr-FR","@id":"\/#\/schema\/logo\/image\/","url":"https:\/\/hypothequerapide.com\/wp-content\/uploads\/2024\/04\/27765.png","contentUrl":"https:\/\/hypothequerapide.com\/wp-content\/uploads\/2024\/04\/27765.png","width":160,"height":84,"caption":"Multi-Pr\u00eats MR \u00c9quipe Mathieu Lebrun"},"image":{"@id":"\/#\/schema\/logo\/image\/"}}]}},"_links":{"self":[{"href":"https:\/\/hypothequerapide.com\/fr\/wp-json\/wp\/v2\/pages\/14231","targetHints":{"allow":["GET"]}}],"collection":[{"href":"https:\/\/hypothequerapide.com\/fr\/wp-json\/wp\/v2\/pages"}],"about":[{"href":"https:\/\/hypothequerapide.com\/fr\/wp-json\/wp\/v2\/types\/page"}],"author":[{"embeddable":true,"href":"https:\/\/hypothequerapide.com\/fr\/wp-json\/wp\/v2\/users\/1"}],"replies":[{"embeddable":true,"href":"https:\/\/hypothequerapide.com\/fr\/wp-json\/wp\/v2\/comments?post=14231"}],"version-history":[{"count":31,"href":"https:\/\/hypothequerapide.com\/fr\/wp-json\/wp\/v2\/pages\/14231\/revisions"}],"predecessor-version":[{"id":18606,"href":"https:\/\/hypothequerapide.com\/fr\/wp-json\/wp\/v2\/pages\/14231\/revisions\/18606"}],"up":[{"embeddable":true,"href":"https:\/\/hypothequerapide.com\/fr\/wp-json\/wp\/v2\/pages\/14073"}],"wp:attachment":[{"href":"https:\/\/hypothequerapide.com\/fr\/wp-json\/wp\/v2\/media?parent=14231"}],"curies":[{"name":"wp","href":"https:\/\/api.w.org\/{rel}","templated":true}]}}