{"id":14242,"date":"2024-06-02T02:43:41","date_gmt":"2024-06-02T02:43:41","guid":{"rendered":"https:\/\/hypothequerapide.com\/?page_id=14242"},"modified":"2025-08-04T18:20:51","modified_gmt":"2025-08-04T18:20:51","slug":"credit-defavorable","status":"publish","type":"page","link":"https:\/\/hypothequerapide.com\/fr\/services\/credit-defavorable","title":{"rendered":"Cr\u00e9dit d\u00e9favorable"},"content":{"rendered":"\t\t<div data-elementor-type=\"wp-page\" data-elementor-id=\"14242\" class=\"elementor elementor-14242\" data-elementor-post-type=\"page\">\n\t\t\t\t\t\t<section class=\"elementor-section elementor-top-section elementor-element elementor-element-198acd7d elementor-section-boxed elementor-section-height-default elementor-section-height-default\" data-id=\"198acd7d\" data-element_type=\"section\" data-settings=\"{&quot;background_background&quot;:&quot;classic&quot;}\">\n\t\t\t\t\t\t<div class=\"elementor-container elementor-column-gap-no\">\n\t\t\t\t\t<div class=\"elementor-column elementor-col-50 elementor-top-column elementor-element elementor-element-5fa89efc\" data-id=\"5fa89efc\" data-element_type=\"column\" data-settings=\"{&quot;background_background&quot;:&quot;classic&quot;}\">\n\t\t\t<div class=\"elementor-widget-wrap elementor-element-populated\">\n\t\t\t\t\t\t<div class=\"elementor-element elementor-element-7e4c39a8 elementor-widget__width-initial elementor-widget elementor-widget-heading\" data-id=\"7e4c39a8\" data-element_type=\"widget\" data-widget_type=\"heading.default\">\n\t\t\t\t<div class=\"elementor-widget-container\">\n\t\t\t\t\t<h2 class=\"elementor-heading-title elementor-size-default\">Cr\u00e9dit d\u00e9favorable<\/h2>\t\t\t\t<\/div>\n\t\t\t\t<\/div>\n\t\t\t\t<div class=\"elementor-element elementor-element-df39534 elementor-widget__width-initial elementor-widget elementor-widget-text-editor\" data-id=\"df39534\" data-element_type=\"widget\" data-widget_type=\"text-editor.default\">\n\t\t\t\t<div class=\"elementor-widget-container\">\n\t\t\t\t\t\t\t\t\t<p>Vous \u00eates au bon endroit! En une seule demande, l\u2019\u00e9quipe Mathieu Lebrun n\u00e9gocie pour vous le meilleur taux possible, et ce, aupr\u00e8s de plus de 30 institutions financi\u00e8res.<\/p>\t\t\t\t\t\t\t\t<\/div>\n\t\t\t\t<\/div>\n\t\t<div class=\"elementor-element elementor-element-77ff9139 e-con-full e-flex e-con e-parent\" data-id=\"77ff9139\" data-element_type=\"container\" data-settings=\"{&quot;background_background&quot;:&quot;classic&quot;}\">\n\t\t<div class=\"elementor-element elementor-element-65210eb3 e-flex e-con-boxed e-con e-child\" data-id=\"65210eb3\" data-element_type=\"container\" data-settings=\"{&quot;background_background&quot;:&quot;classic&quot;}\">\n\t\t\t\t\t<div class=\"e-con-inner\">\n\t\t\t\t<div class=\"elementor-element elementor-element-310e5c97 elementor-widget elementor-widget-text-editor\" data-id=\"310e5c97\" data-element_type=\"widget\" data-widget_type=\"text-editor.default\">\n\t\t\t\t<div class=\"elementor-widget-container\">\n\t\t\t\t\t\t\t\t\t<p>Cr\u00e9dit d\u00e9favorable ? Obtenez le meilleur taux.<\/p>\t\t\t\t\t\t\t\t<\/div>\n\t\t\t\t<\/div>\n\t\t\t\t\t<\/div>\n\t\t\t\t<\/div>\n\t\t<div class=\"elementor-element elementor-element-25d3b5e3 e-flex e-con-boxed e-con e-child\" data-id=\"25d3b5e3\" data-element_type=\"container\" data-settings=\"{&quot;background_background&quot;:&quot;classic&quot;}\">\n\t\t\t\t\t<div class=\"e-con-inner\">\n\t\t\t\t<div class=\"elementor-element elementor-element-71e55994 elementor-widget elementor-widget-html\" data-id=\"71e55994\" data-element_type=\"widget\" data-widget_type=\"html.default\">\n\t\t\t\t<div class=\"elementor-widget-container\">\n\t\t\t\t\t<input type=\"checkbox\" id=\"toggle\" class=\"toggleCheckbox\" \/>\n<label for=\"toggle\" class=\"toggleContainer\">\n <div>Taux fixe<\/div> \n <div>Taux variable<\/div>\n<\/label>\t\t\t\t<\/div>\n\t\t\t\t<\/div>\n\t\t\t\t\t<\/div>\n\t\t\t\t<\/div>\n\t\t<div class=\"elementor-element elementor-element-3fa5a9c3 e-flex e-con-boxed e-con e-child\" data-id=\"3fa5a9c3\" data-element_type=\"container\" data-settings=\"{&quot;background_background&quot;:&quot;classic&quot;}\">\n\t\t\t\t\t<div class=\"e-con-inner\">\n\t\t<div class=\"elementor-element elementor-element-20974080 e-con-full e-flex e-con e-child\" data-id=\"20974080\" data-element_type=\"container\">\n\t\t\t\t<div class=\"elementor-element elementor-element-47bc84b9 elementor-widget elementor-widget-text-editor\" data-id=\"47bc84b9\" data-element_type=\"widget\" data-widget_type=\"text-editor.default\">\n\t\t\t\t<div class=\"elementor-widget-container\">\n\t\t\t\t\t\t\t\t\t<p>Appelez un de nos courtiers hypoth\u00e9caires d\u00e8s maintenant<\/p>\t\t\t\t\t\t\t\t<\/div>\n\t\t\t\t<\/div>\n\t\t\t\t<div class=\"elementor-element elementor-element-23cd87c6 elementor-align-left bannerbutton elementor-widget elementor-widget-banca_btn\" data-id=\"23cd87c6\" data-element_type=\"widget\" data-widget_type=\"banca_btn.default\">\n\t\t\t\t<div class=\"elementor-widget-container\">\n\t\t\t\t\t            <a class=\"banca-ub-btn banca-ub-btn-normal banca-ub-btn-link elementor-button elementor-button-link elementor-size-lg ub-animation-left2right\" href=\"tel:514-907-4707\">\n                \n        <span class=\"elementor-button-content-wrapper\">\n            <span class=\"elementor-button-icon elementor-align-icon-left\">\n                            <\/span>\n            <span class=\"elementor-button-text\">\n                514-907-4707            <\/span>\n\t\t<\/span>\n                    <\/a>\n            \t\t\t\t<\/div>\n\t\t\t\t<\/div>\n\t\t\t\t<\/div>\n\t\t<div class=\"elementor-element elementor-element-6f704c8 e-con-full e-flex e-con e-child\" data-id=\"6f704c8\" data-element_type=\"container\">\n\t\t<div class=\"elementor-element elementor-element-8cb6cd4 e-flex e-con-boxed e-con e-child\" data-id=\"8cb6cd4\" data-element_type=\"container\" data-settings=\"{&quot;background_background&quot;:&quot;classic&quot;}\">\n\t\t\t\t\t<div class=\"e-con-inner\">\n\t\t\t\t<div class=\"elementor-element elementor-element-46b24990 elementor-widget elementor-widget-heading\" data-id=\"46b24990\" data-element_type=\"widget\" id=\"tauxfixe\" data-widget_type=\"heading.default\">\n\t\t\t\t<div class=\"elementor-widget-container\">\n\t\t\t\t\t<h2 class=\"elementor-heading-title elementor-size-default\">5 ans fixe* <span class=\"underline\" id=\"taux3\"><\/span><\/h2>\t\t\t\t<\/div>\n\t\t\t\t<\/div>\n\t\t\t\t<div class=\"elementor-element elementor-element-cf5459e elementor-widget elementor-widget-heading\" data-id=\"cf5459e\" data-element_type=\"widget\" id=\"tauxvariable\" data-widget_type=\"heading.default\">\n\t\t\t\t<div class=\"elementor-widget-container\">\n\t\t\t\t\t<h2 class=\"elementor-heading-title elementor-size-default\">5 ans variable* <span class=\"underline\" id=\"taux4\"><\/span> <\/h2>\t\t\t\t<\/div>\n\t\t\t\t<\/div>\n\t\t\t\t<div class=\"elementor-element elementor-element-75fd330a elementor-align-left elementor-widget__width-inherit bannerbutton elementor-widget elementor-widget-banca_btn\" data-id=\"75fd330a\" data-element_type=\"widget\" data-widget_type=\"banca_btn.default\">\n\t\t\t\t<div class=\"elementor-widget-container\">\n\t\t\t\t\t            <a class=\"banca-ub-btn banca-ub-btn-normal banca-ub-btn-link elementor-button elementor-button-link elementor-size-lg ub-animation-left2right\" href=\"#cta\">\n                \n        <span class=\"elementor-button-content-wrapper\">\n            <span class=\"elementor-button-icon elementor-align-icon-left\">\n                            <\/span>\n            <span class=\"elementor-button-text\">\n                Obtenir ce taux            <\/span>\n\t\t<\/span>\n                    <\/a>\n            \t\t\t\t<\/div>\n\t\t\t\t<\/div>\n\t\t\t\t\t<\/div>\n\t\t\t\t<\/div>\n\t\t\t\t<\/div>\n\t\t\t\t\t<\/div>\n\t\t\t\t<\/div>\n\t\t<div class=\"elementor-element elementor-element-5b463d77 e-flex e-con-boxed e-con e-child\" data-id=\"5b463d77\" data-element_type=\"container\" data-settings=\"{&quot;background_background&quot;:&quot;classic&quot;}\">\n\t\t\t\t\t<div class=\"e-con-inner\">\n\t\t\t\t<div class=\"elementor-element elementor-element-5c3e9009 elementor-widget elementor-widget-text-editor\" data-id=\"5c3e9009\" data-element_type=\"widget\" data-widget_type=\"text-editor.default\">\n\t\t\t\t<div class=\"elementor-widget-container\">\n\t\t\t\t\t\t\t\t\t<a href=\"https:\/\/hypothequerapide.com\/les-taux\"><span style=\"text-decoration: underline;\">Consulter tous les taux en date du 17\/04\/26<\/span><\/a>\t\t\t\t\t\t\t\t<\/div>\n\t\t\t\t<\/div>\n\t\t\t\t\t<\/div>\n\t\t\t\t<\/div>\n\t\t\t\t<\/div>\n\t\t\t\t<div class=\"elementor-element elementor-element-64aaeb6 elementor-widget__width-initial elementor-widget elementor-widget-text-editor\" data-id=\"64aaeb6\" data-element_type=\"widget\" data-widget_type=\"text-editor.default\">\n\t\t\t\t<div class=\"elementor-widget-container\">\n\t\t\t\t\t\t\t\t\t<span style=\"font-size: 10px;\">*Des conditions s\u2019appliquent. Taux en vigueur aujourd\u2019hui.<\/span>\t\t\t\t\t\t\t\t<\/div>\n\t\t\t\t<\/div>\n\t\t\t\t\t<\/div>\n\t\t<\/div>\n\t\t\t\t<div class=\"elementor-column elementor-col-50 elementor-top-column elementor-element elementor-element-22e0803e elementor-hidden-tablet elementor-hidden-mobile\" data-id=\"22e0803e\" data-element_type=\"column\" data-settings=\"{&quot;background_background&quot;:&quot;classic&quot;}\">\n\t\t\t<div class=\"elementor-widget-wrap\">\n\t\t\t\t\t\t\t<\/div>\n\t\t<\/div>\n\t\t\t\t\t<\/div>\n\t\t<\/section>\n\t\t<div class=\"elementor-element elementor-element-651a1e2 e-flex e-con-boxed e-con e-parent\" data-id=\"651a1e2\" data-element_type=\"container\" data-settings=\"{&quot;background_background&quot;:&quot;classic&quot;}\">\n\t\t\t\t\t<div class=\"e-con-inner\">\n\t\t\t\t<div class=\"elementor-element elementor-element-f8975ed elementor-widget elementor-widget-heading\" data-id=\"f8975ed\" data-element_type=\"widget\" data-widget_type=\"heading.default\">\n\t\t\t\t<div class=\"elementor-widget-container\">\n\t\t\t\t\t<h2 class=\"elementor-heading-title elementor-size-default\"><span class=\"underline\">Cr\u00e9dit D\u00e9favorable<\/span>: \u00eates-vous \u00e9ligible pour un pr\u00eat hypoth\u00e9caire?<\/h2>\t\t\t\t<\/div>\n\t\t\t\t<\/div>\n\t\t\t\t<div class=\"elementor-element elementor-element-ea0bfeb elementor-widget__width-initial elementor-widget elementor-widget-text-editor\" data-id=\"ea0bfeb\" data-element_type=\"widget\" data-widget_type=\"text-editor.default\">\n\t\t\t\t<div class=\"elementor-widget-container\">\n\t\t\t\t\t\t\t\t\t<p>Avez-vous d\u00e9j\u00e0 eu des probl\u00e8mes de cr\u00e9dit? Que vous ayez fait faillite, que vous ayez une faible cote de cr\u00e9dit ou que vous n\u2019ayez aucun historique de cr\u00e9dit, vous pourriez quand m\u00eame \u00eatre \u00e9ligible pour un pr\u00eat hypoth\u00e9caire.<\/p><p>Certains de nos partenaires offrent \u00e9galement des solutions pour les individus ayant d\u00e9pos\u00e9 une proposition concordataire, pour ceux ayant des ratios \u00e9lev\u00e9s d\u2019endettement, pour des gens ayant subi des difficult\u00e9s\u00a0financi\u00e8res.<\/p><p>Il est important de savoir que le niveau de risque pour le pr\u00eateur dans ce genre de situation \u00e9tant plus \u00e9lev\u00e9, il arrive que les taux d\u2019int\u00e9r\u00eat soient ajust\u00e9s en cons\u00e9quence.<\/p><p>Sachez que peu importe votre situation,\u00a0<a href=\"https:\/\/hypothequerapide.com\/notre-blogue\/2022\/08\/08\/meilleur-courtier-hypoth%C3%A9caire\"><strong>nos courtiers hypoth\u00e9caires<\/strong><\/a>\u00a0sauront vous conseiller et vous faire \u00e9tat des solutions\u00a0disponibles.<\/p>\t\t\t\t\t\t\t\t<\/div>\n\t\t\t\t<\/div>\n\t\t\t\t\t<\/div>\n\t\t\t\t<\/div>\n\t\t\t\t<\/div>\n\t\t","protected":false},"excerpt":{"rendered":"<p>Cr\u00e9dit d\u00e9favorable Vous \u00eates au bon endroit! En une seule demande, l\u2019\u00e9quipe Mathieu Lebrun n\u00e9gocie pour vous le meilleur taux possible, et ce, aupr\u00e8s de plus de 30 institutions financi\u00e8res. Cr\u00e9dit d\u00e9favorable ? Obtenez le meilleur taux. Taux fixe Taux variable Appelez un de nos courtiers hypoth\u00e9caires d\u00e8s maintenant 514-907-4707 5 ans fixe* 5 ans [&hellip;]<\/p>\n","protected":false},"author":1,"featured_media":0,"parent":14073,"menu_order":0,"comment_status":"closed","ping_status":"closed","template":"elementor_header_footer","meta":{"_acf_changed":false,"inline_featured_image":false,"footnotes":""},"class_list":["post-14242","page","type-page","status-publish","hentry","no-post-thumbnail"],"acf":[],"yoast_head":"<!-- This site is optimized with the Yoast SEO plugin v26.6 - https:\/\/yoast.com\/wordpress\/plugins\/seo\/ -->\n<title>Multi-Pr\u00eats MR | \u00c9quipe Mathieu Lebrun | Cr\u00e9dit d\u00e9favorable<\/title>\n<meta name=\"description\" content=\"Vous avez un Cr\u00e9dit d\u00e9favorable et vous vous demandez si vous \u00eates vous \u00e9ligible pour un pr\u00eat hypoth\u00e9caire: il existe des solutions pour vous\" \/>\n<meta name=\"robots\" content=\"index, follow, max-snippet:-1, max-image-preview:large, max-video-preview:-1\" \/>\n<link rel=\"canonical\" href=\"https:\/\/hypothequerapide.com\/fr\/services\/credit-defavorable\" \/>\n<meta property=\"og:locale\" content=\"fr_FR\" \/>\n<meta property=\"og:type\" content=\"article\" \/>\n<meta property=\"og:title\" content=\"Multi-Pr\u00eats MR | \u00c9quipe Mathieu Lebrun | Cr\u00e9dit d\u00e9favorable\" \/>\n<meta property=\"og:description\" content=\"Vous avez un Cr\u00e9dit d\u00e9favorable et vous vous demandez si vous \u00eates vous \u00e9ligible pour un pr\u00eat hypoth\u00e9caire: il existe des solutions pour vous\" \/>\n<meta property=\"og:url\" content=\"https:\/\/hypothequerapide.com\/fr\/services\/credit-defavorable\" \/>\n<meta property=\"og:site_name\" content=\"Multi-Pr\u00eats MR \u00c9quipe Mathieu Lebrun\" \/>\n<meta property=\"article:modified_time\" content=\"2025-08-04T18:20:51+00:00\" \/>\n<meta name=\"twitter:card\" content=\"summary_large_image\" \/>\n<meta name=\"twitter:label1\" content=\"Dur\u00e9e de lecture estim\u00e9e\" \/>\n\t<meta name=\"twitter:data1\" content=\"2 minutes\" \/>\n<script type=\"application\/ld+json\" class=\"yoast-schema-graph\">{\"@context\":\"https:\/\/schema.org\",\"@graph\":[{\"@type\":\"WebPage\",\"@id\":\"https:\/\/hypothequerapide.com\/fr\/services\/credit-defavorable\",\"url\":\"https:\/\/hypothequerapide.com\/fr\/services\/credit-defavorable\",\"name\":\"Multi-Pr\u00eats MR | \u00c9quipe Mathieu Lebrun | Cr\u00e9dit d\u00e9favorable\",\"isPartOf\":{\"@id\":\"\/#website\"},\"datePublished\":\"2024-06-02T02:43:41+00:00\",\"dateModified\":\"2025-08-04T18:20:51+00:00\",\"description\":\"Vous avez un Cr\u00e9dit d\u00e9favorable et vous vous demandez si vous \u00eates vous \u00e9ligible pour un pr\u00eat hypoth\u00e9caire: il existe des solutions pour vous\",\"breadcrumb\":{\"@id\":\"https:\/\/hypothequerapide.com\/fr\/services\/credit-defavorable#breadcrumb\"},\"inLanguage\":\"fr-FR\",\"potentialAction\":[{\"@type\":\"ReadAction\",\"target\":[\"https:\/\/hypothequerapide.com\/fr\/services\/credit-defavorable\"]}]},{\"@type\":\"BreadcrumbList\",\"@id\":\"https:\/\/hypothequerapide.com\/fr\/services\/credit-defavorable#breadcrumb\",\"itemListElement\":[{\"@type\":\"ListItem\",\"position\":1,\"name\":\"Accueil\",\"item\":\"https:\/\/hypothequerapide.com\/fr\"},{\"@type\":\"ListItem\",\"position\":2,\"name\":\"Services\",\"item\":\"https:\/\/hypothequerapide.com\/fr\/services\"},{\"@type\":\"ListItem\",\"position\":3,\"name\":\"Cr\u00e9dit d\u00e9favorable\"}]},{\"@type\":\"WebSite\",\"@id\":\"\/#website\",\"url\":\"\/\",\"name\":\"Multi-Pr\u00eats MR \u00c9quipe Mathieu Lebrun\",\"description\":\"\",\"publisher\":{\"@id\":\"\/#organization\"},\"potentialAction\":[{\"@type\":\"SearchAction\",\"target\":{\"@type\":\"EntryPoint\",\"urlTemplate\":\"\/?s={search_term_string}\"},\"query-input\":{\"@type\":\"PropertyValueSpecification\",\"valueRequired\":true,\"valueName\":\"search_term_string\"}}],\"inLanguage\":\"fr-FR\"},{\"@type\":\"Organization\",\"@id\":\"\/#organization\",\"name\":\"Multi-Pr\u00eats MR \u00c9quipe Mathieu Lebrun\",\"url\":\"\/\",\"logo\":{\"@type\":\"ImageObject\",\"inLanguage\":\"fr-FR\",\"@id\":\"\/#\/schema\/logo\/image\/\",\"url\":\"https:\/\/hypothequerapide.com\/wp-content\/uploads\/2024\/04\/27765.png\",\"contentUrl\":\"https:\/\/hypothequerapide.com\/wp-content\/uploads\/2024\/04\/27765.png\",\"width\":160,\"height\":84,\"caption\":\"Multi-Pr\u00eats MR \u00c9quipe Mathieu Lebrun\"},\"image\":{\"@id\":\"\/#\/schema\/logo\/image\/\"}}]}<\/script>\n<!-- \/ Yoast SEO plugin. -->","yoast_head_json":{"title":"Multi-Pr\u00eats MR | \u00c9quipe Mathieu Lebrun | Cr\u00e9dit d\u00e9favorable","description":"Vous avez un Cr\u00e9dit d\u00e9favorable et vous vous demandez si vous \u00eates vous \u00e9ligible pour un pr\u00eat hypoth\u00e9caire: il existe des solutions pour vous","robots":{"index":"index","follow":"follow","max-snippet":"max-snippet:-1","max-image-preview":"max-image-preview:large","max-video-preview":"max-video-preview:-1"},"canonical":"https:\/\/hypothequerapide.com\/fr\/services\/credit-defavorable","og_locale":"fr_FR","og_type":"article","og_title":"Multi-Pr\u00eats MR | \u00c9quipe Mathieu Lebrun | Cr\u00e9dit d\u00e9favorable","og_description":"Vous avez un Cr\u00e9dit d\u00e9favorable et vous vous demandez si vous \u00eates vous \u00e9ligible pour un pr\u00eat hypoth\u00e9caire: il existe des solutions pour vous","og_url":"https:\/\/hypothequerapide.com\/fr\/services\/credit-defavorable","og_site_name":"Multi-Pr\u00eats MR \u00c9quipe Mathieu Lebrun","article_modified_time":"2025-08-04T18:20:51+00:00","twitter_card":"summary_large_image","twitter_misc":{"Dur\u00e9e de lecture estim\u00e9e":"2 minutes"},"schema":{"@context":"https:\/\/schema.org","@graph":[{"@type":"WebPage","@id":"https:\/\/hypothequerapide.com\/fr\/services\/credit-defavorable","url":"https:\/\/hypothequerapide.com\/fr\/services\/credit-defavorable","name":"Multi-Pr\u00eats MR | \u00c9quipe Mathieu Lebrun | Cr\u00e9dit d\u00e9favorable","isPartOf":{"@id":"\/#website"},"datePublished":"2024-06-02T02:43:41+00:00","dateModified":"2025-08-04T18:20:51+00:00","description":"Vous avez un Cr\u00e9dit d\u00e9favorable et vous vous demandez si vous \u00eates vous \u00e9ligible pour un pr\u00eat hypoth\u00e9caire: il existe des solutions pour vous","breadcrumb":{"@id":"https:\/\/hypothequerapide.com\/fr\/services\/credit-defavorable#breadcrumb"},"inLanguage":"fr-FR","potentialAction":[{"@type":"ReadAction","target":["https:\/\/hypothequerapide.com\/fr\/services\/credit-defavorable"]}]},{"@type":"BreadcrumbList","@id":"https:\/\/hypothequerapide.com\/fr\/services\/credit-defavorable#breadcrumb","itemListElement":[{"@type":"ListItem","position":1,"name":"Accueil","item":"https:\/\/hypothequerapide.com\/fr"},{"@type":"ListItem","position":2,"name":"Services","item":"https:\/\/hypothequerapide.com\/fr\/services"},{"@type":"ListItem","position":3,"name":"Cr\u00e9dit d\u00e9favorable"}]},{"@type":"WebSite","@id":"\/#website","url":"\/","name":"Multi-Pr\u00eats MR \u00c9quipe Mathieu Lebrun","description":"","publisher":{"@id":"\/#organization"},"potentialAction":[{"@type":"SearchAction","target":{"@type":"EntryPoint","urlTemplate":"\/?s={search_term_string}"},"query-input":{"@type":"PropertyValueSpecification","valueRequired":true,"valueName":"search_term_string"}}],"inLanguage":"fr-FR"},{"@type":"Organization","@id":"\/#organization","name":"Multi-Pr\u00eats MR \u00c9quipe Mathieu Lebrun","url":"\/","logo":{"@type":"ImageObject","inLanguage":"fr-FR","@id":"\/#\/schema\/logo\/image\/","url":"https:\/\/hypothequerapide.com\/wp-content\/uploads\/2024\/04\/27765.png","contentUrl":"https:\/\/hypothequerapide.com\/wp-content\/uploads\/2024\/04\/27765.png","width":160,"height":84,"caption":"Multi-Pr\u00eats MR \u00c9quipe Mathieu Lebrun"},"image":{"@id":"\/#\/schema\/logo\/image\/"}}]}},"_links":{"self":[{"href":"https:\/\/hypothequerapide.com\/fr\/wp-json\/wp\/v2\/pages\/14242","targetHints":{"allow":["GET"]}}],"collection":[{"href":"https:\/\/hypothequerapide.com\/fr\/wp-json\/wp\/v2\/pages"}],"about":[{"href":"https:\/\/hypothequerapide.com\/fr\/wp-json\/wp\/v2\/types\/page"}],"author":[{"embeddable":true,"href":"https:\/\/hypothequerapide.com\/fr\/wp-json\/wp\/v2\/users\/1"}],"replies":[{"embeddable":true,"href":"https:\/\/hypothequerapide.com\/fr\/wp-json\/wp\/v2\/comments?post=14242"}],"version-history":[{"count":29,"href":"https:\/\/hypothequerapide.com\/fr\/wp-json\/wp\/v2\/pages\/14242\/revisions"}],"predecessor-version":[{"id":18609,"href":"https:\/\/hypothequerapide.com\/fr\/wp-json\/wp\/v2\/pages\/14242\/revisions\/18609"}],"up":[{"embeddable":true,"href":"https:\/\/hypothequerapide.com\/fr\/wp-json\/wp\/v2\/pages\/14073"}],"wp:attachment":[{"href":"https:\/\/hypothequerapide.com\/fr\/wp-json\/wp\/v2\/media?parent=14242"}],"curies":[{"name":"wp","href":"https:\/\/api.w.org\/{rel}","templated":true}]}}