{"id":14326,"date":"2024-06-02T11:59:56","date_gmt":"2024-06-02T11:59:56","guid":{"rendered":"https:\/\/hypothequerapide.com\/?page_id=14326"},"modified":"2024-06-03T20:53:25","modified_gmt":"2024-06-03T20:53:25","slug":"demande-en-ligne","status":"publish","type":"page","link":"https:\/\/hypothequerapide.com\/fr\/outils\/demande-en-ligne","title":{"rendered":"Demande en ligne"},"content":{"rendered":"\t\t<div data-elementor-type=\"wp-page\" data-elementor-id=\"14326\" class=\"elementor elementor-14326\" data-elementor-post-type=\"page\">\n\t\t\t\t<div class=\"elementor-element elementor-element-9535356 e-flex e-con-boxed e-con e-parent\" data-id=\"9535356\" data-element_type=\"container\" data-settings=\"{&quot;background_background&quot;:&quot;classic&quot;}\">\n\t\t\t\t\t<div class=\"e-con-inner\">\n\t\t\t\t<div class=\"elementor-element elementor-element-e808b11 elementor-widget elementor-widget-heading\" data-id=\"e808b11\" data-element_type=\"widget\" data-widget_type=\"heading.default\">\n\t\t\t\t<div class=\"elementor-widget-container\">\n\t\t\t\t\t<h2 class=\"elementor-heading-title elementor-size-default\">Demande en ligne<\/h2>\t\t\t\t<\/div>\n\t\t\t\t<\/div>\n\t\t\t\t\t<\/div>\n\t\t\t\t<\/div>\n\t\t\t\t<section class=\"elementor-section elementor-top-section elementor-element elementor-element-8f663ae elementor-section-boxed elementor-section-height-default elementor-section-height-default\" data-id=\"8f663ae\" data-element_type=\"section\" data-settings=\"{&quot;background_background&quot;:&quot;classic&quot;}\">\n\t\t\t\t\t\t<div class=\"elementor-container elementor-column-gap-default\">\n\t\t\t\t\t<div class=\"elementor-column elementor-col-100 elementor-top-column elementor-element elementor-element-1c066d4\" data-id=\"1c066d4\" data-element_type=\"column\">\n\t\t\t<div class=\"elementor-widget-wrap elementor-element-populated\">\n\t\t\t\t<div class=\"elementor-element elementor-element-f652589 e-con-full e-flex e-con e-child\" data-id=\"f652589\" data-element_type=\"container\">\n\t\t\t\t<div class=\"elementor-element elementor-element-076c4cf elementor-widget elementor-widget-heading\" data-id=\"076c4cf\" data-element_type=\"widget\" data-widget_type=\"heading.default\">\n\t\t\t\t<div class=\"elementor-widget-container\">\n\t\t\t\t\t<h2 class=\"elementor-heading-title elementor-size-default\">Demande en ligne pour une  <span class=\"underline\">Pr\u00e9-Approbation rapide<\/span> de votre Pr\u00eat<\/h2>\t\t\t\t<\/div>\n\t\t\t\t<\/div>\n\t\t\t\t<div class=\"elementor-element elementor-element-244f776 elementor-widget elementor-widget-text-editor\" data-id=\"244f776\" data-element_type=\"widget\" data-widget_type=\"text-editor.default\">\n\t\t\t\t<div class=\"elementor-widget-container\">\n\t\t\t\t\t\t\t\t\t<p>Compl\u00e9tez ce formulaire et obtenez les meilleurs conditions pour votre pr\u00eat<\/p>\t\t\t\t\t\t\t\t<\/div>\n\t\t\t\t<\/div>\n\t\t\t\t<\/div>\n\t\t\t\t\t<\/div>\n\t\t<\/div>\n\t\t\t\t\t<\/div>\n\t\t<\/section>\n\t\t\t\t<section class=\"elementor-section elementor-top-section elementor-element elementor-element-c7c03c6 elementor-section-boxed elementor-section-height-default elementor-section-height-default\" data-id=\"c7c03c6\" data-element_type=\"section\" data-settings=\"{&quot;background_background&quot;:&quot;classic&quot;}\">\n\t\t\t\t\t\t<div class=\"elementor-container elementor-column-gap-default\">\n\t\t\t\t\t<div class=\"elementor-column elementor-col-100 elementor-top-column elementor-element elementor-element-dd4a329\" data-id=\"dd4a329\" data-element_type=\"column\">\n\t\t\t<div class=\"elementor-widget-wrap elementor-element-populated\">\n\t\t\t\t\t\t<div class=\"elementor-element elementor-element-acad2d1 elementor-widget elementor-widget-shortcode\" data-id=\"acad2d1\" data-element_type=\"widget\" data-widget_type=\"shortcode.default\">\n\t\t\t\t<div class=\"elementor-widget-container\">\n\t\t\t\t\t\t\t<div class=\"elementor-shortcode\">\n<div class=\"wpcf7 no-js\" id=\"wpcf7-f14328-o1\" lang=\"fr-FR\" dir=\"ltr\" data-wpcf7-id=\"14328\">\n<div class=\"screen-reader-response\"><p role=\"status\" aria-live=\"polite\" aria-atomic=\"true\"><\/p> <ul><\/ul><\/div>\n<form action=\"\/fr\/wp-json\/wp\/v2\/pages\/14326#wpcf7-f14328-o1\" method=\"post\" class=\"wpcf7-form init\" aria-label=\"Formulaire de contact\" novalidate=\"novalidate\" data-status=\"init\">\n<fieldset class=\"hidden-fields-container\"><input type=\"hidden\" name=\"_wpcf7\" value=\"14328\" \/><input type=\"hidden\" name=\"_wpcf7_version\" value=\"6.1.4\" \/><input type=\"hidden\" name=\"_wpcf7_locale\" value=\"fr_FR\" \/><input type=\"hidden\" name=\"_wpcf7_unit_tag\" value=\"wpcf7-f14328-o1\" \/><input type=\"hidden\" name=\"_wpcf7_container_post\" value=\"0\" \/><input type=\"hidden\" name=\"_wpcf7_posted_data_hash\" value=\"\" \/><input type=\"hidden\" name=\"_wpcf7_recaptcha_response\" value=\"\" \/>\n<\/fieldset>\n<div class=\"row\">\n   <div class=\"col-md-6\">\n      <label for=\"name\">Nom et pr\u00e9nom *<\/label><span class=\"wpcf7-form-control-wrap\" data-name=\"text-987\"><input size=\"40\" maxlength=\"400\" class=\"wpcf7-form-control wpcf7-text wpcf7-validates-as-required form-control\" id=\"name\" aria-required=\"true\" aria-invalid=\"false\" placeholder=\"Nom et pr\u00e9nom\" value=\"\" type=\"text\" name=\"text-987\" \/><\/span>\n   <\/div>\n   <div class=\"col-md-6 mt-20 mt-md-0\">\n      <label for=\"email\">Courriel *<\/label><span class=\"wpcf7-form-control-wrap\" data-name=\"email-93\"><input size=\"40\" maxlength=\"400\" class=\"wpcf7-form-control wpcf7-email wpcf7-validates-as-required wpcf7-text wpcf7-validates-as-email form-control\" id=\"email\" aria-required=\"true\" aria-invalid=\"false\" placeholder=\"Courriel\" value=\"\" type=\"email\" name=\"email-93\" \/><\/span>\n   <\/div>\n<div class=\"col-md-6\">\n      <label for=\"subject\">T\u00e9l\u00e9phone *<\/label><span class=\"wpcf7-form-control-wrap\" data-name=\"text-801\"><input size=\"40\" maxlength=\"400\" class=\"wpcf7-form-control wpcf7-text wpcf7-validates-as-required form-control\" id=\"subject\" aria-required=\"true\" aria-invalid=\"false\" placeholder=\"T\u00e9l\u00e9phone\" value=\"\" type=\"text\" name=\"text-801\" \/><\/span>\n   <\/div>\n   <div class=\"col-md-6 mt-20 mt-md-0\">\n      <label for=\"subject\">Ville *<\/label><span class=\"wpcf7-form-control-wrap\" data-name=\"text-ville\"><input size=\"40\" maxlength=\"400\" class=\"wpcf7-form-control wpcf7-text wpcf7-validates-as-required form-control\" id=\"ville\" aria-required=\"true\" aria-invalid=\"false\" placeholder=\"Ville\" value=\"\" type=\"text\" name=\"text-ville\" \/><\/span>\n   <\/div>\n\n<div class=\"col-md-6\">\n      <label for=\"subject\">Status *<\/label><br><span class=\"wpcf7-form-control-wrap\" data-name=\"radio-378\"><span class=\"wpcf7-form-control wpcf7-radio\"><span class=\"wpcf7-list-item first\"><label><input type=\"radio\" name=\"radio-378\" value=\"Propri\u00e9taire\" checked=\"checked\" \/><span class=\"wpcf7-list-item-label\">Propri\u00e9taire<\/span><\/label><\/span><span class=\"wpcf7-list-item last\"><label><input type=\"radio\" name=\"radio-378\" value=\"Locataire\" \/><span class=\"wpcf7-list-item-label\">Locataire<\/span><\/label><\/span><\/span><\/span>\n   <\/div>\n   <div class=\"col-md-6 mt-20 mt-md-0\">\n      <label for=\"subject\">Montant demand\u00e9 *<\/label><span class=\"wpcf7-form-control-wrap\" data-name=\"text-ville\"><input size=\"40\" maxlength=\"400\" class=\"wpcf7-form-control wpcf7-text form-control\" aria-invalid=\"false\" placeholder=\"Montant demand\u00e9\" value=\"\" type=\"text\" name=\"text-ville\" \/><\/span>\n   <\/div>\n\n<div class=\"col-md-6\">\n      <label for=\"subject\">Objet du pr\u00eat *<\/label><br><span class=\"wpcf7-form-control-wrap\" data-name=\"menu-136\"><select class=\"wpcf7-form-control wpcf7-select wpcf7-validates-as-required\" aria-required=\"true\" aria-invalid=\"false\" name=\"menu-136\"><option value=\"\">&#8212;Veuillez choisir une option&#8212;<\/option><option value=\"Pr\u00eat hypoth\u00e9caire\">Pr\u00eat hypoth\u00e9caire<\/option><option value=\"Renouvellement\">Renouvellement<\/option><option value=\"Refinancement\">Refinancement<\/option><option value=\"Consolidation de dettes\">Consolidation de dettes<\/option><option value=\"Pr\u00eat sur valeur habitat pour achat\">Pr\u00eat sur valeur habitat pour achat<\/option><option value=\"Pr\u00eat pour am\u00e9lioration\">Pr\u00eat pour am\u00e9lioration<\/option><\/select><\/span>\n   <\/div>\n   <div class=\"col-md-6 mt-20 mt-md-0\">\n      <label for=\"subject\">Type de propri\u00e9t\u00e9 *<\/label><br><span class=\"wpcf7-form-control-wrap\" data-name=\"menu-842\"><select class=\"wpcf7-form-control wpcf7-select wpcf7-validates-as-required\" aria-required=\"true\" aria-invalid=\"false\" name=\"menu-842\"><option value=\"\">&#8212;Veuillez choisir une option&#8212;<\/option><option value=\"Maison unifamiliale\">Maison unifamiliale<\/option><option value=\"Condo\">Condo<\/option><option value=\"Duplex\">Duplex<\/option><option value=\"Triplex\">Triplex<\/option><option value=\"Quadruplex\">Quadruplex<\/option><option value=\"Multi-logements\">Multi-logements<\/option><option value=\"Terrain\">Terrain<\/option><option value=\"Commercial\">Commercial<\/option><option value=\"Industriel\">Industriel<\/option><\/select><\/span>\n   <\/div>\n\n\n<div class=\"col-md-6\">\n      <label for=\"subject\">Type d\u2019hypoth\u00e8que *<\/label><br><span class=\"wpcf7-form-control-wrap\" data-name=\"menu-842\"><select class=\"wpcf7-form-control wpcf7-select wpcf7-validates-as-required\" aria-required=\"true\" aria-invalid=\"false\" name=\"menu-842\"><option value=\"\">&#8212;Veuillez choisir une option&#8212;<\/option><option value=\"1er hypoth\u00e8que\">1er hypoth\u00e8que<\/option><option value=\"2e hypoth\u00e8que\">2e hypoth\u00e8que<\/option><option value=\"Nouvelle construction\">Nouvelle construction<\/option><\/select><\/span>\n   <\/div>\n   <div class=\"col-md-6 mt-20 mt-md-0\">\n      <label for=\"subject\">Usage d\u2019hypoth\u00e8que *<\/label><br><span class=\"wpcf7-form-control-wrap\" data-name=\"menu-842\"><select class=\"wpcf7-form-control wpcf7-select wpcf7-validates-as-required\" aria-required=\"true\" aria-invalid=\"false\" name=\"menu-842\"><option value=\"\">&#8212;Veuillez choisir une option&#8212;<\/option><option value=\"R\u00e9sidence principale\">R\u00e9sidence principale<\/option><option value=\"R\u00e9sidence secondaire\">R\u00e9sidence secondaire<\/option><option value=\"B\u00e2timent locatif\">B\u00e2timent locatif<\/option><option value=\"Propri\u00e9taire occupant\">Propri\u00e9taire occupant<\/option><option value=\"Investissement\">Investissement<\/option><\/select><\/span>\n   <\/div>\n   \n   \n    <div class=\"col-12 mt-35\">\n        <button type=\"submit\" class=\"theme-btn theme-btn-lg w-100 wpcf7-form-control wpcf7-submit \">Obtenir mes propositions hypoth\u00e9caires gratuites<\/button>\n    <\/div>\n<\/div><div class=\"wpcf7-response-output\" aria-hidden=\"true\"><\/div>\n<\/form>\n<\/div>\n<\/div>\n\t\t\t\t\t\t<\/div>\n\t\t\t\t<\/div>\n\t\t\t\t\t<\/div>\n\t\t<\/div>\n\t\t\t\t\t<\/div>\n\t\t<\/section>\n\t\t\t\t<\/div>\n\t\t","protected":false},"excerpt":{"rendered":"<p>Demande en ligne Demande en ligne pour une Pr\u00e9-Approbation rapide de votre Pr\u00eat Compl\u00e9tez ce formulaire et obtenez les meilleurs conditions pour votre pr\u00eat<\/p>\n","protected":false},"author":1,"featured_media":0,"parent":14359,"menu_order":0,"comment_status":"closed","ping_status":"closed","template":"elementor_header_footer","meta":{"_acf_changed":false,"inline_featured_image":false,"footnotes":""},"class_list":["post-14326","page","type-page","status-publish","hentry","no-post-thumbnail"],"acf":[],"yoast_head":"<!-- This site is optimized with the Yoast SEO plugin v26.6 - https:\/\/yoast.com\/wordpress\/plugins\/seo\/ -->\n<title>Multi-Pr\u00eats MR | \u00c9quipe Mathieu Lebrun | Demande en ligne<\/title>\n<meta name=\"description\" content=\"Compl\u00e9tez notre formulaire en ligne pour recevoir rapidement une pr\u00e9-approbation et les meilleurs conditions pour votre pr\u00eat\" \/>\n<meta name=\"robots\" content=\"index, follow, max-snippet:-1, max-image-preview:large, max-video-preview:-1\" \/>\n<link rel=\"canonical\" href=\"https:\/\/hypothequerapide.com\/fr\/outils\/demande-en-ligne\" \/>\n<meta property=\"og:locale\" content=\"fr_FR\" \/>\n<meta property=\"og:type\" content=\"article\" \/>\n<meta property=\"og:title\" content=\"Multi-Pr\u00eats MR | \u00c9quipe Mathieu Lebrun | Demande en ligne\" \/>\n<meta property=\"og:description\" content=\"Compl\u00e9tez notre formulaire en ligne pour recevoir rapidement une pr\u00e9-approbation et les meilleurs conditions pour votre pr\u00eat\" \/>\n<meta property=\"og:url\" content=\"https:\/\/hypothequerapide.com\/fr\/outils\/demande-en-ligne\" \/>\n<meta property=\"og:site_name\" content=\"Multi-Pr\u00eats MR \u00c9quipe Mathieu Lebrun\" \/>\n<meta property=\"article:modified_time\" content=\"2024-06-03T20:53:25+00:00\" \/>\n<meta name=\"twitter:card\" content=\"summary_large_image\" \/>\n<meta name=\"twitter:label1\" content=\"Dur\u00e9e de lecture estim\u00e9e\" \/>\n\t<meta name=\"twitter:data1\" content=\"1 minute\" \/>\n<script type=\"application\/ld+json\" class=\"yoast-schema-graph\">{\"@context\":\"https:\/\/schema.org\",\"@graph\":[{\"@type\":\"WebPage\",\"@id\":\"https:\/\/hypothequerapide.com\/fr\/outils\/demande-en-ligne\",\"url\":\"https:\/\/hypothequerapide.com\/fr\/outils\/demande-en-ligne\",\"name\":\"Multi-Pr\u00eats MR | \u00c9quipe Mathieu Lebrun | Demande en ligne\",\"isPartOf\":{\"@id\":\"\/#website\"},\"datePublished\":\"2024-06-02T11:59:56+00:00\",\"dateModified\":\"2024-06-03T20:53:25+00:00\",\"description\":\"Compl\u00e9tez notre formulaire en ligne pour recevoir rapidement une pr\u00e9-approbation et les meilleurs conditions pour votre pr\u00eat\",\"breadcrumb\":{\"@id\":\"https:\/\/hypothequerapide.com\/fr\/outils\/demande-en-ligne#breadcrumb\"},\"inLanguage\":\"fr-FR\",\"potentialAction\":[{\"@type\":\"ReadAction\",\"target\":[\"https:\/\/hypothequerapide.com\/fr\/outils\/demande-en-ligne\"]}]},{\"@type\":\"BreadcrumbList\",\"@id\":\"https:\/\/hypothequerapide.com\/fr\/outils\/demande-en-ligne#breadcrumb\",\"itemListElement\":[{\"@type\":\"ListItem\",\"position\":1,\"name\":\"Accueil\",\"item\":\"https:\/\/hypothequerapide.com\/fr\"},{\"@type\":\"ListItem\",\"position\":2,\"name\":\"Outils\",\"item\":\"https:\/\/hypothequerapide.com\/fr\/outils\"},{\"@type\":\"ListItem\",\"position\":3,\"name\":\"Demande en ligne\"}]},{\"@type\":\"WebSite\",\"@id\":\"\/#website\",\"url\":\"\/\",\"name\":\"Multi-Pr\u00eats MR \u00c9quipe Mathieu Lebrun\",\"description\":\"\",\"publisher\":{\"@id\":\"\/#organization\"},\"potentialAction\":[{\"@type\":\"SearchAction\",\"target\":{\"@type\":\"EntryPoint\",\"urlTemplate\":\"\/?s={search_term_string}\"},\"query-input\":{\"@type\":\"PropertyValueSpecification\",\"valueRequired\":true,\"valueName\":\"search_term_string\"}}],\"inLanguage\":\"fr-FR\"},{\"@type\":\"Organization\",\"@id\":\"\/#organization\",\"name\":\"Multi-Pr\u00eats MR \u00c9quipe Mathieu Lebrun\",\"url\":\"\/\",\"logo\":{\"@type\":\"ImageObject\",\"inLanguage\":\"fr-FR\",\"@id\":\"\/#\/schema\/logo\/image\/\",\"url\":\"https:\/\/hypothequerapide.com\/wp-content\/uploads\/2024\/04\/27765.png\",\"contentUrl\":\"https:\/\/hypothequerapide.com\/wp-content\/uploads\/2024\/04\/27765.png\",\"width\":160,\"height\":84,\"caption\":\"Multi-Pr\u00eats MR \u00c9quipe Mathieu Lebrun\"},\"image\":{\"@id\":\"\/#\/schema\/logo\/image\/\"}}]}<\/script>\n<!-- \/ Yoast SEO plugin. -->","yoast_head_json":{"title":"Multi-Pr\u00eats MR | \u00c9quipe Mathieu Lebrun | Demande en ligne","description":"Compl\u00e9tez notre formulaire en ligne pour recevoir rapidement une pr\u00e9-approbation et les meilleurs conditions pour votre pr\u00eat","robots":{"index":"index","follow":"follow","max-snippet":"max-snippet:-1","max-image-preview":"max-image-preview:large","max-video-preview":"max-video-preview:-1"},"canonical":"https:\/\/hypothequerapide.com\/fr\/outils\/demande-en-ligne","og_locale":"fr_FR","og_type":"article","og_title":"Multi-Pr\u00eats MR | \u00c9quipe Mathieu Lebrun | Demande en ligne","og_description":"Compl\u00e9tez notre formulaire en ligne pour recevoir rapidement une pr\u00e9-approbation et les meilleurs conditions pour votre pr\u00eat","og_url":"https:\/\/hypothequerapide.com\/fr\/outils\/demande-en-ligne","og_site_name":"Multi-Pr\u00eats MR \u00c9quipe Mathieu Lebrun","article_modified_time":"2024-06-03T20:53:25+00:00","twitter_card":"summary_large_image","twitter_misc":{"Dur\u00e9e de lecture estim\u00e9e":"1 minute"},"schema":{"@context":"https:\/\/schema.org","@graph":[{"@type":"WebPage","@id":"https:\/\/hypothequerapide.com\/fr\/outils\/demande-en-ligne","url":"https:\/\/hypothequerapide.com\/fr\/outils\/demande-en-ligne","name":"Multi-Pr\u00eats MR | \u00c9quipe Mathieu Lebrun | Demande en ligne","isPartOf":{"@id":"\/#website"},"datePublished":"2024-06-02T11:59:56+00:00","dateModified":"2024-06-03T20:53:25+00:00","description":"Compl\u00e9tez notre formulaire en ligne pour recevoir rapidement une pr\u00e9-approbation et les meilleurs conditions pour votre pr\u00eat","breadcrumb":{"@id":"https:\/\/hypothequerapide.com\/fr\/outils\/demande-en-ligne#breadcrumb"},"inLanguage":"fr-FR","potentialAction":[{"@type":"ReadAction","target":["https:\/\/hypothequerapide.com\/fr\/outils\/demande-en-ligne"]}]},{"@type":"BreadcrumbList","@id":"https:\/\/hypothequerapide.com\/fr\/outils\/demande-en-ligne#breadcrumb","itemListElement":[{"@type":"ListItem","position":1,"name":"Accueil","item":"https:\/\/hypothequerapide.com\/fr"},{"@type":"ListItem","position":2,"name":"Outils","item":"https:\/\/hypothequerapide.com\/fr\/outils"},{"@type":"ListItem","position":3,"name":"Demande en ligne"}]},{"@type":"WebSite","@id":"\/#website","url":"\/","name":"Multi-Pr\u00eats MR \u00c9quipe Mathieu Lebrun","description":"","publisher":{"@id":"\/#organization"},"potentialAction":[{"@type":"SearchAction","target":{"@type":"EntryPoint","urlTemplate":"\/?s={search_term_string}"},"query-input":{"@type":"PropertyValueSpecification","valueRequired":true,"valueName":"search_term_string"}}],"inLanguage":"fr-FR"},{"@type":"Organization","@id":"\/#organization","name":"Multi-Pr\u00eats MR \u00c9quipe Mathieu Lebrun","url":"\/","logo":{"@type":"ImageObject","inLanguage":"fr-FR","@id":"\/#\/schema\/logo\/image\/","url":"https:\/\/hypothequerapide.com\/wp-content\/uploads\/2024\/04\/27765.png","contentUrl":"https:\/\/hypothequerapide.com\/wp-content\/uploads\/2024\/04\/27765.png","width":160,"height":84,"caption":"Multi-Pr\u00eats MR \u00c9quipe Mathieu Lebrun"},"image":{"@id":"\/#\/schema\/logo\/image\/"}}]}},"_links":{"self":[{"href":"https:\/\/hypothequerapide.com\/fr\/wp-json\/wp\/v2\/pages\/14326","targetHints":{"allow":["GET"]}}],"collection":[{"href":"https:\/\/hypothequerapide.com\/fr\/wp-json\/wp\/v2\/pages"}],"about":[{"href":"https:\/\/hypothequerapide.com\/fr\/wp-json\/wp\/v2\/types\/page"}],"author":[{"embeddable":true,"href":"https:\/\/hypothequerapide.com\/fr\/wp-json\/wp\/v2\/users\/1"}],"replies":[{"embeddable":true,"href":"https:\/\/hypothequerapide.com\/fr\/wp-json\/wp\/v2\/comments?post=14326"}],"version-history":[{"count":32,"href":"https:\/\/hypothequerapide.com\/fr\/wp-json\/wp\/v2\/pages\/14326\/revisions"}],"predecessor-version":[{"id":14718,"href":"https:\/\/hypothequerapide.com\/fr\/wp-json\/wp\/v2\/pages\/14326\/revisions\/14718"}],"up":[{"embeddable":true,"href":"https:\/\/hypothequerapide.com\/fr\/wp-json\/wp\/v2\/pages\/14359"}],"wp:attachment":[{"href":"https:\/\/hypothequerapide.com\/fr\/wp-json\/wp\/v2\/media?parent=14326"}],"curies":[{"name":"wp","href":"https:\/\/api.w.org\/{rel}","templated":true}]}}