{"id":15573,"date":"2024-06-07T00:00:17","date_gmt":"2024-06-07T00:00:17","guid":{"rendered":"https:\/\/hypothequerapide.com\/?page_id=15573"},"modified":"2024-06-11T04:12:13","modified_gmt":"2024-06-11T04:12:13","slug":"calculatrice-hypothecaire","status":"publish","type":"page","link":"https:\/\/hypothequerapide.com\/fr\/calculatrice-hypothecaire","title":{"rendered":"Calculatrice hypoth\u00e9caire"},"content":{"rendered":"\t\t<div data-elementor-type=\"wp-page\" data-elementor-id=\"15573\" class=\"elementor elementor-15573\" data-elementor-post-type=\"page\">\n\t\t\t\t<div class=\"elementor-element elementor-element-a773101 e-flex e-con-boxed e-con e-parent\" data-id=\"a773101\" data-element_type=\"container\" data-settings=\"{&quot;background_background&quot;:&quot;classic&quot;}\">\n\t\t\t\t\t<div class=\"e-con-inner\">\n\t\t\t\t<div class=\"elementor-element elementor-element-4bb2baa elementor-widget elementor-widget-heading\" data-id=\"4bb2baa\" data-element_type=\"widget\" data-widget_type=\"heading.default\">\n\t\t\t\t<div class=\"elementor-widget-container\">\n\t\t\t\t\t<h2 class=\"elementor-heading-title elementor-size-default\">Calculatrice hypoth\u00e9caire<\/h2>\t\t\t\t<\/div>\n\t\t\t\t<\/div>\n\t\t\t\t\t<\/div>\n\t\t\t\t<\/div>\n\t\t<div class=\"elementor-element elementor-element-b490332 e-flex e-con-boxed e-con e-parent\" data-id=\"b490332\" data-element_type=\"container\" data-settings=\"{&quot;background_background&quot;:&quot;classic&quot;}\">\n\t\t\t\t\t<div class=\"e-con-inner\">\n\t\t\t\t<div class=\"elementor-element elementor-element-4863734 elementor-widget elementor-widget-heading\" data-id=\"4863734\" data-element_type=\"widget\" data-widget_type=\"heading.default\">\n\t\t\t\t<div class=\"elementor-widget-container\">\n\t\t\t\t\t<h2 class=\"elementor-heading-title elementor-size-default\"><span class=\"underline\">Calculatrice hypoth\u00e9caire<\/span>\n\n<\/h2>\t\t\t\t<\/div>\n\t\t\t\t<\/div>\n\t\t\t\t<div class=\"elementor-element elementor-element-d641ecb elementor-widget elementor-widget-html\" data-id=\"d641ecb\" data-element_type=\"widget\" id=\"calculator\" data-widget_type=\"html.default\">\n\t\t\t\t<div class=\"elementor-widget-container\">\n\t\t\t\t\t<div id=\"calculator\"><\/div>\t\t\t\t<\/div>\n\t\t\t\t<\/div>\n\t\t\t\t<div class=\"elementor-element elementor-element-7f641b0 elementor-widget__width-initial elementor-widget elementor-widget-text-editor\" data-id=\"7f641b0\" data-element_type=\"widget\" data-widget_type=\"text-editor.default\">\n\t\t\t\t<div class=\"elementor-widget-container\">\n\t\t\t\t\t\t\t\t\t<p>La p\u00e9riode d\u2019amortissement est le nombre d\u2019ann\u00e9es d\u00e9termin\u00e9 qui vous sera n\u00e9cessaire \u00e0 rembourser compl\u00e8tement votre pr\u00eat hypoth\u00e9caire (capital et int\u00e9r\u00eats). Celui-ci est indiqu\u00e9 sur votre contrat hypoth\u00e9caire. Certaines institutions financi\u00e8res permettent \u00e0 leurs clients d\u2019opter pour un amortissement s\u2019\u00e9tendant jusqu\u2019\u00e0 30 ans.<\/p><p>Notez que plus la p\u00e9riode d\u2019amortissement est longue, plus vous aurez la possibilit\u00e9 de minimiser vos mensualit\u00e9s (mais vous paierez plus d\u2019int\u00e9r\u00eats). \u00c0 l\u2019inverse, plus l\u2019amortissement est \u00e9tabli sur une courte p\u00e9riode, plus vos versements mensuels seront \u00e9lev\u00e9s (mais vous \u00e9conomiserez des sommes importantes en int\u00e9r\u00eats).<\/p><p>\u00c0 l\u2019\u00e9ch\u00e9ance de votre terme, il vous sera possible de revoir la p\u00e9riode d\u2019amortissement \u00e0 la baisse, au besoin.<\/p><p><strong>L\u2019avantage Multi-Pr\u00eats<\/strong><\/p><p>Nos courtiers vous aideront \u00e0 d\u00e9terminer la p\u00e9riode d\u2019amortissement id\u00e9ale. Notre objectif est que vous payiez le moins d\u2019int\u00e9r\u00eat possible, tout en ayant des mensualit\u00e9s qui respectent votre budget.<\/p>\t\t\t\t\t\t\t\t<\/div>\n\t\t\t\t<\/div>\n\t\t\t\t\t<\/div>\n\t\t\t\t<\/div>\n\t\t\t\t<\/div>\n\t\t","protected":false},"excerpt":{"rendered":"<p>Calculatrice hypoth\u00e9caire Calculatrice hypoth\u00e9caire La p\u00e9riode d\u2019amortissement est le nombre d\u2019ann\u00e9es d\u00e9termin\u00e9 qui vous sera n\u00e9cessaire \u00e0 rembourser compl\u00e8tement votre pr\u00eat hypoth\u00e9caire (capital et int\u00e9r\u00eats). Celui-ci est indiqu\u00e9 sur votre contrat hypoth\u00e9caire. Certaines institutions financi\u00e8res permettent \u00e0 leurs clients d\u2019opter pour un amortissement s\u2019\u00e9tendant jusqu\u2019\u00e0 30 ans. Notez que plus la p\u00e9riode d\u2019amortissement est longue, [&hellip;]<\/p>\n","protected":false},"author":1,"featured_media":0,"parent":0,"menu_order":0,"comment_status":"closed","ping_status":"closed","template":"elementor_header_footer","meta":{"_acf_changed":false,"inline_featured_image":false,"footnotes":""},"class_list":["post-15573","page","type-page","status-publish","hentry","no-post-thumbnail"],"acf":[],"yoast_head":"<!-- This site is optimized with the Yoast SEO plugin v26.6 - https:\/\/yoast.com\/wordpress\/plugins\/seo\/ -->\n<title>Multi-Pr\u00eats MR | \u00c9quipe Mathieu Lebrun | Calculatrice hypoth\u00e9caire<\/title>\n<meta name=\"description\" content=\"Calculatrice Hypoth\u00e9caire: comparer vos paiements hypoth\u00e9caires avec Multi-Pr\u00eats versus les taux affich\u00e9s par les Banques\" \/>\n<meta name=\"robots\" content=\"index, follow, max-snippet:-1, max-image-preview:large, max-video-preview:-1\" \/>\n<link rel=\"canonical\" href=\"https:\/\/hypothequerapide.com\/fr\/calculatrice-hypothecaire\" \/>\n<meta property=\"og:locale\" content=\"fr_FR\" \/>\n<meta property=\"og:type\" content=\"article\" \/>\n<meta property=\"og:title\" content=\"Multi-Pr\u00eats MR | \u00c9quipe Mathieu Lebrun | Calculatrice hypoth\u00e9caire\" \/>\n<meta property=\"og:description\" content=\"Calculatrice Hypoth\u00e9caire: comparer vos paiements hypoth\u00e9caires avec Multi-Pr\u00eats versus les taux affich\u00e9s par les Banques\" \/>\n<meta property=\"og:url\" content=\"https:\/\/hypothequerapide.com\/fr\/calculatrice-hypothecaire\" \/>\n<meta property=\"og:site_name\" content=\"Multi-Pr\u00eats MR \u00c9quipe Mathieu Lebrun\" \/>\n<meta property=\"article:modified_time\" content=\"2024-06-11T04:12:13+00:00\" \/>\n<meta name=\"twitter:card\" content=\"summary_large_image\" \/>\n<meta name=\"twitter:label1\" content=\"Dur\u00e9e de lecture estim\u00e9e\" \/>\n\t<meta name=\"twitter:data1\" content=\"1 minute\" \/>\n<script type=\"application\/ld+json\" class=\"yoast-schema-graph\">{\"@context\":\"https:\/\/schema.org\",\"@graph\":[{\"@type\":\"WebPage\",\"@id\":\"https:\/\/hypothequerapide.com\/fr\/calculatrice-hypothecaire\",\"url\":\"https:\/\/hypothequerapide.com\/fr\/calculatrice-hypothecaire\",\"name\":\"Multi-Pr\u00eats MR | \u00c9quipe Mathieu Lebrun | Calculatrice hypoth\u00e9caire\",\"isPartOf\":{\"@id\":\"\/#website\"},\"datePublished\":\"2024-06-07T00:00:17+00:00\",\"dateModified\":\"2024-06-11T04:12:13+00:00\",\"description\":\"Calculatrice Hypoth\u00e9caire: comparer vos paiements hypoth\u00e9caires avec Multi-Pr\u00eats versus les taux affich\u00e9s par les Banques\",\"breadcrumb\":{\"@id\":\"https:\/\/hypothequerapide.com\/fr\/calculatrice-hypothecaire#breadcrumb\"},\"inLanguage\":\"fr-FR\",\"potentialAction\":[{\"@type\":\"ReadAction\",\"target\":[\"https:\/\/hypothequerapide.com\/fr\/calculatrice-hypothecaire\"]}]},{\"@type\":\"BreadcrumbList\",\"@id\":\"https:\/\/hypothequerapide.com\/fr\/calculatrice-hypothecaire#breadcrumb\",\"itemListElement\":[{\"@type\":\"ListItem\",\"position\":1,\"name\":\"Accueil\",\"item\":\"https:\/\/hypothequerapide.com\/fr\"},{\"@type\":\"ListItem\",\"position\":2,\"name\":\"Calculatrice hypoth\u00e9caire\"}]},{\"@type\":\"WebSite\",\"@id\":\"\/#website\",\"url\":\"\/\",\"name\":\"Multi-Pr\u00eats MR \u00c9quipe Mathieu Lebrun\",\"description\":\"\",\"publisher\":{\"@id\":\"\/#organization\"},\"potentialAction\":[{\"@type\":\"SearchAction\",\"target\":{\"@type\":\"EntryPoint\",\"urlTemplate\":\"\/?s={search_term_string}\"},\"query-input\":{\"@type\":\"PropertyValueSpecification\",\"valueRequired\":true,\"valueName\":\"search_term_string\"}}],\"inLanguage\":\"fr-FR\"},{\"@type\":\"Organization\",\"@id\":\"\/#organization\",\"name\":\"Multi-Pr\u00eats MR \u00c9quipe Mathieu Lebrun\",\"url\":\"\/\",\"logo\":{\"@type\":\"ImageObject\",\"inLanguage\":\"fr-FR\",\"@id\":\"\/#\/schema\/logo\/image\/\",\"url\":\"https:\/\/hypothequerapide.com\/wp-content\/uploads\/2024\/04\/27765.png\",\"contentUrl\":\"https:\/\/hypothequerapide.com\/wp-content\/uploads\/2024\/04\/27765.png\",\"width\":160,\"height\":84,\"caption\":\"Multi-Pr\u00eats MR \u00c9quipe Mathieu Lebrun\"},\"image\":{\"@id\":\"\/#\/schema\/logo\/image\/\"}}]}<\/script>\n<!-- \/ Yoast SEO plugin. -->","yoast_head_json":{"title":"Multi-Pr\u00eats MR | \u00c9quipe Mathieu Lebrun | Calculatrice hypoth\u00e9caire","description":"Calculatrice Hypoth\u00e9caire: comparer vos paiements hypoth\u00e9caires avec Multi-Pr\u00eats versus les taux affich\u00e9s par les Banques","robots":{"index":"index","follow":"follow","max-snippet":"max-snippet:-1","max-image-preview":"max-image-preview:large","max-video-preview":"max-video-preview:-1"},"canonical":"https:\/\/hypothequerapide.com\/fr\/calculatrice-hypothecaire","og_locale":"fr_FR","og_type":"article","og_title":"Multi-Pr\u00eats MR | \u00c9quipe Mathieu Lebrun | Calculatrice hypoth\u00e9caire","og_description":"Calculatrice Hypoth\u00e9caire: comparer vos paiements hypoth\u00e9caires avec Multi-Pr\u00eats versus les taux affich\u00e9s par les Banques","og_url":"https:\/\/hypothequerapide.com\/fr\/calculatrice-hypothecaire","og_site_name":"Multi-Pr\u00eats MR \u00c9quipe Mathieu Lebrun","article_modified_time":"2024-06-11T04:12:13+00:00","twitter_card":"summary_large_image","twitter_misc":{"Dur\u00e9e de lecture estim\u00e9e":"1 minute"},"schema":{"@context":"https:\/\/schema.org","@graph":[{"@type":"WebPage","@id":"https:\/\/hypothequerapide.com\/fr\/calculatrice-hypothecaire","url":"https:\/\/hypothequerapide.com\/fr\/calculatrice-hypothecaire","name":"Multi-Pr\u00eats MR | \u00c9quipe Mathieu Lebrun | Calculatrice hypoth\u00e9caire","isPartOf":{"@id":"\/#website"},"datePublished":"2024-06-07T00:00:17+00:00","dateModified":"2024-06-11T04:12:13+00:00","description":"Calculatrice Hypoth\u00e9caire: comparer vos paiements hypoth\u00e9caires avec Multi-Pr\u00eats versus les taux affich\u00e9s par les Banques","breadcrumb":{"@id":"https:\/\/hypothequerapide.com\/fr\/calculatrice-hypothecaire#breadcrumb"},"inLanguage":"fr-FR","potentialAction":[{"@type":"ReadAction","target":["https:\/\/hypothequerapide.com\/fr\/calculatrice-hypothecaire"]}]},{"@type":"BreadcrumbList","@id":"https:\/\/hypothequerapide.com\/fr\/calculatrice-hypothecaire#breadcrumb","itemListElement":[{"@type":"ListItem","position":1,"name":"Accueil","item":"https:\/\/hypothequerapide.com\/fr"},{"@type":"ListItem","position":2,"name":"Calculatrice hypoth\u00e9caire"}]},{"@type":"WebSite","@id":"\/#website","url":"\/","name":"Multi-Pr\u00eats MR \u00c9quipe Mathieu Lebrun","description":"","publisher":{"@id":"\/#organization"},"potentialAction":[{"@type":"SearchAction","target":{"@type":"EntryPoint","urlTemplate":"\/?s={search_term_string}"},"query-input":{"@type":"PropertyValueSpecification","valueRequired":true,"valueName":"search_term_string"}}],"inLanguage":"fr-FR"},{"@type":"Organization","@id":"\/#organization","name":"Multi-Pr\u00eats MR \u00c9quipe Mathieu Lebrun","url":"\/","logo":{"@type":"ImageObject","inLanguage":"fr-FR","@id":"\/#\/schema\/logo\/image\/","url":"https:\/\/hypothequerapide.com\/wp-content\/uploads\/2024\/04\/27765.png","contentUrl":"https:\/\/hypothequerapide.com\/wp-content\/uploads\/2024\/04\/27765.png","width":160,"height":84,"caption":"Multi-Pr\u00eats MR \u00c9quipe Mathieu Lebrun"},"image":{"@id":"\/#\/schema\/logo\/image\/"}}]}},"_links":{"self":[{"href":"https:\/\/hypothequerapide.com\/fr\/wp-json\/wp\/v2\/pages\/15573","targetHints":{"allow":["GET"]}}],"collection":[{"href":"https:\/\/hypothequerapide.com\/fr\/wp-json\/wp\/v2\/pages"}],"about":[{"href":"https:\/\/hypothequerapide.com\/fr\/wp-json\/wp\/v2\/types\/page"}],"author":[{"embeddable":true,"href":"https:\/\/hypothequerapide.com\/fr\/wp-json\/wp\/v2\/users\/1"}],"replies":[{"embeddable":true,"href":"https:\/\/hypothequerapide.com\/fr\/wp-json\/wp\/v2\/comments?post=15573"}],"version-history":[{"count":13,"href":"https:\/\/hypothequerapide.com\/fr\/wp-json\/wp\/v2\/pages\/15573\/revisions"}],"predecessor-version":[{"id":15915,"href":"https:\/\/hypothequerapide.com\/fr\/wp-json\/wp\/v2\/pages\/15573\/revisions\/15915"}],"wp:attachment":[{"href":"https:\/\/hypothequerapide.com\/fr\/wp-json\/wp\/v2\/media?parent=15573"}],"curies":[{"name":"wp","href":"https:\/\/api.w.org\/{rel}","templated":true}]}}